{"id":153724,"date":"2024-05-15T11:52:11","date_gmt":"2024-05-15T09:52:11","guid":{"rendered":"https:\/\/pgwear.net\/p\/aw24-t-shirt-dish-of-the-day-beige\/"},"modified":"2026-03-17T14:32:47","modified_gmt":"2026-03-17T13:32:47","slug":"t-shirt-dish-of-the-day-beige","status":"publish","type":"product","link":"https:\/\/pgwear.net\/pl\/p\/t-shirt-dish-of-the-day-beige\/","title":{"rendered":"T-shirt &#8220;Dish of the day&#8221; Beige"},"content":{"rendered":"<p>Ten duet \u2013 gor\u0105ca kie\u0142basa i zimne piwo to ponadczasowy stadionowy klasyk! Za\u0142\u00f3\u017c t\u0119 koszulk\u0119 od PGWEAR i dumnie no\u015b j\u0105 zar\u00f3wno na ulicy jak i na stadionie!<\/p>\n","protected":false},"excerpt":{"rendered":"<p>Ten duet \u2013 gor\u0105ca kie\u0142basa i zimne piwo to ponadczasowy stadionowy klasyk! Za\u0142\u00f3\u017c t\u0119 koszulk\u0119 od PGWEAR i dumnie no\u015b j\u0105 zar\u00f3wno na ulicy jak i na stadionie!<\/p>\n","protected":false},"featured_media":164927,"template":"","meta":{"_acf_changed":false},"product_brand":[],"product_cat":[372],"product_tag":[3182,3277],"class_list":{"0":"post-153724","1":"product","2":"type-product","3":"status-publish","4":"has-post-thumbnail","6":"product_cat-t-shirty","7":"product_tag-aw24","8":"product_tag-ostatnie-sztuki","9":"pa_gramatura-180-gr-m2","10":"pa_kolekcja-jesien-zima-2024","11":"pa_kolor-bezowy","12":"pa_kroj-klasyczny","13":"pa_material-100-bawelna","14":"pa_nadruk-duzy-nadruk-na-plecach","15":"pa_nadruk-nadruk-na-sercu","16":"pa_rozmiar-l","17":"pa_rozmiar-m","18":"pa_rozmiar-s","19":"pa_rozmiar-xl","20":"pa_rozmiar-xxl","21":"pa_rozmiar-xxxl","22":"feature-motyw-piwa","24":"first","25":"outofstock","26":"taxable","27":"shipping-taxable","28":"product-type-variable"},"acf":[],"_links":{"self":[{"href":"https:\/\/pgwear.net\/pl\/wp-json\/wp\/v2\/product\/153724","targetHints":{"allow":["GET"]}}],"collection":[{"href":"https:\/\/pgwear.net\/pl\/wp-json\/wp\/v2\/product"}],"about":[{"href":"https:\/\/pgwear.net\/pl\/wp-json\/wp\/v2\/types\/product"}],"wp:featuredmedia":[{"embeddable":true,"href":"https:\/\/pgwear.net\/pl\/wp-json\/wp\/v2\/media\/164927"}],"wp:attachment":[{"href":"https:\/\/pgwear.net\/pl\/wp-json\/wp\/v2\/media?parent=153724"}],"wp:term":[{"taxonomy":"product_brand","embeddable":true,"href":"https:\/\/pgwear.net\/pl\/wp-json\/wp\/v2\/product_brand?post=153724"},{"taxonomy":"product_cat","embeddable":true,"href":"https:\/\/pgwear.net\/pl\/wp-json\/wp\/v2\/product_cat?post=153724"},{"taxonomy":"product_tag","embeddable":true,"href":"https:\/\/pgwear.net\/pl\/wp-json\/wp\/v2\/product_tag?post=153724"}],"curies":[{"name":"wp","href":"https:\/\/api.w.org\/{rel}","templated":true}]}}