{"id":153738,"date":"2024-05-15T11:52:19","date_gmt":"2024-05-15T09:52:19","guid":{"rendered":"https:\/\/pgwear.net\/p\/aw24-t-shirt-reflection-black\/"},"modified":"2026-04-20T12:33:28","modified_gmt":"2026-04-20T10:33:28","slug":"t-shirt-reflection-black","status":"publish","type":"product","link":"https:\/\/pgwear.net\/pl\/p\/t-shirt-reflection-black\/","title":{"rendered":"T-shirt &#8220;Reflection&#8221; Black"},"content":{"rendered":"<p>Stw\u00f3rz w\u0142asny zestaw podstawowych ubra\u0144 z PGWEAR! Swobodny, ca\u0142kowicie minimalistyczny bawe\u0142niany T-shirt ozdobiony naszym odblaskowym logo z przodu. Ten element garderoby to idealny element garderoby ka\u017cdego fana pi\u0142ki no\u017cnej (i nie tylko !) idealny do noszenia na ulicy, stadionie i wsz\u0119dzie indziej!<\/p>\n","protected":false},"excerpt":{"rendered":"<p>Stw\u00f3rz w\u0142asny zestaw podstawowych ubra\u0144 z PGWEAR! Swobodny, ca\u0142kowicie minimalistyczny bawe\u0142niany T-shirt ozdobiony naszym odblaskowym logo z przodu. Ten element garderoby to idealny element garderoby ka\u017cdego fana pi\u0142ki no\u017cnej (i nie tylko !) idealny do noszenia na ulicy, stadionie i wsz\u0119dzie indziej!<\/p>\n","protected":false},"featured_media":164849,"template":"","meta":{"_acf_changed":false},"product_brand":[],"product_cat":[3496,372],"product_tag":[3182,3277],"class_list":{"0":"post-153738","1":"product","2":"type-product","3":"status-publish","4":"has-post-thumbnail","6":"product_cat-casual","7":"product_cat-t-shirty","8":"product_tag-aw24","9":"product_tag-ostatnie-sztuki","10":"pa_gramatura-180-gr-m2","11":"pa_kolekcja-jesien-zima-2024","12":"pa_kolor-czarny","13":"pa_kroj-klasyczny","14":"pa_material-100-bawelna","15":"pa_nadruk-duzy-nadruk-na-klatce-piersiowej","16":"pa_rozmiar-l","17":"pa_rozmiar-m","18":"pa_rozmiar-s","19":"pa_rozmiar-xl","20":"pa_rozmiar-xxl","21":"pa_rozmiar-xxxl","22":"feature-odziez-fluorescencyjna","24":"first","25":"instock","26":"sale","27":"taxable","28":"shipping-taxable","29":"purchasable","30":"product-type-variable"},"acf":[],"_links":{"self":[{"href":"https:\/\/pgwear.net\/pl\/wp-json\/wp\/v2\/product\/153738","targetHints":{"allow":["GET"]}}],"collection":[{"href":"https:\/\/pgwear.net\/pl\/wp-json\/wp\/v2\/product"}],"about":[{"href":"https:\/\/pgwear.net\/pl\/wp-json\/wp\/v2\/types\/product"}],"wp:featuredmedia":[{"embeddable":true,"href":"https:\/\/pgwear.net\/pl\/wp-json\/wp\/v2\/media\/164849"}],"wp:attachment":[{"href":"https:\/\/pgwear.net\/pl\/wp-json\/wp\/v2\/media?parent=153738"}],"wp:term":[{"taxonomy":"product_brand","embeddable":true,"href":"https:\/\/pgwear.net\/pl\/wp-json\/wp\/v2\/product_brand?post=153738"},{"taxonomy":"product_cat","embeddable":true,"href":"https:\/\/pgwear.net\/pl\/wp-json\/wp\/v2\/product_cat?post=153738"},{"taxonomy":"product_tag","embeddable":true,"href":"https:\/\/pgwear.net\/pl\/wp-json\/wp\/v2\/product_tag?post=153738"}],"curies":[{"name":"wp","href":"https:\/\/api.w.org\/{rel}","templated":true}]}}