{"id":153752,"date":"2024-05-15T11:52:40","date_gmt":"2024-05-15T09:52:40","guid":{"rendered":"https:\/\/pgwear.net\/p\/aw24-t-shirt-inscription-navy\/"},"modified":"2026-03-17T14:32:42","modified_gmt":"2026-03-17T13:32:42","slug":"t-shirt-inscription-navy","status":"publish","type":"product","link":"https:\/\/pgwear.net\/pl\/p\/t-shirt-inscription-navy\/","title":{"rendered":"T-shirt &#8220;Inscription&#8221; Navy"},"content":{"rendered":"<p>Du\u017ce, ultrastylowe nadruki nigdy nie wychodz\u0105 z mody, zar\u00f3wno na ulicy jak i na stadionie! Dlatego prezentujemy klasyczny T-shirt z has\u0142em PGWEAR na plecach! No\u015b go z dum\u0105! Wybierz sw\u00f3j ulubiony kolor z czterech dost\u0119pnych!<\/p>\n","protected":false},"excerpt":{"rendered":"<p>Du\u017ce, ultrastylowe nadruki nigdy nie wychodz\u0105 z mody, zar\u00f3wno na ulicy jak i na stadionie! Dlatego prezentujemy klasyczny T-shirt z has\u0142em PGWEAR na plecach! No\u015b go z dum\u0105! Wybierz sw\u00f3j ulubiony kolor z czterech dost\u0119pnych!<\/p>\n","protected":false},"featured_media":164819,"template":"","meta":{"_acf_changed":false},"product_brand":[],"product_cat":[372],"product_tag":[3182,3277],"class_list":{"0":"post-153752","1":"product","2":"type-product","3":"status-publish","4":"has-post-thumbnail","6":"product_cat-t-shirty","7":"product_tag-aw24","8":"product_tag-ostatnie-sztuki","9":"pa_gramatura-180-gr-m2","10":"pa_kolekcja-jesien-zima-2024","11":"pa_kolor-granatowy","12":"pa_kroj-klasyczny","13":"pa_material-100-bawelna","14":"pa_nadruk-duzy-nadruk-na-plecach","15":"pa_rozmiar-l","16":"pa_rozmiar-m","17":"pa_rozmiar-s","18":"pa_rozmiar-xl","19":"pa_rozmiar-xxl","20":"pa_rozmiar-xxxl","22":"first","23":"outofstock","24":"taxable","25":"shipping-taxable","26":"product-type-variable"},"acf":[],"_links":{"self":[{"href":"https:\/\/pgwear.net\/pl\/wp-json\/wp\/v2\/product\/153752","targetHints":{"allow":["GET"]}}],"collection":[{"href":"https:\/\/pgwear.net\/pl\/wp-json\/wp\/v2\/product"}],"about":[{"href":"https:\/\/pgwear.net\/pl\/wp-json\/wp\/v2\/types\/product"}],"wp:featuredmedia":[{"embeddable":true,"href":"https:\/\/pgwear.net\/pl\/wp-json\/wp\/v2\/media\/164819"}],"wp:attachment":[{"href":"https:\/\/pgwear.net\/pl\/wp-json\/wp\/v2\/media?parent=153752"}],"wp:term":[{"taxonomy":"product_brand","embeddable":true,"href":"https:\/\/pgwear.net\/pl\/wp-json\/wp\/v2\/product_brand?post=153752"},{"taxonomy":"product_cat","embeddable":true,"href":"https:\/\/pgwear.net\/pl\/wp-json\/wp\/v2\/product_cat?post=153752"},{"taxonomy":"product_tag","embeddable":true,"href":"https:\/\/pgwear.net\/pl\/wp-json\/wp\/v2\/product_tag?post=153752"}],"curies":[{"name":"wp","href":"https:\/\/api.w.org\/{rel}","templated":true}]}}