{"id":153773,"date":"2024-05-15T11:52:59","date_gmt":"2024-05-15T09:52:59","guid":{"rendered":"https:\/\/pgwear.net\/p\/aw24-t-shirt-no-tickets-black\/"},"modified":"2026-03-30T12:55:28","modified_gmt":"2026-03-30T10:55:28","slug":"t-shirt-no-tickets-black","status":"publish","type":"product","link":"https:\/\/pgwear.net\/pl\/p\/t-shirt-no-tickets-black\/","title":{"rendered":"T-shirt &#8220;No Tickets&#8221; Black"},"content":{"rendered":"<p>Du\u017ce ultrastylowe nadruki nigdy nie wychodz\u0105 z mody, zar\u00f3wno z ulicy jak i stadionu! Dlatego prezentujemy klasyczn\u0105 koszulk\u0119 z nadrukiem na plecach! Tym razem dedykujemy j\u0105 jednemu z pomys\u0142\u00f3w szeroko rozpowszechnionych w\u015br\u00f3d kibic\u00f3w ni\u017cszych lig obecnie lub tych z wy\u017cszych lig kilka lat temu -NO TICKETS NO PROBLEM !<\/p>\n","protected":false},"excerpt":{"rendered":"<p>Du\u017ce ultrastylowe nadruki nigdy nie wychodz\u0105 z mody, zar\u00f3wno z ulicy jak i stadionu! Dlatego prezentujemy klasyczn\u0105 koszulk\u0119 z nadrukiem na plecach! Tym razem dedykujemy j\u0105 jednemu z pomys\u0142\u00f3w szeroko rozpowszechnionych w\u015br\u00f3d kibic\u00f3w ni\u017cszych lig obecnie lub tych z wy\u017cszych lig kilka lat temu -NO TICKETS NO PROBLEM !<\/p>\n","protected":false},"featured_media":164774,"template":"","meta":{"_acf_changed":false},"product_brand":[],"product_cat":[372],"product_tag":[3182],"class_list":{"0":"post-153773","1":"product","2":"type-product","3":"status-publish","4":"has-post-thumbnail","6":"product_cat-t-shirty","7":"product_tag-aw24","8":"pa_gramatura-180-gr-m2","9":"pa_kolekcja-jesien-zima-2024","10":"pa_kolor-czarny","11":"pa_kroj-klasyczny","12":"pa_material-100-bawelna","13":"pa_nadruk-duzy-nadruk-na-klatce-piersiowej","14":"pa_nadruk-duzy-nadruk-na-plecach","15":"pa_rozmiar-l","16":"pa_rozmiar-m","17":"pa_rozmiar-s","18":"pa_rozmiar-xl","19":"pa_rozmiar-xxl","20":"pa_rozmiar-xxxl","22":"first","23":"instock","24":"taxable","25":"shipping-taxable","26":"purchasable","27":"product-type-variable"},"acf":[],"_links":{"self":[{"href":"https:\/\/pgwear.net\/pl\/wp-json\/wp\/v2\/product\/153773","targetHints":{"allow":["GET"]}}],"collection":[{"href":"https:\/\/pgwear.net\/pl\/wp-json\/wp\/v2\/product"}],"about":[{"href":"https:\/\/pgwear.net\/pl\/wp-json\/wp\/v2\/types\/product"}],"wp:featuredmedia":[{"embeddable":true,"href":"https:\/\/pgwear.net\/pl\/wp-json\/wp\/v2\/media\/164774"}],"wp:attachment":[{"href":"https:\/\/pgwear.net\/pl\/wp-json\/wp\/v2\/media?parent=153773"}],"wp:term":[{"taxonomy":"product_brand","embeddable":true,"href":"https:\/\/pgwear.net\/pl\/wp-json\/wp\/v2\/product_brand?post=153773"},{"taxonomy":"product_cat","embeddable":true,"href":"https:\/\/pgwear.net\/pl\/wp-json\/wp\/v2\/product_cat?post=153773"},{"taxonomy":"product_tag","embeddable":true,"href":"https:\/\/pgwear.net\/pl\/wp-json\/wp\/v2\/product_tag?post=153773"}],"curies":[{"name":"wp","href":"https:\/\/api.w.org\/{rel}","templated":true}]}}