{"id":153787,"date":"2024-05-15T11:53:10","date_gmt":"2024-05-15T09:53:10","guid":{"rendered":"https:\/\/pgwear.net\/p\/aw24-track-top-chief-navy\/"},"modified":"2026-03-06T12:05:22","modified_gmt":"2026-03-06T11:05:22","slug":"track-top-chief-navy","status":"publish","type":"product","link":"https:\/\/pgwear.net\/pl\/p\/track-top-chief-navy\/","title":{"rendered":"Track Top &#8220;Chief&#8221; Navy"},"content":{"rendered":"<p>Inspirowany mod\u0105 casualow\u0105 lat 80. ten element ubioru powraca w nowej ods\u0142onie! Sportowa i elegancka jednocze\u015bnie, kurtka poliestrowa od PGWEAR b\u0119dzie \u015bwietnie wygl\u0105da\u0107 w ka\u017cdym wydaniu, zar\u00f3wno w domu, jak i w podr\u00f3\u017cy!<\/p>\n","protected":false},"excerpt":{"rendered":"<p>Inspirowany mod\u0105 casualow\u0105 lat 80. ten element ubioru powraca w nowej ods\u0142onie! Sportowa i elegancka jednocze\u015bnie, kurtka poliestrowa od PGWEAR b\u0119dzie \u015bwietnie wygl\u0105da\u0107 w ka\u017cdym wydaniu, zar\u00f3wno w domu, jak i w podr\u00f3\u017cy!<\/p>\n","protected":false},"featured_media":164746,"template":"","meta":{"_acf_changed":false},"product_brand":[],"product_cat":[371,3492],"product_tag":[3182,3277],"class_list":{"0":"post-153787","1":"product","2":"type-product","3":"status-publish","4":"has-post-thumbnail","6":"product_cat-bluzy","7":"product_cat-track-topy","8":"product_tag-aw24","9":"product_tag-ostatnie-sztuki","10":"pa_gramatura-280-gr-m2","11":"pa_kolekcja-jesien-zima-2024","12":"pa_kolor-granatowy","13":"pa_kroj-klasyczny","14":"pa_material-100-poliester","15":"pa_rozmiar-l","16":"pa_rozmiar-m","17":"pa_rozmiar-s","18":"pa_rozmiar-xl","19":"pa_rozmiar-xxl","20":"pa_rozmiar-xxxl","22":"first","23":"outofstock","24":"taxable","25":"shipping-taxable","26":"product-type-variable"},"acf":[],"_links":{"self":[{"href":"https:\/\/pgwear.net\/pl\/wp-json\/wp\/v2\/product\/153787","targetHints":{"allow":["GET"]}}],"collection":[{"href":"https:\/\/pgwear.net\/pl\/wp-json\/wp\/v2\/product"}],"about":[{"href":"https:\/\/pgwear.net\/pl\/wp-json\/wp\/v2\/types\/product"}],"wp:featuredmedia":[{"embeddable":true,"href":"https:\/\/pgwear.net\/pl\/wp-json\/wp\/v2\/media\/164746"}],"wp:attachment":[{"href":"https:\/\/pgwear.net\/pl\/wp-json\/wp\/v2\/media?parent=153787"}],"wp:term":[{"taxonomy":"product_brand","embeddable":true,"href":"https:\/\/pgwear.net\/pl\/wp-json\/wp\/v2\/product_brand?post=153787"},{"taxonomy":"product_cat","embeddable":true,"href":"https:\/\/pgwear.net\/pl\/wp-json\/wp\/v2\/product_cat?post=153787"},{"taxonomy":"product_tag","embeddable":true,"href":"https:\/\/pgwear.net\/pl\/wp-json\/wp\/v2\/product_tag?post=153787"}],"curies":[{"name":"wp","href":"https:\/\/api.w.org\/{rel}","templated":true}]}}