{"id":153801,"date":"2024-05-15T11:53:25","date_gmt":"2024-05-15T09:53:25","guid":{"rendered":"https:\/\/pgwear.net\/p\/aw24-bluza-logo-black\/"},"modified":"2026-03-20T11:45:11","modified_gmt":"2026-03-20T10:45:11","slug":"bluza-logo-black","status":"publish","type":"product","link":"https:\/\/pgwear.net\/pl\/p\/bluza-logo-black\/","title":{"rendered":"Bluza &#8220;Logo&#8221; Black"},"content":{"rendered":"<p>Logomania w najlepszym wydaniu, je\u015bli chodzi o pi\u0142k\u0119 no\u017cn\u0105, piro, emocje i najwy\u017cszej jako\u015bci ubrania od PGWEAR! Wiesz, \u017ce mo\u017cesz nosi\u0107 nasze logo z dum\u0105 na ulicy i na stadionie!<\/p>\n","protected":false},"excerpt":{"rendered":"<p>Logomania w najlepszym wydaniu, je\u015bli chodzi o pi\u0142k\u0119 no\u017cn\u0105, piro, emocje i najwy\u017cszej jako\u015bci ubrania od PGWEAR! Wiesz, \u017ce mo\u017cesz nosi\u0107 nasze logo z dum\u0105 na ulicy i na stadionie!<\/p>\n","protected":false},"featured_media":164719,"template":"","meta":{"_acf_changed":false},"product_brand":[],"product_cat":[371,3491],"product_tag":[3182,3277],"class_list":{"0":"post-153801","1":"product","2":"type-product","3":"status-publish","4":"has-post-thumbnail","6":"product_cat-bluzy","7":"product_cat-bluzy-bez-kaptura","8":"product_tag-aw24","9":"product_tag-ostatnie-sztuki","10":"pa_gramatura-280-gr-m2","11":"pa_kolekcja-jesien-zima-2024","12":"pa_kolor-czarny","13":"pa_kroj-raglan","14":"pa_material-100-bawelna","15":"pa_nadruk-duzy-nadruk-na-klatce-piersiowej","16":"pa_rozmiar-l","17":"pa_rozmiar-m","18":"pa_rozmiar-s","19":"pa_rozmiar-xl","20":"pa_rozmiar-xxl","21":"pa_rozmiar-xxxl","22":"feature-motyw-gryfa","23":"feature-motyw-pyro","25":"first","26":"instock","27":"sale","28":"taxable","29":"shipping-taxable","30":"purchasable","31":"product-type-variable"},"acf":[],"_links":{"self":[{"href":"https:\/\/pgwear.net\/pl\/wp-json\/wp\/v2\/product\/153801","targetHints":{"allow":["GET"]}}],"collection":[{"href":"https:\/\/pgwear.net\/pl\/wp-json\/wp\/v2\/product"}],"about":[{"href":"https:\/\/pgwear.net\/pl\/wp-json\/wp\/v2\/types\/product"}],"wp:featuredmedia":[{"embeddable":true,"href":"https:\/\/pgwear.net\/pl\/wp-json\/wp\/v2\/media\/164719"}],"wp:attachment":[{"href":"https:\/\/pgwear.net\/pl\/wp-json\/wp\/v2\/media?parent=153801"}],"wp:term":[{"taxonomy":"product_brand","embeddable":true,"href":"https:\/\/pgwear.net\/pl\/wp-json\/wp\/v2\/product_brand?post=153801"},{"taxonomy":"product_cat","embeddable":true,"href":"https:\/\/pgwear.net\/pl\/wp-json\/wp\/v2\/product_cat?post=153801"},{"taxonomy":"product_tag","embeddable":true,"href":"https:\/\/pgwear.net\/pl\/wp-json\/wp\/v2\/product_tag?post=153801"}],"curies":[{"name":"wp","href":"https:\/\/api.w.org\/{rel}","templated":true}]}}