{"id":153822,"date":"2024-05-15T11:53:40","date_gmt":"2024-05-15T09:53:40","guid":{"rendered":"https:\/\/pgwear.net\/p\/aw24-bluza-lettering-black\/"},"modified":"2026-03-27T09:07:30","modified_gmt":"2026-03-27T08:07:30","slug":"bluza-lettering-black","status":"publish","type":"product","link":"https:\/\/pgwear.net\/pl\/p\/bluza-lettering-black\/","title":{"rendered":"Bluza &#8220;Lettering&#8221; Black"},"content":{"rendered":"<p>Klasyczna, lu\u017ana bluza to obowi\u0105zkowy element garderoby ka\u017cdego ultrasa, chuligana lub fanatyka pi\u0142ki no\u017cnej! B\u0119dzie pasowa\u0107 do ka\u017cdego rodzaju stroju, niezale\u017cnie od tego, czy jeste\u015b w domu czy na wyje\u017adzie, meczu czy randce, na ulicy czy na stadionie! Na ch\u0142odniejsze wieczory z wiernymi kumplami w pubie lub na d\u0142u\u017cszy mecz wyjazdowy.<\/p>\n","protected":false},"excerpt":{"rendered":"<p>Klasyczna, lu\u017ana bluza to obowi\u0105zkowy element garderoby ka\u017cdego ultrasa, chuligana lub fanatyka pi\u0142ki no\u017cnej! B\u0119dzie pasowa\u0107 do ka\u017cdego rodzaju stroju, niezale\u017cnie od tego, czy jeste\u015b w domu czy na wyje\u017adzie, meczu czy randce, na ulicy czy na stadionie! Na ch\u0142odniejsze wieczory z wiernymi kumplami w pubie lub na d\u0142u\u017cszy mecz wyjazdowy.<\/p>\n","protected":false},"featured_media":164677,"template":"","meta":{"_acf_changed":false},"product_brand":[],"product_cat":[371,3491],"product_tag":[3182,3277],"class_list":{"0":"post-153822","1":"product","2":"type-product","3":"status-publish","4":"has-post-thumbnail","6":"product_cat-bluzy","7":"product_cat-bluzy-bez-kaptura","8":"product_tag-aw24","9":"product_tag-ostatnie-sztuki","10":"pa_gramatura-280-gr-m2","11":"pa_kolekcja-jesien-zima-2024","12":"pa_kolor-czarny","13":"pa_kroj-klasyczny","14":"pa_material-100-bawelna","15":"pa_nadruk-nadruk-na-klatce-piersiowej","16":"pa_rozmiar-l","17":"pa_rozmiar-m","18":"pa_rozmiar-s","19":"pa_rozmiar-xl","20":"pa_rozmiar-xxl","21":"pa_rozmiar-xxxl","23":"first","24":"outofstock","25":"taxable","26":"shipping-taxable","27":"product-type-variable"},"acf":[],"_links":{"self":[{"href":"https:\/\/pgwear.net\/pl\/wp-json\/wp\/v2\/product\/153822","targetHints":{"allow":["GET"]}}],"collection":[{"href":"https:\/\/pgwear.net\/pl\/wp-json\/wp\/v2\/product"}],"about":[{"href":"https:\/\/pgwear.net\/pl\/wp-json\/wp\/v2\/types\/product"}],"wp:featuredmedia":[{"embeddable":true,"href":"https:\/\/pgwear.net\/pl\/wp-json\/wp\/v2\/media\/164677"}],"wp:attachment":[{"href":"https:\/\/pgwear.net\/pl\/wp-json\/wp\/v2\/media?parent=153822"}],"wp:term":[{"taxonomy":"product_brand","embeddable":true,"href":"https:\/\/pgwear.net\/pl\/wp-json\/wp\/v2\/product_brand?post=153822"},{"taxonomy":"product_cat","embeddable":true,"href":"https:\/\/pgwear.net\/pl\/wp-json\/wp\/v2\/product_cat?post=153822"},{"taxonomy":"product_tag","embeddable":true,"href":"https:\/\/pgwear.net\/pl\/wp-json\/wp\/v2\/product_tag?post=153822"}],"curies":[{"name":"wp","href":"https:\/\/api.w.org\/{rel}","templated":true}]}}