{"id":153836,"date":"2024-05-15T11:53:49","date_gmt":"2024-05-15T09:53:49","guid":{"rendered":"https:\/\/pgwear.net\/p\/aw24-bluza-kaptur-one-three-one-two-black\/"},"modified":"2026-03-06T11:59:51","modified_gmt":"2026-03-06T10:59:51","slug":"bluza-kaptur-one-three-one-two-black","status":"publish","type":"product","link":"https:\/\/pgwear.net\/pl\/p\/bluza-kaptur-one-three-one-two-black\/","title":{"rendered":"Bluza kaptur &#8220;One Three One Two&#8221; Black"},"content":{"rendered":"<p>Kultowa bluza od PGWEAR zapinana na zamek, z wszyt\u0105 kominiark\u0105, s\u0142ynnym has\u0142em 1312 na plecach oraz obszern\u0105 kieszeni\u0105 z przodu. Wykonana z najwy\u017cszej jako\u015bci materia\u0142\u00f3w z dba\u0142o\u015bci\u0105 o ka\u017cdy szczeg\u00f3\u0142y! Niewa\u017cne, gdziesi\u0119 znajdujesz , w domu czy w podr\u00f3\u017cy, ten produkt ochroni Ci\u0119 przed policj\u0105 i kamerami CCTV, zar\u00f3wno na ulicy jak  i na stadionie!<\/p>\n","protected":false},"excerpt":{"rendered":"<p>Kultowa bluza od PGWEAR zapinana na zamek, z wszyt\u0105 kominiark\u0105, s\u0142ynnym has\u0142em 1312 na plecach oraz obszern\u0105 kieszeni\u0105 z przodu. Wykonana z najwy\u017cszej jako\u015bci materia\u0142\u00f3w z dba\u0142o\u015bci\u0105 o ka\u017cdy szczeg\u00f3\u0142y! Niewa\u017cne, gdziesi\u0119 znajdujesz , w domu czy w podr\u00f3\u017cy, ten produkt ochroni Ci\u0119 przed policj\u0105 i kamerami CCTV, zar\u00f3wno na ulicy jak  i na stadionie!<\/p>\n","protected":false},"featured_media":164648,"template":"","meta":{"_acf_changed":false},"product_brand":[],"product_cat":[371,3490],"product_tag":[3182,3277],"class_list":{"0":"post-153836","1":"product","2":"type-product","3":"status-publish","4":"has-post-thumbnail","6":"product_cat-bluzy","7":"product_cat-bluzy-z-kapturem","8":"product_tag-aw24","9":"product_tag-ostatnie-sztuki","10":"pa_gramatura-340-gr-m2","11":"pa_kolor-czarny","12":"pa_kroj-klasyczny","13":"pa_material-100-bawelna","14":"pa_rozmiar-l","15":"pa_rozmiar-m","16":"pa_rozmiar-s","17":"pa_rozmiar-xl","18":"pa_rozmiar-xxl","19":"pa_rozmiar-xxxl","21":"first","22":"outofstock","23":"taxable","24":"shipping-taxable","25":"product-type-variable"},"acf":[],"_links":{"self":[{"href":"https:\/\/pgwear.net\/pl\/wp-json\/wp\/v2\/product\/153836","targetHints":{"allow":["GET"]}}],"collection":[{"href":"https:\/\/pgwear.net\/pl\/wp-json\/wp\/v2\/product"}],"about":[{"href":"https:\/\/pgwear.net\/pl\/wp-json\/wp\/v2\/types\/product"}],"wp:featuredmedia":[{"embeddable":true,"href":"https:\/\/pgwear.net\/pl\/wp-json\/wp\/v2\/media\/164648"}],"wp:attachment":[{"href":"https:\/\/pgwear.net\/pl\/wp-json\/wp\/v2\/media?parent=153836"}],"wp:term":[{"taxonomy":"product_brand","embeddable":true,"href":"https:\/\/pgwear.net\/pl\/wp-json\/wp\/v2\/product_brand?post=153836"},{"taxonomy":"product_cat","embeddable":true,"href":"https:\/\/pgwear.net\/pl\/wp-json\/wp\/v2\/product_cat?post=153836"},{"taxonomy":"product_tag","embeddable":true,"href":"https:\/\/pgwear.net\/pl\/wp-json\/wp\/v2\/product_tag?post=153836"}],"curies":[{"name":"wp","href":"https:\/\/api.w.org\/{rel}","templated":true}]}}