{"id":153843,"date":"2024-05-15T11:53:53","date_gmt":"2024-05-15T09:53:53","guid":{"rendered":"https:\/\/pgwear.net\/p\/aw24-bluza-z-kominiarka-workout-black\/"},"modified":"2026-03-06T11:59:53","modified_gmt":"2026-03-06T10:59:53","slug":"bluza-z-kominiarka-workout-black","status":"publish","type":"product","link":"https:\/\/pgwear.net\/pl\/p\/bluza-z-kominiarka-workout-black\/","title":{"rendered":"Bluza z kominiark\u0105 &#8220;Workout&#8221; Black"},"content":{"rendered":"<p>Legendarna bluza PGWEAR z wszyt\u0105 kominiark\u0105 i pojemn\u0105 kieszeni\u0105 kangurk\u0105 z przodu dost\u0119pna jest w nowej ods\u0142onie! Ozdobiona ogromnym nadrukiem z ty\u0142u! Idealny wyb\u00f3r dla ka\u017cdego, kto chce zachowa\u0107 anonimowo\u015b\u0107, ale jednocze\u015bnie lubi nosi\u0107 du\u017ce nadruki na ulicy i na stadionie!<\/p>\n","protected":false},"excerpt":{"rendered":"<p>Legendarna bluza PGWEAR z wszyt\u0105 kominiark\u0105 i pojemn\u0105 kieszeni\u0105 kangurk\u0105 z przodu dost\u0119pna jest w nowej ods\u0142onie! Ozdobiona ogromnym nadrukiem z ty\u0142u! Idealny wyb\u00f3r dla ka\u017cdego, kto chce zachowa\u0107 anonimowo\u015b\u0107, ale jednocze\u015bnie lubi nosi\u0107 du\u017ce nadruki na ulicy i na stadionie!<\/p>\n","protected":false},"featured_media":164616,"template":"","meta":{"_acf_changed":false},"product_brand":[],"product_cat":[371,3490,3493],"product_tag":[3182,3277],"class_list":{"0":"post-153843","1":"product","2":"type-product","3":"status-publish","4":"has-post-thumbnail","6":"product_cat-bluzy","7":"product_cat-bluzy-z-kapturem","8":"product_cat-bluzy-z-kominiarka","9":"product_tag-aw24","10":"product_tag-ostatnie-sztuki","11":"pa_gramatura-340-gr-m2","12":"pa_kolekcja-jesien-zima-2024","13":"pa_kolor-czarny","14":"pa_kroj-raglan","15":"pa_material-100-bawelna","16":"pa_nadruk-duzy-nadruk-na-plecach","17":"pa_rozmiar-l","18":"pa_rozmiar-m","19":"pa_rozmiar-s","20":"pa_rozmiar-xl","21":"pa_rozmiar-xxl","22":"pa_rozmiar-xxxl","23":"feature-wbudowana-kominiarka","25":"first","26":"outofstock","27":"taxable","28":"shipping-taxable","29":"product-type-variable"},"acf":[],"_links":{"self":[{"href":"https:\/\/pgwear.net\/pl\/wp-json\/wp\/v2\/product\/153843","targetHints":{"allow":["GET"]}}],"collection":[{"href":"https:\/\/pgwear.net\/pl\/wp-json\/wp\/v2\/product"}],"about":[{"href":"https:\/\/pgwear.net\/pl\/wp-json\/wp\/v2\/types\/product"}],"wp:featuredmedia":[{"embeddable":true,"href":"https:\/\/pgwear.net\/pl\/wp-json\/wp\/v2\/media\/164616"}],"wp:attachment":[{"href":"https:\/\/pgwear.net\/pl\/wp-json\/wp\/v2\/media?parent=153843"}],"wp:term":[{"taxonomy":"product_brand","embeddable":true,"href":"https:\/\/pgwear.net\/pl\/wp-json\/wp\/v2\/product_brand?post=153843"},{"taxonomy":"product_cat","embeddable":true,"href":"https:\/\/pgwear.net\/pl\/wp-json\/wp\/v2\/product_cat?post=153843"},{"taxonomy":"product_tag","embeddable":true,"href":"https:\/\/pgwear.net\/pl\/wp-json\/wp\/v2\/product_tag?post=153843"}],"curies":[{"name":"wp","href":"https:\/\/api.w.org\/{rel}","templated":true}]}}