{"id":153864,"date":"2024-05-15T11:54:05","date_gmt":"2024-05-15T09:54:05","guid":{"rendered":"https:\/\/pgwear.net\/p\/aw24-bluza-z-kominiarka-stroke-grey-black\/"},"modified":"2026-04-08T09:12:21","modified_gmt":"2026-04-08T07:12:21","slug":"bluza-z-kominiarka-stroke-grey-black","status":"publish","type":"product","link":"https:\/\/pgwear.net\/pl\/p\/bluza-z-kominiarka-stroke-grey-black\/","title":{"rendered":"Bluza z kominiark\u0105 &#8220;Stroke&#8221; Grey\/Black"},"content":{"rendered":"<p>Dwukolorowa bluza z kapturem od PGWEAR, zapinana na zamek, z pojemnymi kieszeniami z przodu. Wykonana z najwy\u017cszej jako\u015bci materia\u0142\u00f3w z dba\u0142o\u015bci\u0105 o ka\u017cdy szczeg\u00f3\u0142! Niewa\u017cne gdzie jeste\u015b, w domu czy w podr\u00f3\u017cy, ten produkt zapewni ci anoninowo\u015b\u0107 przed policj\u0105 i kamerami CCTV, zar\u00f3wno na ulicy jak i na stadionie<\/p>\n","protected":false},"excerpt":{"rendered":"<p>Dwukolorowa bluza z kapturem od PGWEAR, zapinana na zamek, z pojemnymi kieszeniami z przodu. Wykonana z najwy\u017cszej jako\u015bci materia\u0142\u00f3w z dba\u0142o\u015bci\u0105 o ka\u017cdy szczeg\u00f3\u0142! Niewa\u017cne gdzie jeste\u015b, w domu czy w podr\u00f3\u017cy, ten produkt zapewni ci anoninowo\u015b\u0107 przed policj\u0105 i kamerami CCTV, zar\u00f3wno na ulicy jak i na stadionie<\/p>\n","protected":false},"featured_media":165467,"template":"","meta":{"_acf_changed":false},"product_brand":[],"product_cat":[371,3490,3493],"product_tag":[3182,3277],"class_list":{"0":"post-153864","1":"product","2":"type-product","3":"status-publish","4":"has-post-thumbnail","6":"product_cat-bluzy","7":"product_cat-bluzy-z-kapturem","8":"product_cat-bluzy-z-kominiarka","9":"product_tag-aw24","10":"product_tag-ostatnie-sztuki","11":"pa_gramatura-280-gr-m2","12":"pa_kolekcja-jesien-zima-2024","13":"pa_kolor-szary-czarny","14":"pa_kroj-raglan","15":"pa_material-100-bawelna","16":"pa_rozmiar-l","17":"pa_rozmiar-m","18":"pa_rozmiar-s","19":"pa_rozmiar-xl","20":"pa_rozmiar-xxl","21":"pa_rozmiar-xxxl","22":"feature-wbudowana-kominiarka","24":"first","25":"outofstock","26":"taxable","27":"shipping-taxable","28":"product-type-variable"},"acf":[],"_links":{"self":[{"href":"https:\/\/pgwear.net\/pl\/wp-json\/wp\/v2\/product\/153864","targetHints":{"allow":["GET"]}}],"collection":[{"href":"https:\/\/pgwear.net\/pl\/wp-json\/wp\/v2\/product"}],"about":[{"href":"https:\/\/pgwear.net\/pl\/wp-json\/wp\/v2\/types\/product"}],"wp:featuredmedia":[{"embeddable":true,"href":"https:\/\/pgwear.net\/pl\/wp-json\/wp\/v2\/media\/165467"}],"wp:attachment":[{"href":"https:\/\/pgwear.net\/pl\/wp-json\/wp\/v2\/media?parent=153864"}],"wp:term":[{"taxonomy":"product_brand","embeddable":true,"href":"https:\/\/pgwear.net\/pl\/wp-json\/wp\/v2\/product_brand?post=153864"},{"taxonomy":"product_cat","embeddable":true,"href":"https:\/\/pgwear.net\/pl\/wp-json\/wp\/v2\/product_cat?post=153864"},{"taxonomy":"product_tag","embeddable":true,"href":"https:\/\/pgwear.net\/pl\/wp-json\/wp\/v2\/product_tag?post=153864"}],"curies":[{"name":"wp","href":"https:\/\/api.w.org\/{rel}","templated":true}]}}