{"id":153885,"date":"2024-05-15T11:54:19","date_gmt":"2024-05-15T09:54:19","guid":{"rendered":"https:\/\/pgwear.net\/p\/aw24-bluza-z-kominiarka-motto-black\/"},"modified":"2026-03-06T11:59:50","modified_gmt":"2026-03-06T10:59:50","slug":"bluza-z-kominiarka-motto-black","status":"publish","type":"product","link":"https:\/\/pgwear.net\/pl\/p\/bluza-z-kominiarka-motto-black\/","title":{"rendered":"Bluza z kominiark\u0105 &#8220;Motto&#8221; Black"},"content":{"rendered":"<p>Pi\u0142ka no\u017cna bez kibic\u00f3w jest niczym \u2013 to jedno z najwa\u017cniejszych hase\u0142 kultury ultras! Ta bluza od PGWEAR posiada kominiark\u0105, dzi\u0119ki temu mo\u017cesz  j\u0105 nosi\u0107 z dum\u0105, zar\u00f3wno na ulicy jak na stadionie!<\/p>\n","protected":false},"excerpt":{"rendered":"<p>Pi\u0142ka no\u017cna bez kibic\u00f3w jest niczym \u2013 to jedno z najwa\u017cniejszych hase\u0142 kultury ultras! Ta bluza od PGWEAR posiada kominiark\u0105, dzi\u0119ki temu mo\u017cesz  j\u0105 nosi\u0107 z dum\u0105, zar\u00f3wno na ulicy jak na stadionie!<\/p>\n","protected":false},"featured_media":182597,"template":"","meta":{"_acf_changed":false},"product_brand":[],"product_cat":[371,3490,3493],"product_tag":[3182,3277],"class_list":{"0":"post-153885","1":"product","2":"type-product","3":"status-publish","4":"has-post-thumbnail","6":"product_cat-bluzy","7":"product_cat-bluzy-z-kapturem","8":"product_cat-bluzy-z-kominiarka","9":"product_tag-aw24","10":"product_tag-ostatnie-sztuki","11":"pa_gramatura-340-gr-m2","12":"pa_kolekcja-jesien-zima-2024","13":"pa_kolor-czarny","14":"pa_kroj-klasyczny","15":"pa_material-100-bawelna","16":"pa_nadruk-duzy-nadruk-na-plecach","17":"pa_rozmiar-l","18":"pa_rozmiar-m","19":"pa_rozmiar-s","20":"pa_rozmiar-xl","21":"pa_rozmiar-xxl","22":"pa_rozmiar-xxxl","23":"feature-wbudowana-kominiarka","25":"first","26":"outofstock","27":"taxable","28":"shipping-taxable","29":"product-type-variable"},"acf":[],"_links":{"self":[{"href":"https:\/\/pgwear.net\/pl\/wp-json\/wp\/v2\/product\/153885","targetHints":{"allow":["GET"]}}],"collection":[{"href":"https:\/\/pgwear.net\/pl\/wp-json\/wp\/v2\/product"}],"about":[{"href":"https:\/\/pgwear.net\/pl\/wp-json\/wp\/v2\/types\/product"}],"wp:featuredmedia":[{"embeddable":true,"href":"https:\/\/pgwear.net\/pl\/wp-json\/wp\/v2\/media\/182597"}],"wp:attachment":[{"href":"https:\/\/pgwear.net\/pl\/wp-json\/wp\/v2\/media?parent=153885"}],"wp:term":[{"taxonomy":"product_brand","embeddable":true,"href":"https:\/\/pgwear.net\/pl\/wp-json\/wp\/v2\/product_brand?post=153885"},{"taxonomy":"product_cat","embeddable":true,"href":"https:\/\/pgwear.net\/pl\/wp-json\/wp\/v2\/product_cat?post=153885"},{"taxonomy":"product_tag","embeddable":true,"href":"https:\/\/pgwear.net\/pl\/wp-json\/wp\/v2\/product_tag?post=153885"}],"curies":[{"name":"wp","href":"https:\/\/api.w.org\/{rel}","templated":true}]}}