{"id":153892,"date":"2024-05-15T11:54:22","date_gmt":"2024-05-15T09:54:22","guid":{"rendered":"https:\/\/pgwear.net\/p\/aw24-bluza-z-kominiarka-explosion-navy\/"},"modified":"2026-03-18T10:09:08","modified_gmt":"2026-03-18T09:09:08","slug":"bluza-z-kominiarka-explosion-navy","status":"publish","type":"product","link":"https:\/\/pgwear.net\/pl\/p\/bluza-z-kominiarka-explosion-navy\/","title":{"rendered":"Bluza z kominiark\u0105 &#8220;Explosion&#8221; Navy"},"content":{"rendered":"<p>Tr\u00f3jkolorowa bluza od PGWEAR zapinana na zamek b\u0142yskawiczny zakrywaj\u0105cy twarz, z nadrukiem i pojemnymi kieszeniami z przodu. Wykonana z najwy\u017cszej jako\u015bci materia\u0142\u00f3w z dba\u0142o\u015bci\u0105 o ka\u017cdy szczeg\u00f3\u0142! Niewa\u017cne, gdzie si\u0119 znajdujesz, w domu czy poza nim, dzi\u0119ki temu produktowi pozostaniesz anonimowy przed policj\u0105  i kamerami CCTV, zar\u00f3wno na ulicy jak i na stadionie!<\/p>\n","protected":false},"excerpt":{"rendered":"<p>Tr\u00f3jkolorowa bluza od PGWEAR zapinana na zamek b\u0142yskawiczny zakrywaj\u0105cy twarz, z nadrukiem i pojemnymi kieszeniami z przodu. Wykonana z najwy\u017cszej jako\u015bci materia\u0142\u00f3w z dba\u0142o\u015bci\u0105 o ka\u017cdy szczeg\u00f3\u0142! Niewa\u017cne, gdzie si\u0119 znajdujesz, w domu czy poza nim, dzi\u0119ki temu produktowi pozostaniesz anonimowy przed policj\u0105  i kamerami CCTV, zar\u00f3wno na ulicy jak i na stadionie!<\/p>\n","protected":false},"featured_media":164481,"template":"","meta":{"_acf_changed":false},"product_brand":[],"product_cat":[371,3490,3493],"product_tag":[3182,3277],"class_list":{"0":"post-153892","1":"product","2":"type-product","3":"status-publish","4":"has-post-thumbnail","6":"product_cat-bluzy","7":"product_cat-bluzy-z-kapturem","8":"product_cat-bluzy-z-kominiarka","9":"product_tag-aw24","10":"product_tag-ostatnie-sztuki","11":"pa_gramatura-340-gr-m2","12":"pa_kolekcja-jesien-zima-2024","13":"pa_kolor-granatowy-bialy-czerwony","14":"pa_kroj-raglan","15":"pa_material-100-bawelna","16":"pa_nadruk-duzy-nadruk-na-klatce-piersiowej","17":"pa_rozmiar-l","18":"pa_rozmiar-m","19":"pa_rozmiar-s","20":"pa_rozmiar-xl","21":"pa_rozmiar-xxl","22":"pa_rozmiar-xxxl","23":"feature-wbudowana-kominiarka","25":"first","26":"outofstock","27":"taxable","28":"shipping-taxable","29":"product-type-variable"},"acf":[],"_links":{"self":[{"href":"https:\/\/pgwear.net\/pl\/wp-json\/wp\/v2\/product\/153892","targetHints":{"allow":["GET"]}}],"collection":[{"href":"https:\/\/pgwear.net\/pl\/wp-json\/wp\/v2\/product"}],"about":[{"href":"https:\/\/pgwear.net\/pl\/wp-json\/wp\/v2\/types\/product"}],"wp:featuredmedia":[{"embeddable":true,"href":"https:\/\/pgwear.net\/pl\/wp-json\/wp\/v2\/media\/164481"}],"wp:attachment":[{"href":"https:\/\/pgwear.net\/pl\/wp-json\/wp\/v2\/media?parent=153892"}],"wp:term":[{"taxonomy":"product_brand","embeddable":true,"href":"https:\/\/pgwear.net\/pl\/wp-json\/wp\/v2\/product_brand?post=153892"},{"taxonomy":"product_cat","embeddable":true,"href":"https:\/\/pgwear.net\/pl\/wp-json\/wp\/v2\/product_cat?post=153892"},{"taxonomy":"product_tag","embeddable":true,"href":"https:\/\/pgwear.net\/pl\/wp-json\/wp\/v2\/product_tag?post=153892"}],"curies":[{"name":"wp","href":"https:\/\/api.w.org\/{rel}","templated":true}]}}