{"id":153934,"date":"2024-05-15T11:54:45","date_gmt":"2024-05-15T09:54:45","guid":{"rendered":"https:\/\/pgwear.net\/p\/aw24-kurtka-softshell-resistance-black\/"},"modified":"2026-04-01T08:07:39","modified_gmt":"2026-04-01T06:07:39","slug":"kurtka-softshell-resistance-black","status":"publish","type":"product","link":"https:\/\/pgwear.net\/pl\/p\/kurtka-softshell-resistance-black\/","title":{"rendered":"Kurtka Softshell &#8220;Resistance&#8221; Black"},"content":{"rendered":"<p>Kurtka typu softshell od PGWEAR jest znanym produktem! Jest idealna dla ka\u017cdego, od zwyk\u0142ego bywalca stadionu po zagorza\u0142ego fana pi\u0142ki no\u017cnej i ultrasa!Ta wyj\u0105tkowa cz\u0119\u015b\u0107 garderoby gwarantuje nie tylko komfort cieplny w ch\u0142odniejsze czy deszczowe dni, ale tak\u017ce ochron\u0119 przed policj\u0105 i kamerami CCTV dzi\u0119ki wszytej w ko\u0142nierz kominiarce!<\/p>\n","protected":false},"excerpt":{"rendered":"<p>Kurtka typu softshell od PGWEAR jest znanym produktem! Jest idealna dla ka\u017cdego, od zwyk\u0142ego bywalca stadionu po zagorza\u0142ego fana pi\u0142ki no\u017cnej i ultrasa!Ta wyj\u0105tkowa cz\u0119\u015b\u0107 garderoby gwarantuje nie tylko komfort cieplny w ch\u0142odniejsze czy deszczowe dni, ale tak\u017ce ochron\u0119 przed policj\u0105 i kamerami CCTV dzi\u0119ki wszytej w ko\u0142nierz kominiarce!<\/p>\n","protected":false},"featured_media":164278,"template":"","meta":{"_acf_changed":false},"product_brand":[],"product_cat":[366,3485],"product_tag":[3182],"class_list":{"0":"post-153934","1":"product","2":"type-product","3":"status-publish","4":"has-post-thumbnail","6":"product_cat-kurtki","7":"product_cat-softshelle","8":"product_tag-aw24","9":"pa_gramatura-320gr-m2","10":"pa_kolekcja-jesien-zima-2024","11":"pa_kolor-czarny","12":"pa_kroj-klasyczny","13":"pa_nadruk-logo-drytex-z-tylu","14":"pa_rozmiar-l","15":"pa_rozmiar-m","16":"pa_rozmiar-s","17":"pa_rozmiar-xl","18":"pa_rozmiar-xxl","19":"pa_rozmiar-xxxl","20":"feature-wbudowana-maska","22":"first","23":"instock","24":"sale","25":"taxable","26":"shipping-taxable","27":"purchasable","28":"product-type-variable"},"acf":[],"_links":{"self":[{"href":"https:\/\/pgwear.net\/pl\/wp-json\/wp\/v2\/product\/153934","targetHints":{"allow":["GET"]}}],"collection":[{"href":"https:\/\/pgwear.net\/pl\/wp-json\/wp\/v2\/product"}],"about":[{"href":"https:\/\/pgwear.net\/pl\/wp-json\/wp\/v2\/types\/product"}],"wp:featuredmedia":[{"embeddable":true,"href":"https:\/\/pgwear.net\/pl\/wp-json\/wp\/v2\/media\/164278"}],"wp:attachment":[{"href":"https:\/\/pgwear.net\/pl\/wp-json\/wp\/v2\/media?parent=153934"}],"wp:term":[{"taxonomy":"product_brand","embeddable":true,"href":"https:\/\/pgwear.net\/pl\/wp-json\/wp\/v2\/product_brand?post=153934"},{"taxonomy":"product_cat","embeddable":true,"href":"https:\/\/pgwear.net\/pl\/wp-json\/wp\/v2\/product_cat?post=153934"},{"taxonomy":"product_tag","embeddable":true,"href":"https:\/\/pgwear.net\/pl\/wp-json\/wp\/v2\/product_tag?post=153934"}],"curies":[{"name":"wp","href":"https:\/\/api.w.org\/{rel}","templated":true}]}}