{"id":153955,"date":"2024-05-15T11:54:58","date_gmt":"2024-05-15T09:54:58","guid":{"rendered":"https:\/\/pgwear.net\/p\/aw24-kurtka-z-kominiarka-summit-black\/"},"modified":"2026-03-23T12:34:31","modified_gmt":"2026-03-23T11:34:31","slug":"kurtka-z-kominiarka-summit-black","status":"publish","type":"product","link":"https:\/\/pgwear.net\/pl\/p\/kurtka-z-kominiarka-summit-black\/","title":{"rendered":"Kurtka z kominiark\u0105 &#8220;Summit&#8221; Black"},"content":{"rendered":"<p>Wyj\u0105tkowa kurtka od PGWEAR, idealna dla ka\u017cdego, od zwyk\u0142ego bywalca stadionu po zagorza\u0142ego fana pi\u0142ki no\u017cnej i ultrasa! Ta kurtka nie tylko zapewni Ci ciep\u0142o podczas ch\u0142odniejszych lub deszczowych dni na stadionie, ale tak\u017ce ukryje twoj\u0105 twarz przed policj\u0105 i kamerami CCTV dzi\u0119ki wszytej w ko\u0142nierz kurtki kominiarce!<\/p>\n","protected":false},"excerpt":{"rendered":"<p>Wyj\u0105tkowa kurtka od PGWEAR, idealna dla ka\u017cdego, od zwyk\u0142ego bywalca stadionu po zagorza\u0142ego fana pi\u0142ki no\u017cnej i ultrasa! Ta kurtka nie tylko zapewni Ci ciep\u0142o podczas ch\u0142odniejszych lub deszczowych dni na stadionie, ale tak\u017ce ukryje twoj\u0105 twarz przed policj\u0105 i kamerami CCTV dzi\u0119ki wszytej w ko\u0142nierz kurtki kominiarce!<\/p>\n","protected":false},"featured_media":164167,"template":"","meta":{"_acf_changed":false},"product_brand":[],"product_cat":[366,3486],"product_tag":[3182],"class_list":{"0":"post-153955","1":"product","2":"type-product","3":"status-publish","4":"has-post-thumbnail","6":"product_cat-kurtki","7":"product_cat-kurtki-zimowe","8":"product_tag-aw24","9":"pa_gramatura-80-gr-m2","10":"pa_kolekcja-jesien-zima-2024","11":"pa_kolor-czarny","12":"pa_kroj-klasyczny","13":"pa_material-100-poliester","14":"pa_rozmiar-l","15":"pa_rozmiar-m","16":"pa_rozmiar-s","17":"pa_rozmiar-xl","18":"pa_rozmiar-xxl","19":"pa_rozmiar-xxxl","20":"feature-wbudowana-kominiarka","22":"first","23":"instock","24":"taxable","25":"shipping-taxable","26":"purchasable","27":"product-type-variable"},"acf":[],"_links":{"self":[{"href":"https:\/\/pgwear.net\/pl\/wp-json\/wp\/v2\/product\/153955","targetHints":{"allow":["GET"]}}],"collection":[{"href":"https:\/\/pgwear.net\/pl\/wp-json\/wp\/v2\/product"}],"about":[{"href":"https:\/\/pgwear.net\/pl\/wp-json\/wp\/v2\/types\/product"}],"wp:featuredmedia":[{"embeddable":true,"href":"https:\/\/pgwear.net\/pl\/wp-json\/wp\/v2\/media\/164167"}],"wp:attachment":[{"href":"https:\/\/pgwear.net\/pl\/wp-json\/wp\/v2\/media?parent=153955"}],"wp:term":[{"taxonomy":"product_brand","embeddable":true,"href":"https:\/\/pgwear.net\/pl\/wp-json\/wp\/v2\/product_brand?post=153955"},{"taxonomy":"product_cat","embeddable":true,"href":"https:\/\/pgwear.net\/pl\/wp-json\/wp\/v2\/product_cat?post=153955"},{"taxonomy":"product_tag","embeddable":true,"href":"https:\/\/pgwear.net\/pl\/wp-json\/wp\/v2\/product_tag?post=153955"}],"curies":[{"name":"wp","href":"https:\/\/api.w.org\/{rel}","templated":true}]}}