{"id":153962,"date":"2024-05-15T11:55:02","date_gmt":"2024-05-15T09:55:02","guid":{"rendered":"https:\/\/pgwear.net\/p\/aw24-kurtka-z-kominiarka-rascal-black\/"},"modified":"2026-03-06T12:00:25","modified_gmt":"2026-03-06T11:00:25","slug":"aw24-kurtka-z-kominiarka-rascal-black","status":"publish","type":"product","link":"https:\/\/pgwear.net\/pl\/p\/aw24-kurtka-z-kominiarka-rascal-black\/","title":{"rendered":"Kurtka z kominiark\u0105 &#8220;Rascal&#8221; Black"},"content":{"rendered":"<p>Klasyczna sportowa kurtka w stylu ultras z kapturem od PGWEAR idealnie pasuje do ka\u017cdego outfitu, zar\u00f3wno na ulicy jak i na stadionie. W ko\u0142nierz wszyta jest kominiarka, dzi\u0119ki kt\u00f3rej mo\u017cesz chroni\u0107 swoj\u0105 twarz na trybunach przed policj\u0105 i kamerami CCTV!<\/p>\n","protected":false},"excerpt":{"rendered":"<p>Klasyczna sportowa kurtka w stylu ultras z kapturem od PGWEAR idealnie pasuje do ka\u017cdego outfitu, zar\u00f3wno na ulicy jak i na stadionie. W ko\u0142nierz wszyta jest kominiarka, dzi\u0119ki kt\u00f3rej mo\u017cesz chroni\u0107 swoj\u0105 twarz na trybunach przed policj\u0105 i kamerami CCTV!.!<\/p>\n","protected":false},"featured_media":165455,"template":"","meta":{"_acf_changed":false},"product_brand":[],"product_cat":[366,3486],"product_tag":[3182],"class_list":{"0":"post-153962","1":"product","2":"type-product","3":"status-publish","4":"has-post-thumbnail","6":"product_cat-kurtki","7":"product_cat-kurtki-zimowe","8":"product_tag-aw24","9":"pa_gramatura-110-gr-m2","10":"pa_kolekcja-jesien-zima-2024","11":"pa_kolor-czarny","12":"pa_kroj-klasyczny","13":"pa_material-100-poliester","14":"pa_rozmiar-l","15":"pa_rozmiar-m","16":"pa_rozmiar-s","17":"pa_rozmiar-xl","18":"pa_rozmiar-xxl","19":"pa_rozmiar-xxxl","20":"feature-wbudowana-kominiarka","22":"first","23":"instock","24":"taxable","25":"shipping-taxable","26":"purchasable","27":"product-type-variable"},"acf":[],"_links":{"self":[{"href":"https:\/\/pgwear.net\/pl\/wp-json\/wp\/v2\/product\/153962","targetHints":{"allow":["GET"]}}],"collection":[{"href":"https:\/\/pgwear.net\/pl\/wp-json\/wp\/v2\/product"}],"about":[{"href":"https:\/\/pgwear.net\/pl\/wp-json\/wp\/v2\/types\/product"}],"wp:featuredmedia":[{"embeddable":true,"href":"https:\/\/pgwear.net\/pl\/wp-json\/wp\/v2\/media\/165455"}],"wp:attachment":[{"href":"https:\/\/pgwear.net\/pl\/wp-json\/wp\/v2\/media?parent=153962"}],"wp:term":[{"taxonomy":"product_brand","embeddable":true,"href":"https:\/\/pgwear.net\/pl\/wp-json\/wp\/v2\/product_brand?post=153962"},{"taxonomy":"product_cat","embeddable":true,"href":"https:\/\/pgwear.net\/pl\/wp-json\/wp\/v2\/product_cat?post=153962"},{"taxonomy":"product_tag","embeddable":true,"href":"https:\/\/pgwear.net\/pl\/wp-json\/wp\/v2\/product_tag?post=153962"}],"curies":[{"name":"wp","href":"https:\/\/api.w.org\/{rel}","templated":true}]}}