{"id":162604,"date":"2024-07-18T11:12:15","date_gmt":"2024-07-18T09:12:15","guid":{"rendered":"https:\/\/pgwear.net\/p\/aw24-kurtka-z-kominiarka-arctic-black\/"},"modified":"2026-03-06T11:59:22","modified_gmt":"2026-03-06T10:59:22","slug":"kurtka-z-kominiarka-arctic-black","status":"publish","type":"product","link":"https:\/\/pgwear.net\/pl\/p\/kurtka-z-kominiarka-arctic-black\/","title":{"rendered":"Kurtka z kominiark\u0105 &#8220;Arctic&#8221; Black"},"content":{"rendered":"<p>Ta elegancka, casualowa kurtka parka od PGWEAR to must-have na zim\u0119! Kurtka posiada wszyt\u0105 w ko\u0142nierz mask\u0119, kt\u00f3ra zapewni Ci bezpiecze\u0144stwo i anonimowo\u015b\u0107 na trybunach zar\u00f3wno przed policj\u0105 jak i kamerami CCTV! Ten element garderoby sprawi, \u017ce zawsze b\u0119dziesz w nim dobrze wygl\u0105da\u0142, niezale\u017cnie od tego, czy jeste\u015b na stadionie, na ulicy, czy mo\u017ce w teatrze!<\/p>\n","protected":false},"excerpt":{"rendered":"<p>Ta elegancka, casualowa kurtka parka od PGWEAR to must-have na zim\u0119! Kurtka posiada wszyt\u0105 w ko\u0142nierz mask\u0119, kt\u00f3ra zapewni Ci bezpiecze\u0144stwo i anonimowo\u015b\u0107 na trybunach zar\u00f3wno przed policj\u0105 jak i kamerami CCTV!<\/p>\n","protected":false},"featured_media":162679,"template":"","meta":{"_acf_changed":false},"product_brand":[],"product_cat":[366,3486],"product_tag":[3182],"class_list":{"0":"post-162604","1":"product","2":"type-product","3":"status-publish","4":"has-post-thumbnail","6":"product_cat-kurtki","7":"product_cat-kurtki-zimowe","8":"product_tag-aw24","9":"pa_gramatura-220-gr-m2","10":"pa_kolekcja-jesien-zima-2024","11":"pa_kolor-czarny","12":"pa_kroj-klasyczny","13":"pa_material-100-poliester","14":"pa_rozmiar-l","15":"pa_rozmiar-m","16":"pa_rozmiar-s","17":"pa_rozmiar-xl","18":"pa_rozmiar-xxl","19":"pa_rozmiar-xxxl","20":"feature-wbudowana-kominiarka","22":"first","23":"instock","24":"taxable","25":"shipping-taxable","26":"purchasable","27":"product-type-variable"},"acf":[],"_links":{"self":[{"href":"https:\/\/pgwear.net\/pl\/wp-json\/wp\/v2\/product\/162604","targetHints":{"allow":["GET"]}}],"collection":[{"href":"https:\/\/pgwear.net\/pl\/wp-json\/wp\/v2\/product"}],"about":[{"href":"https:\/\/pgwear.net\/pl\/wp-json\/wp\/v2\/types\/product"}],"wp:featuredmedia":[{"embeddable":true,"href":"https:\/\/pgwear.net\/pl\/wp-json\/wp\/v2\/media\/162679"}],"wp:attachment":[{"href":"https:\/\/pgwear.net\/pl\/wp-json\/wp\/v2\/media?parent=162604"}],"wp:term":[{"taxonomy":"product_brand","embeddable":true,"href":"https:\/\/pgwear.net\/pl\/wp-json\/wp\/v2\/product_brand?post=162604"},{"taxonomy":"product_cat","embeddable":true,"href":"https:\/\/pgwear.net\/pl\/wp-json\/wp\/v2\/product_cat?post=162604"},{"taxonomy":"product_tag","embeddable":true,"href":"https:\/\/pgwear.net\/pl\/wp-json\/wp\/v2\/product_tag?post=162604"}],"curies":[{"name":"wp","href":"https:\/\/api.w.org\/{rel}","templated":true}]}}