{"id":162611,"date":"2024-07-18T11:12:17","date_gmt":"2024-07-18T09:12:17","guid":{"rendered":"https:\/\/pgwear.net\/p\/aw24-kurtka-z-kominiarka-powder-dark-grey\/"},"modified":"2026-03-06T11:59:22","modified_gmt":"2026-03-06T10:59:22","slug":"kurtka-z-kominiarka-powder-dark-grey","status":"publish","type":"product","link":"https:\/\/pgwear.net\/pl\/p\/kurtka-z-kominiarka-powder-dark-grey\/","title":{"rendered":"Kurtka z kominiark\u0105 &#8220;Powder&#8221; Dark Grey"},"content":{"rendered":"<p>Klasyczna sportowa kurtka od PGWEAR z kapturem b\u0119dzie idealnie pasowa\u0107 do ka\u017cdego stroju na ulicy jak i na stadionie. Posiada wszyt\u0105 wewn\u0105trz ko\u0142nierza kominiark\u0119, dzi\u0119ki czemu zapewni Ci bezpiecze\u0144stwo i ochron\u0119 przed kamerami CCTV i policja na trybunach!<\/p>\n","protected":false},"excerpt":{"rendered":"<p>Klasyczna sportowa kurtka od PGWEAR z kapturem b\u0119dzie idealnie pasowa\u0107 do ka\u017cdego stroju na ulicy jak i na stadionie.<\/p>\n","protected":false},"featured_media":162633,"template":"","meta":{"_acf_changed":false},"product_brand":[],"product_cat":[366,3486],"product_tag":[3182],"class_list":{"0":"post-162611","1":"product","2":"type-product","3":"status-publish","4":"has-post-thumbnail","6":"product_cat-kurtki","7":"product_cat-kurtki-zimowe","8":"product_tag-aw24","9":"pa_gramatura-120-gr-m2","10":"pa_kolekcja-jesien-zima-2024","11":"pa_kolor-ciemny-szary","12":"pa_kroj-klasyczny","13":"pa_material-100-poliester","14":"pa_rozmiar-l","15":"pa_rozmiar-m","16":"pa_rozmiar-s","17":"pa_rozmiar-xl","18":"pa_rozmiar-xxl","19":"pa_rozmiar-xxxl","20":"feature-wbudowana-kominiarka","22":"first","23":"instock","24":"taxable","25":"shipping-taxable","26":"purchasable","27":"product-type-variable"},"acf":[],"_links":{"self":[{"href":"https:\/\/pgwear.net\/pl\/wp-json\/wp\/v2\/product\/162611","targetHints":{"allow":["GET"]}}],"collection":[{"href":"https:\/\/pgwear.net\/pl\/wp-json\/wp\/v2\/product"}],"about":[{"href":"https:\/\/pgwear.net\/pl\/wp-json\/wp\/v2\/types\/product"}],"wp:featuredmedia":[{"embeddable":true,"href":"https:\/\/pgwear.net\/pl\/wp-json\/wp\/v2\/media\/162633"}],"wp:attachment":[{"href":"https:\/\/pgwear.net\/pl\/wp-json\/wp\/v2\/media?parent=162611"}],"wp:term":[{"taxonomy":"product_brand","embeddable":true,"href":"https:\/\/pgwear.net\/pl\/wp-json\/wp\/v2\/product_brand?post=162611"},{"taxonomy":"product_cat","embeddable":true,"href":"https:\/\/pgwear.net\/pl\/wp-json\/wp\/v2\/product_cat?post=162611"},{"taxonomy":"product_tag","embeddable":true,"href":"https:\/\/pgwear.net\/pl\/wp-json\/wp\/v2\/product_tag?post=162611"}],"curies":[{"name":"wp","href":"https:\/\/api.w.org\/{rel}","templated":true}]}}