{"id":170920,"date":"2024-09-18T13:36:04","date_gmt":"2024-09-18T11:36:04","guid":{"rendered":"https:\/\/pgwear.net\/p\/aw24-kurtka-z-kominiarka-powder-black\/"},"modified":"2026-04-17T13:21:18","modified_gmt":"2026-04-17T11:21:18","slug":"kurtka-z-kominiarka-powder-black","status":"publish","type":"product","link":"https:\/\/pgwear.net\/pl\/p\/kurtka-z-kominiarka-powder-black\/","title":{"rendered":"Kurtka z kominiark\u0105 &#8220;Powder&#8221; Black"},"content":{"rendered":"<p>Klasyczna sportowa kurtka od PGWEAR z kapturem b\u0119dzie idealnie pasowa\u0107 do ka\u017cdego stroju na ulicy jak i na stadionie. Posiada wszyt\u0105 wewn\u0105trz ko\u0142nierza kominiark\u0119, dzi\u0119ki czemu zapewni Ci bezpiecze\u0144stwo i ochron\u0119 przed kamerami CCTV i policja na trybunach!<\/p>\n","protected":false},"excerpt":{"rendered":"<p>Klasyczna sportowa kurtka od PGWEAR z kapturem b\u0119dzie idealnie pasowa\u0107 do ka\u017cdego stroju na ulicy jak i na stadionie.<\/p>\n","protected":false},"featured_media":170929,"template":"","meta":{"_acf_changed":false},"product_brand":[],"product_cat":[366,3486],"product_tag":[3182],"class_list":{"0":"post-170920","1":"product","2":"type-product","3":"status-publish","4":"has-post-thumbnail","6":"product_cat-kurtki","7":"product_cat-kurtki-zimowe","8":"product_tag-aw24","9":"pa_gramatura-120-gr-m2","10":"pa_kolekcja-jesien-zima-2024","11":"pa_kolor-czarny","12":"pa_kroj-klasyczny","13":"pa_material-100-poliester","14":"pa_rozmiar-l","15":"pa_rozmiar-l-en","16":"pa_rozmiar-l-de","17":"pa_rozmiar-m-en-2","18":"pa_rozmiar-m","19":"pa_rozmiar-m-de-2","20":"pa_rozmiar-s-en","21":"pa_rozmiar-s-de","22":"pa_rozmiar-s","23":"pa_rozmiar-xl-en","24":"pa_rozmiar-xl","25":"pa_rozmiar-xl-de","26":"pa_rozmiar-xxl-de","27":"pa_rozmiar-xxl-en","28":"pa_rozmiar-xxl","29":"pa_rozmiar-xxxl","30":"pa_rozmiar-xxxl-en","31":"pa_rozmiar-xxxl-de","32":"feature-wbudowana-kominiarka","34":"first","35":"instock","36":"taxable","37":"shipping-taxable","38":"purchasable","39":"product-type-variable"},"acf":[],"_links":{"self":[{"href":"https:\/\/pgwear.net\/pl\/wp-json\/wp\/v2\/product\/170920","targetHints":{"allow":["GET"]}}],"collection":[{"href":"https:\/\/pgwear.net\/pl\/wp-json\/wp\/v2\/product"}],"about":[{"href":"https:\/\/pgwear.net\/pl\/wp-json\/wp\/v2\/types\/product"}],"wp:featuredmedia":[{"embeddable":true,"href":"https:\/\/pgwear.net\/pl\/wp-json\/wp\/v2\/media\/170929"}],"wp:attachment":[{"href":"https:\/\/pgwear.net\/pl\/wp-json\/wp\/v2\/media?parent=170920"}],"wp:term":[{"taxonomy":"product_brand","embeddable":true,"href":"https:\/\/pgwear.net\/pl\/wp-json\/wp\/v2\/product_brand?post=170920"},{"taxonomy":"product_cat","embeddable":true,"href":"https:\/\/pgwear.net\/pl\/wp-json\/wp\/v2\/product_cat?post=170920"},{"taxonomy":"product_tag","embeddable":true,"href":"https:\/\/pgwear.net\/pl\/wp-json\/wp\/v2\/product_tag?post=170920"}],"curies":[{"name":"wp","href":"https:\/\/api.w.org\/{rel}","templated":true}]}}