{"id":172119,"date":"2024-09-24T11:48:23","date_gmt":"2024-09-24T09:48:23","guid":{"rendered":"https:\/\/pgwear.net\/p\/aw24se-kurtka-z-kominiarka-bullet-black\/"},"modified":"2026-03-06T12:03:06","modified_gmt":"2026-03-06T11:03:06","slug":"kurtka-z-kominiarka-bullet-black","status":"publish","type":"product","link":"https:\/\/pgwear.net\/pl\/p\/kurtka-z-kominiarka-bullet-black\/","title":{"rendered":"Kurtka z kominiark\u0105 &#8220;Bullet&#8221; Black"},"content":{"rendered":"<p>Czy spodziewasz si\u0119 ostrej zimy? Z kurtk\u0105 FULL FACE BULLET od PGWEAR nie musisz si\u0119 ba\u0107 mrozu! Bardzo ciep\u0142y model, kt\u00f3ry doskonale sprawdzi si\u0119 w ni\u017cszych temperaturach. Produkt wyposa\u017cony jest w kilka kieszeni zapinanych na zamek. W ko\u0142nierz wszyta jest kominiarka, dzi\u0119ki czemu zachowasz anonimowo\u015b\u0107, zawsze wtedy, gdy tylko sytuacja, b\u0119dzie tego wymaga\u0142a. Wszystkie funkcje w jednym miejscu. No\u015b t\u0119 kurtk\u0119 dumnie, zar\u00f3wno na ulicy, jak i na stadionie!<\/p>\n","protected":false},"excerpt":{"rendered":"<p>Czy spodziewasz si\u0119 ostrej zimy? Z kurtk\u0105 FULL FACE BULLET od PGWEAR nie musisz si\u0119 ba\u0107 mrozu! Bardzo ciep\u0142y model, kt\u00f3ry doskonale sprawdzi si\u0119 w ni\u017cszych temperaturach.<\/p>\n","protected":false},"featured_media":177743,"template":"","meta":{"_acf_changed":false},"product_brand":[],"product_cat":[366,3486],"product_tag":[3182],"class_list":{"0":"post-172119","1":"product","2":"type-product","3":"status-publish","4":"has-post-thumbnail","6":"product_cat-kurtki","7":"product_cat-kurtki-zimowe","8":"product_tag-aw24","9":"pa_gramatura-320gr-m2","10":"pa_kolekcja-jesien-zima-2024","11":"pa_kolor-czarny","12":"pa_kroj-klasyczny","13":"pa_material-100-poliester","14":"pa_rozmiar-l-en","15":"pa_rozmiar-l-de","16":"pa_rozmiar-l","17":"pa_rozmiar-m-en-2","18":"pa_rozmiar-m","19":"pa_rozmiar-m-de-2","20":"pa_rozmiar-s-en","21":"pa_rozmiar-s-de","22":"pa_rozmiar-s","23":"pa_rozmiar-xl","24":"pa_rozmiar-xl-de","25":"pa_rozmiar-xl-en","26":"pa_rozmiar-xxl-en","27":"pa_rozmiar-xxl","28":"pa_rozmiar-xxl-de","29":"pa_rozmiar-xxxl-de","30":"pa_rozmiar-xxxl","31":"pa_rozmiar-xxxl-en","32":"feature-wbudowana-kominiarka","34":"first","35":"instock","36":"taxable","37":"shipping-taxable","38":"purchasable","39":"product-type-variable"},"acf":[],"_links":{"self":[{"href":"https:\/\/pgwear.net\/pl\/wp-json\/wp\/v2\/product\/172119","targetHints":{"allow":["GET"]}}],"collection":[{"href":"https:\/\/pgwear.net\/pl\/wp-json\/wp\/v2\/product"}],"about":[{"href":"https:\/\/pgwear.net\/pl\/wp-json\/wp\/v2\/types\/product"}],"wp:featuredmedia":[{"embeddable":true,"href":"https:\/\/pgwear.net\/pl\/wp-json\/wp\/v2\/media\/177743"}],"wp:attachment":[{"href":"https:\/\/pgwear.net\/pl\/wp-json\/wp\/v2\/media?parent=172119"}],"wp:term":[{"taxonomy":"product_brand","embeddable":true,"href":"https:\/\/pgwear.net\/pl\/wp-json\/wp\/v2\/product_brand?post=172119"},{"taxonomy":"product_cat","embeddable":true,"href":"https:\/\/pgwear.net\/pl\/wp-json\/wp\/v2\/product_cat?post=172119"},{"taxonomy":"product_tag","embeddable":true,"href":"https:\/\/pgwear.net\/pl\/wp-json\/wp\/v2\/product_tag?post=172119"}],"curies":[{"name":"wp","href":"https:\/\/api.w.org\/{rel}","templated":true}]}}