{"id":17349,"date":"2022-04-29T11:08:27","date_gmt":"2022-04-29T09:08:27","guid":{"rendered":"https:\/\/dev.pgwear.net\/p\/devre22-t-shirt-beer\/"},"modified":"2026-03-27T11:19:26","modified_gmt":"2026-03-27T10:19:26","slug":"devre22-t-shirt-beer","status":"publish","type":"product","link":"https:\/\/pgwear.net\/pl\/p\/devre22-t-shirt-beer\/","title":{"rendered":"T-shirt &#8220;Beer&#8221;"},"content":{"rendered":"<p>Piwo to nie jest zwyk\u0142y nap\u00f3j w kulturze pi\u0142karskiej! Kojarzy si\u0119 z wyjazdami pe\u0142nymi przyg\u00f3d, kibicowaniem na trybunach, nieko\u0144cz\u0105cymi si\u0119 godzinami z kumplami w miejscowym pubie\u2026 ta wyj\u0105tkowa koszulka od PGWEAR ULTRAS SHOP jest ozdobiona wzorem stylizowanym na etykiet\u0119 z butelki piwa! You\u2019ll never drink alone! Nidy nie b\u0119dziesz pi\u0142 sam!<\/p>\n","protected":false},"excerpt":{"rendered":"<p>Piwo to nie jest zwyk\u0142y nap\u00f3j w kulturze pi\u0142karskiej!<\/p>\n","protected":false},"featured_media":17597,"template":"","meta":{"_acf_changed":false},"product_brand":[],"product_cat":[372],"product_tag":[3277],"class_list":{"0":"post-17349","1":"product","2":"type-product","3":"status-publish","4":"has-post-thumbnail","6":"product_cat-t-shirty","7":"product_tag-ostatnie-sztuki","8":"pa_gramatura-180-gr-m2","9":"pa_kolekcja-legendarne-produkty","10":"pa_kolor-szary","11":"pa_kroj-klasyczny","12":"pa_material-100-bawelna","13":"pa_nadruk-duzy-nadruk-na-klatce-piersiowej","14":"pa_rozmiar-l","15":"pa_rozmiar-m","16":"pa_rozmiar-s","17":"pa_rozmiar-xl","18":"pa_rozmiar-xxl","19":"pa_rozmiar-xxxl","20":"feature-2211","21":"feature-motyw-pilki","22":"feature-motyw-piwa","24":"first","25":"instock","26":"sale","27":"taxable","28":"shipping-taxable","29":"purchasable","30":"product-type-variable"},"acf":[],"_links":{"self":[{"href":"https:\/\/pgwear.net\/pl\/wp-json\/wp\/v2\/product\/17349","targetHints":{"allow":["GET"]}}],"collection":[{"href":"https:\/\/pgwear.net\/pl\/wp-json\/wp\/v2\/product"}],"about":[{"href":"https:\/\/pgwear.net\/pl\/wp-json\/wp\/v2\/types\/product"}],"wp:featuredmedia":[{"embeddable":true,"href":"https:\/\/pgwear.net\/pl\/wp-json\/wp\/v2\/media\/17597"}],"wp:attachment":[{"href":"https:\/\/pgwear.net\/pl\/wp-json\/wp\/v2\/media?parent=17349"}],"wp:term":[{"taxonomy":"product_brand","embeddable":true,"href":"https:\/\/pgwear.net\/pl\/wp-json\/wp\/v2\/product_brand?post=17349"},{"taxonomy":"product_cat","embeddable":true,"href":"https:\/\/pgwear.net\/pl\/wp-json\/wp\/v2\/product_cat?post=17349"},{"taxonomy":"product_tag","embeddable":true,"href":"https:\/\/pgwear.net\/pl\/wp-json\/wp\/v2\/product_tag?post=17349"}],"curies":[{"name":"wp","href":"https:\/\/api.w.org\/{rel}","templated":true}]}}