{"id":17356,"date":"2022-04-29T11:08:27","date_gmt":"2022-04-29T09:08:27","guid":{"rendered":"https:\/\/dev.pgwear.net\/p\/devre22-t-shirt-bulldog\/"},"modified":"2026-04-30T10:21:33","modified_gmt":"2026-04-30T08:21:33","slug":"devre22-t-shirt-bulldog","status":"publish","type":"product","link":"https:\/\/pgwear.net\/pl\/p\/devre22-t-shirt-bulldog\/","title":{"rendered":"T-shirt &#8220;Bulldog&#8221;"},"content":{"rendered":"<p>Bulldog by\u0142 symbolem powszechnie u\u017cywanym przez chuligan\u00f3w pi\u0142karskich w latach 90. i 00. Mo\u017cna by\u0142o go spotka\u0107 na koszulkach, flagach oraz fanzinach. Ten motyw zainspirowa\u0142 PGWEAR ultras shop do stworzenia tej wyj\u0105tkowej koszulki. Dodali\u015bmy r\u00f3wnie\u017c s\u0142ynne oldschoolowe has\u0142o ruch ultras \u2013 \u201cNO ONE LIKES US, WE DON\u2019T CARE!\u201d Ten produkt dedykujemy wszystkim, kt\u00f3rzy odczuwaj\u0105 t\u0119sknot\u0119 za starymi, dobrymi czasami!<\/p>\n","protected":false},"excerpt":{"rendered":"<p>Bulldog by\u0142 symbolem powszechnie u\u017cywanym przez chuligan\u00f3w pi\u0142karskich w latach 90. i 00.<\/p>\n","protected":false},"featured_media":17627,"template":"","meta":{"_acf_changed":false},"product_brand":[],"product_cat":[372],"product_tag":[],"class_list":{"0":"post-17356","1":"product","2":"type-product","3":"status-publish","4":"has-post-thumbnail","6":"product_cat-t-shirty","7":"pa_gramatura-180-gr-m2","8":"pa_kolekcja-legendarne-produkty","9":"pa_kolor-szary","10":"pa_kroj-klasyczny","11":"pa_material-100-bawelna","12":"pa_nadruk-duzy-nadruk-na-plecach","13":"pa_nadruk-nadruk-na-sercu","14":"pa_rozmiar-l","15":"pa_rozmiar-m","16":"pa_rozmiar-s","17":"pa_rozmiar-xl","18":"pa_rozmiar-xxl","19":"pa_rozmiar-xxxl","20":"feature-motyw-psa","22":"first","23":"instock","24":"taxable","25":"shipping-taxable","26":"purchasable","27":"product-type-variable"},"acf":[],"_links":{"self":[{"href":"https:\/\/pgwear.net\/pl\/wp-json\/wp\/v2\/product\/17356","targetHints":{"allow":["GET"]}}],"collection":[{"href":"https:\/\/pgwear.net\/pl\/wp-json\/wp\/v2\/product"}],"about":[{"href":"https:\/\/pgwear.net\/pl\/wp-json\/wp\/v2\/types\/product"}],"wp:featuredmedia":[{"embeddable":true,"href":"https:\/\/pgwear.net\/pl\/wp-json\/wp\/v2\/media\/17627"}],"wp:attachment":[{"href":"https:\/\/pgwear.net\/pl\/wp-json\/wp\/v2\/media?parent=17356"}],"wp:term":[{"taxonomy":"product_brand","embeddable":true,"href":"https:\/\/pgwear.net\/pl\/wp-json\/wp\/v2\/product_brand?post=17356"},{"taxonomy":"product_cat","embeddable":true,"href":"https:\/\/pgwear.net\/pl\/wp-json\/wp\/v2\/product_cat?post=17356"},{"taxonomy":"product_tag","embeddable":true,"href":"https:\/\/pgwear.net\/pl\/wp-json\/wp\/v2\/product_tag?post=17356"}],"curies":[{"name":"wp","href":"https:\/\/api.w.org\/{rel}","templated":true}]}}