{"id":17370,"date":"2022-04-29T11:08:29","date_gmt":"2022-04-29T09:08:29","guid":{"rendered":"https:\/\/dev.pgwear.net\/p\/devre22-t-shirt-passion\/"},"modified":"2026-03-24T12:15:46","modified_gmt":"2026-03-24T11:15:46","slug":"devre22-t-shirt-passion","status":"publish","type":"product","link":"https:\/\/pgwear.net\/pl\/p\/devre22-t-shirt-passion\/","title":{"rendered":"T-shirt &#8220;Passion&#8221;"},"content":{"rendered":"<p>Wspieranie ukochanej dru\u017cyny, zar\u00f3wno na meczach u siebie jak i na wyjazdach, doping, machanie flagami oraz prezentowanie opraw na trybunach, a tak\u017ce odpalanie pyro\u2026 to w\u0142a\u015bnie nasza pasja! Pasja, kt\u00f3ra nie jest zbrodni\u0105! G\u0142o\u015b to przes\u0142anie nosz\u0105c koszulk\u0119 \u201ePassion\u201d z naszego ultras shopu!<\/p>\n","protected":false},"excerpt":{"rendered":"<p>Wspieranie ukochanej dru\u017cyny, zar\u00f3wno na meczach u siebie jak i na wyjazdach, doping,<\/p>\n","protected":false},"featured_media":17499,"template":"","meta":{"_acf_changed":false},"product_brand":[],"product_cat":[372],"product_tag":[],"class_list":{"0":"post-17370","1":"product","2":"type-product","3":"status-publish","4":"has-post-thumbnail","6":"product_cat-t-shirty","7":"pa_gramatura-180-gr-m2","8":"pa_kolekcja-legendarne-produkty","9":"pa_kolor-czarny","10":"pa_kroj-klasyczny","11":"pa_material-100-bawelna","12":"pa_nadruk-duzy-nadruk-na-klatce-piersiowej","13":"pa_rozmiar-l","14":"pa_rozmiar-m","15":"pa_rozmiar-s","16":"pa_rozmiar-xl","17":"pa_rozmiar-xxl","18":"pa_rozmiar-xxxl","19":"feature-motyw-pyro","21":"first","22":"instock","23":"taxable","24":"shipping-taxable","25":"purchasable","26":"product-type-variable"},"acf":[],"_links":{"self":[{"href":"https:\/\/pgwear.net\/pl\/wp-json\/wp\/v2\/product\/17370","targetHints":{"allow":["GET"]}}],"collection":[{"href":"https:\/\/pgwear.net\/pl\/wp-json\/wp\/v2\/product"}],"about":[{"href":"https:\/\/pgwear.net\/pl\/wp-json\/wp\/v2\/types\/product"}],"wp:featuredmedia":[{"embeddable":true,"href":"https:\/\/pgwear.net\/pl\/wp-json\/wp\/v2\/media\/17499"}],"wp:attachment":[{"href":"https:\/\/pgwear.net\/pl\/wp-json\/wp\/v2\/media?parent=17370"}],"wp:term":[{"taxonomy":"product_brand","embeddable":true,"href":"https:\/\/pgwear.net\/pl\/wp-json\/wp\/v2\/product_brand?post=17370"},{"taxonomy":"product_cat","embeddable":true,"href":"https:\/\/pgwear.net\/pl\/wp-json\/wp\/v2\/product_cat?post=17370"},{"taxonomy":"product_tag","embeddable":true,"href":"https:\/\/pgwear.net\/pl\/wp-json\/wp\/v2\/product_tag?post=17370"}],"curies":[{"name":"wp","href":"https:\/\/api.w.org\/{rel}","templated":true}]}}