{"id":17377,"date":"2022-04-29T11:08:29","date_gmt":"2022-04-29T09:08:29","guid":{"rendered":"https:\/\/dev.pgwear.net\/p\/devre22-t-shirt-acab-pure\/"},"modified":"2026-03-26T10:07:27","modified_gmt":"2026-03-26T09:07:27","slug":"devre22-t-shirt-acab-pure","status":"publish","type":"product","link":"https:\/\/pgwear.net\/pl\/p\/devre22-t-shirt-acab-pure\/","title":{"rendered":"T-shirt &#8220;ACAB Pure&#8221;"},"content":{"rendered":"<p>10 lat temu kto\u015b umie\u015bci\u0142 na zniszczonej \u015bcianie napis \u201eACAB\u201d a kto\u015b inny zrobi\u0142 mu zdj\u0119cie. I ta fotka zacz\u0119\u0142a kr\u0105\u017cy\u0107 wiralowo w internetowym \u015bwiecie kiboli. My r\u00f3wnie\u017c si\u0119 nim zainspirowali\u015bmy i stworzyli\u015bmy T-shirt z napisem ACAB z tak\u0105 sam\u0105 czcionk\u0105 jak z tego legendarnego zdj\u0119cia! Kultowy T-shirt \u201eacab\u201d wraca do naszej oferty!<\/p>\n","protected":false},"excerpt":{"rendered":"<p>10 lat temu kto\u015b umie\u015bci\u0142 na zniszczonej \u015bcianie napis \u201eACAB\u201d a kto\u015b inny zrobi\u0142 mu zdj\u0119cie.<\/p>\n","protected":false},"featured_media":17532,"template":"","meta":{"_acf_changed":false},"product_brand":[],"product_cat":[372],"product_tag":[],"class_list":{"0":"post-17377","1":"product","2":"type-product","3":"status-publish","4":"has-post-thumbnail","6":"product_cat-t-shirty","7":"pa_gramatura-180-gr-m2","8":"pa_kolekcja-legendarne-produkty","9":"pa_kolor-granatowy","10":"pa_kroj-klasyczny","11":"pa_material-100-bawelna","12":"pa_nadruk-duzy-nadruk-na-klatce-piersiowej","13":"pa_rozmiar-l","14":"pa_rozmiar-m","15":"pa_rozmiar-s","16":"pa_rozmiar-xl","17":"pa_rozmiar-xxl","18":"pa_rozmiar-xxxl","19":"feature-acab","21":"first","22":"instock","23":"taxable","24":"shipping-taxable","25":"purchasable","26":"product-type-variable"},"acf":[],"_links":{"self":[{"href":"https:\/\/pgwear.net\/pl\/wp-json\/wp\/v2\/product\/17377","targetHints":{"allow":["GET"]}}],"collection":[{"href":"https:\/\/pgwear.net\/pl\/wp-json\/wp\/v2\/product"}],"about":[{"href":"https:\/\/pgwear.net\/pl\/wp-json\/wp\/v2\/types\/product"}],"wp:featuredmedia":[{"embeddable":true,"href":"https:\/\/pgwear.net\/pl\/wp-json\/wp\/v2\/media\/17532"}],"wp:attachment":[{"href":"https:\/\/pgwear.net\/pl\/wp-json\/wp\/v2\/media?parent=17377"}],"wp:term":[{"taxonomy":"product_brand","embeddable":true,"href":"https:\/\/pgwear.net\/pl\/wp-json\/wp\/v2\/product_brand?post=17377"},{"taxonomy":"product_cat","embeddable":true,"href":"https:\/\/pgwear.net\/pl\/wp-json\/wp\/v2\/product_cat?post=17377"},{"taxonomy":"product_tag","embeddable":true,"href":"https:\/\/pgwear.net\/pl\/wp-json\/wp\/v2\/product_tag?post=17377"}],"curies":[{"name":"wp","href":"https:\/\/api.w.org\/{rel}","templated":true}]}}