{"id":17384,"date":"2022-04-29T11:08:30","date_gmt":"2022-04-29T09:08:30","guid":{"rendered":"https:\/\/dev.pgwear.net\/p\/devre22-t-shirt-were-the-one\/"},"modified":"2026-04-08T11:12:18","modified_gmt":"2026-04-08T09:12:18","slug":"devre22-t-shirt-were-the-one","status":"publish","type":"product","link":"https:\/\/pgwear.net\/pl\/p\/devre22-t-shirt-were-the-one\/","title":{"rendered":"T-shirt  &#8220;We&#8217;re the one&#8221;"},"content":{"rendered":"<p>PGWEAR ULTRAS SHOP zas\u0142yn\u0105\u0142 z wielkich kolorowych nadruk\u00f3w na koszulkach zwi\u0105zanych z kultur\u0105 ultras. Z dum\u0105 ponownie prezentujemy jeden z najwi\u0119kszych bestsellerowych wzor\u00f3w! Ten t-shirt przedstwia pi\u0119ciu zagorza\u0142ych fanatyk\u00f3w pi\u0142ki no\u017cnej oraz has\u0142o \u201eWe\u2019re the one\u201d!<\/p>\n","protected":false},"excerpt":{"rendered":"<p>PGWEAR ULTRAS SHOP zas\u0142yn\u0105\u0142 z wielkich kolorowych nadruk\u00f3w na koszulkach zwi\u0105zanych z kultur\u0105 ultras.<\/p>\n","protected":false},"featured_media":17436,"template":"","meta":{"_acf_changed":false},"product_brand":[],"product_cat":[372],"product_tag":[3277],"class_list":{"0":"post-17384","1":"product","2":"type-product","3":"status-publish","4":"has-post-thumbnail","6":"product_cat-t-shirty","7":"product_tag-ostatnie-sztuki","8":"pa_gramatura-180-gr-m2","9":"pa_kolekcja-legendarne-produkty","10":"pa_kolor-czarny","11":"pa_kroj-klasyczny","12":"pa_material-100-bawelna","13":"pa_nadruk-duzy-nadruk-na-klatce-piersiowej","14":"pa_nadruk-duzy-nadruk-na-plecach","15":"pa_rozmiar-l","16":"pa_rozmiar-m","17":"pa_rozmiar-s","18":"pa_rozmiar-xl","19":"pa_rozmiar-xxl","20":"pa_rozmiar-xxxl","21":"feature-czerwony-napis","22":"feature-motyw-kominiarki","24":"first","25":"instock","26":"sale","27":"taxable","28":"shipping-taxable","29":"purchasable","30":"product-type-variable"},"acf":[],"_links":{"self":[{"href":"https:\/\/pgwear.net\/pl\/wp-json\/wp\/v2\/product\/17384","targetHints":{"allow":["GET"]}}],"collection":[{"href":"https:\/\/pgwear.net\/pl\/wp-json\/wp\/v2\/product"}],"about":[{"href":"https:\/\/pgwear.net\/pl\/wp-json\/wp\/v2\/types\/product"}],"wp:featuredmedia":[{"embeddable":true,"href":"https:\/\/pgwear.net\/pl\/wp-json\/wp\/v2\/media\/17436"}],"wp:attachment":[{"href":"https:\/\/pgwear.net\/pl\/wp-json\/wp\/v2\/media?parent=17384"}],"wp:term":[{"taxonomy":"product_brand","embeddable":true,"href":"https:\/\/pgwear.net\/pl\/wp-json\/wp\/v2\/product_brand?post=17384"},{"taxonomy":"product_cat","embeddable":true,"href":"https:\/\/pgwear.net\/pl\/wp-json\/wp\/v2\/product_cat?post=17384"},{"taxonomy":"product_tag","embeddable":true,"href":"https:\/\/pgwear.net\/pl\/wp-json\/wp\/v2\/product_tag?post=17384"}],"curies":[{"name":"wp","href":"https:\/\/api.w.org\/{rel}","templated":true}]}}