{"id":17398,"date":"2022-04-29T11:08:31","date_gmt":"2022-04-29T09:08:31","guid":{"rendered":"https:\/\/dev.pgwear.net\/p\/devre22-t-shirt-what-i-live-for\/"},"modified":"2026-03-24T11:19:55","modified_gmt":"2026-03-24T10:19:55","slug":"devre22-t-shirt-what-i-live-for","status":"publish","type":"product","link":"https:\/\/pgwear.net\/pl\/p\/devre22-t-shirt-what-i-live-for\/","title":{"rendered":"T-shirt  &#8220;What i live for&#8221;"},"content":{"rendered":"<p>Piwo, sprzeciw wobec nowoczesnej pi\u0142ce no\u017cnej i pyro- trzy symbole kultury ultras, bez kt\u00f3rych \u017caden ruch kibicowski nie mo\u017ce istnie\u0107! Piwo oznacza zabaw\u0119, czas p\u0119dzony z kumplami podczas meczy wyjazdowych lub u siebie. Pi\u0142ka \u201eAgainst Modern Football\u201d reprezentuje wszystkie najwa\u017cniejsze warto\u015bci kultury ultras, kt\u00f3re nie zosta\u0142y jeszcze zniszczone przez pieni\u0105dze. Ostatnie, ale nie mniej wa\u017cne, s\u0105 race &#8211; symbol naszej pasji i mi\u0142o\u015bci podczas kibicowania naszej dru\u017cynie na stadionie!<\/p>\n","protected":false},"excerpt":{"rendered":"<p>Piwo, sprzeciw wobec nowoczesnej pi\u0142ce no\u017cnej i pyro- trzy symbole kultury ultras, bez kt\u00f3rych \u017caden ruch kibicowski nie mo\u017ce istnie\u0107!<\/p>\n","protected":false},"featured_media":17406,"template":"","meta":{"_acf_changed":false},"product_brand":[],"product_cat":[372],"product_tag":[],"class_list":{"0":"post-17398","1":"product","2":"type-product","3":"status-publish","4":"has-post-thumbnail","6":"product_cat-t-shirty","7":"pa_gramatura-180-gr-m2","8":"pa_kolekcja-legendarne-produkty","9":"pa_kolor-oliwkowy","10":"pa_kroj-klasyczny","11":"pa_material-100-bawelna","12":"pa_nadruk-duzy-nadruk-na-klatce-piersiowej","13":"pa_rozmiar-l","14":"pa_rozmiar-m","15":"pa_rozmiar-s","16":"pa_rozmiar-xl","17":"pa_rozmiar-xxl","18":"pa_rozmiar-xxxl","19":"feature-motyw-pilki","20":"feature-motyw-piwa","21":"feature-motyw-pyro","23":"first","24":"instock","25":"taxable","26":"shipping-taxable","27":"purchasable","28":"product-type-variable"},"acf":[],"_links":{"self":[{"href":"https:\/\/pgwear.net\/pl\/wp-json\/wp\/v2\/product\/17398","targetHints":{"allow":["GET"]}}],"collection":[{"href":"https:\/\/pgwear.net\/pl\/wp-json\/wp\/v2\/product"}],"about":[{"href":"https:\/\/pgwear.net\/pl\/wp-json\/wp\/v2\/types\/product"}],"wp:featuredmedia":[{"embeddable":true,"href":"https:\/\/pgwear.net\/pl\/wp-json\/wp\/v2\/media\/17406"}],"wp:attachment":[{"href":"https:\/\/pgwear.net\/pl\/wp-json\/wp\/v2\/media?parent=17398"}],"wp:term":[{"taxonomy":"product_brand","embeddable":true,"href":"https:\/\/pgwear.net\/pl\/wp-json\/wp\/v2\/product_brand?post=17398"},{"taxonomy":"product_cat","embeddable":true,"href":"https:\/\/pgwear.net\/pl\/wp-json\/wp\/v2\/product_cat?post=17398"},{"taxonomy":"product_tag","embeddable":true,"href":"https:\/\/pgwear.net\/pl\/wp-json\/wp\/v2\/product_tag?post=17398"}],"curies":[{"name":"wp","href":"https:\/\/api.w.org\/{rel}","templated":true}]}}