{"id":175039,"date":"2024-10-17T10:25:47","date_gmt":"2024-10-17T08:25:47","guid":{"rendered":"https:\/\/pgwear.net\/p\/ss25-bandana-illegal-passion\/"},"modified":"2026-03-06T11:54:53","modified_gmt":"2026-03-06T10:54:53","slug":"bandana-illegal-passion","status":"publish","type":"product","link":"https:\/\/pgwear.net\/pl\/p\/bandana-illegal-passion\/","title":{"rendered":"Bandana &#8220;Illegal Passion&#8221;"},"content":{"rendered":"<p>Wykonana z mi\u0119kkiej, oddychaj\u0105cej bawe\u0142ny, ta bandana oferuje idealne po\u0142\u0105czenie wygody i trwa\u0142o\u015bci, dzi\u0119ki czemu idealnie nadaje si\u0119 na mecz! Projekt wyr\u00f3\u017cnia si\u0119 efektownym, ultrastylowym nadrukiem, dzi\u0119ki kt\u00f3remu wyr\u00f3\u017cnisz si\u0119 z t\u0142umu. Niezale\u017cnie od tego, czy b\u0119dziesz ni\u0105 macha\u0107 na meczu, nosi\u0107 na g\u0142owie czy przywi\u0105\u017cesz do torby, ta bandana doda zadziornego akcentu ka\u017cdej codziennej stylizacji, sygnalizuj\u0105c Twoj\u0105 lojalno\u015b\u0107 wobec dru\u017cyny i kultury ultras.<\/p>\n","protected":false},"excerpt":{"rendered":"<p>Wykonana z mi\u0119kkiej, oddychaj\u0105cej bawe\u0142ny, ta bandana oferuje idealne po\u0142\u0105czenie wygody i trwa\u0142o\u015bci, dzi\u0119ki czemu idealnie nadaje si\u0119 na mecz! Projekt wyr\u00f3\u017cnia si\u0119 efektownym, ultrastylowym nadrukiem, dzi\u0119ki kt\u00f3remu wyr\u00f3\u017cnisz si\u0119 z t\u0142umu.<\/p>\n","protected":false},"featured_media":196693,"template":"","meta":{"_acf_changed":false},"product_brand":[],"product_cat":[375,376,3526],"product_tag":[3417],"class_list":{"0":"post-175039","1":"product","2":"type-product","3":"status-publish","4":"has-post-thumbnail","6":"product_cat-akcesoria","7":"product_cat-nowosci","8":"product_cat-pozostale-2","9":"product_tag-wiosna-lato-2025","10":"pa_gramatura-120-gr-m2","11":"pa_kolekcja-wiosna-lato-2025","12":"pa_kolor-czarny","13":"pa_material-100-poliester","14":"pa_nadruk-nadruk-na-calej-powierzchni","16":"first","17":"instock","18":"sale","19":"taxable","20":"shipping-taxable","21":"purchasable","22":"product-type-simple"},"acf":[],"_links":{"self":[{"href":"https:\/\/pgwear.net\/pl\/wp-json\/wp\/v2\/product\/175039","targetHints":{"allow":["GET"]}}],"collection":[{"href":"https:\/\/pgwear.net\/pl\/wp-json\/wp\/v2\/product"}],"about":[{"href":"https:\/\/pgwear.net\/pl\/wp-json\/wp\/v2\/types\/product"}],"wp:featuredmedia":[{"embeddable":true,"href":"https:\/\/pgwear.net\/pl\/wp-json\/wp\/v2\/media\/196693"}],"wp:attachment":[{"href":"https:\/\/pgwear.net\/pl\/wp-json\/wp\/v2\/media?parent=175039"}],"wp:term":[{"taxonomy":"product_brand","embeddable":true,"href":"https:\/\/pgwear.net\/pl\/wp-json\/wp\/v2\/product_brand?post=175039"},{"taxonomy":"product_cat","embeddable":true,"href":"https:\/\/pgwear.net\/pl\/wp-json\/wp\/v2\/product_cat?post=175039"},{"taxonomy":"product_tag","embeddable":true,"href":"https:\/\/pgwear.net\/pl\/wp-json\/wp\/v2\/product_tag?post=175039"}],"curies":[{"name":"wp","href":"https:\/\/api.w.org\/{rel}","templated":true}]}}