{"id":175041,"date":"2024-10-17T10:25:48","date_gmt":"2024-10-17T08:25:48","guid":{"rendered":"https:\/\/pgwear.net\/p\/ss25-portfel-ripper\/"},"modified":"2026-03-06T11:54:53","modified_gmt":"2026-03-06T10:54:53","slug":"portfel-ripper","status":"publish","type":"product","link":"https:\/\/pgwear.net\/pl\/p\/portfel-ripper\/","title":{"rendered":"Portfel &#8220;Ripper&#8221;"},"content":{"rendered":"<p>Poka\u017c swoj\u0105 pasj\u0119 do gry i mody na \u015bwie\u017cym powietrzu z tym stylowym i wytrzyma\u0142ym portfelem p\u0142\u00f3ciennym, zaprojektowanym dla prawdziwych pasjonat\u00f3w pi\u0142ki no\u017cnej! Wykonany z materia\u0142\u00f3w najwy\u017cszej jako\u015bci, charakteryzuje si\u0119 odwa\u017cnym, sportowym designem. Prz\u00f3d zdobi przyci\u0105gaj\u0105cy wzrok, ultrastylowy nadruk, produkt idealny na ulic\u0119 jak i na stadion.<\/p>\n","protected":false},"excerpt":{"rendered":"<p>Poka\u017c swoj\u0105 pasj\u0119 do gry i mody na \u015bwie\u017cym powietrzu z tym stylowym i wytrzyma\u0142ym portfelem p\u0142\u00f3ciennym, zaprojektowanym dla prawdziwych pasjonat\u00f3w pi\u0142ki no\u017cnej! Wykonany z materia\u0142\u00f3w najwy\u017cszej jako\u015bci, charakteryzuje si\u0119 odwa\u017cnym, sportowym designem. Prz\u00f3d zdobi przyci\u0105gaj\u0105cy wzrok, ultrastylowy nadruk, produkt idealny na ulic\u0119 jak i na stadion.<\/p>\n","protected":false},"featured_media":196675,"template":"","meta":{"_acf_changed":false},"product_brand":[],"product_cat":[375,376,3518],"product_tag":[3417],"class_list":{"0":"post-175041","1":"product","2":"type-product","3":"status-publish","4":"has-post-thumbnail","6":"product_cat-akcesoria","7":"product_cat-nowosci","8":"product_cat-portfele","9":"product_tag-wiosna-lato-2025","10":"pa_kolekcja-wiosna-lato-2025","11":"pa_kolor-czarny","12":"pa_material-100-poliester","13":"pa_nadruk-z-przodu-nadruk-na-calej-powierzchni","15":"first","16":"instock","17":"taxable","18":"shipping-taxable","19":"purchasable","20":"product-type-simple"},"acf":[],"_links":{"self":[{"href":"https:\/\/pgwear.net\/pl\/wp-json\/wp\/v2\/product\/175041","targetHints":{"allow":["GET"]}}],"collection":[{"href":"https:\/\/pgwear.net\/pl\/wp-json\/wp\/v2\/product"}],"about":[{"href":"https:\/\/pgwear.net\/pl\/wp-json\/wp\/v2\/types\/product"}],"wp:featuredmedia":[{"embeddable":true,"href":"https:\/\/pgwear.net\/pl\/wp-json\/wp\/v2\/media\/196675"}],"wp:attachment":[{"href":"https:\/\/pgwear.net\/pl\/wp-json\/wp\/v2\/media?parent=175041"}],"wp:term":[{"taxonomy":"product_brand","embeddable":true,"href":"https:\/\/pgwear.net\/pl\/wp-json\/wp\/v2\/product_brand?post=175041"},{"taxonomy":"product_cat","embeddable":true,"href":"https:\/\/pgwear.net\/pl\/wp-json\/wp\/v2\/product_cat?post=175041"},{"taxonomy":"product_tag","embeddable":true,"href":"https:\/\/pgwear.net\/pl\/wp-json\/wp\/v2\/product_tag?post=175041"}],"curies":[{"name":"wp","href":"https:\/\/api.w.org\/{rel}","templated":true}]}}