{"id":175043,"date":"2024-10-17T10:25:49","date_gmt":"2024-10-17T08:25:49","guid":{"rendered":"https:\/\/pgwear.net\/p\/ss25-torba-na-ramie-walker\/"},"modified":"2026-03-27T12:43:27","modified_gmt":"2026-03-27T11:43:27","slug":"torba-na-ramie-walker","status":"publish","type":"product","link":"https:\/\/pgwear.net\/pl\/p\/torba-na-ramie-walker\/","title":{"rendered":"Torba na rami\u0119 &#8220;Walker&#8221;"},"content":{"rendered":"<p>Zabierz ze sob\u0105 wszystkie najwa\u017cniejsze rzeczy i trzymaj je w torbie na rami\u0119 od PGWEAR! Ten dodatek dope\u0142ni ka\u017cdy str\u00f3j, idealny produkt dla zwyk\u0142ego maniaka mody po zagorza\u0142ego fanatyka pi\u0142ki no\u017cnej, ultrasa czy chuligana!<\/p>\n","protected":false},"excerpt":{"rendered":"<p>Zabierz ze sob\u0105 wszystkie najwa\u017cniejsze rzeczy i trzymaj je w torbie na rami\u0119 od PGWEAR! Ten dodatek dope\u0142ni ka\u017cdy str\u00f3j, idealny produkt dla zwyk\u0142ego maniaka mody po zagorza\u0142ego fanatyka pi\u0142ki no\u017cnej, ultrasa czy chuligana!<\/p>\n","protected":false},"featured_media":196687,"template":"","meta":{"_acf_changed":false},"product_brand":[],"product_cat":[375,376,3515],"product_tag":[3417],"class_list":{"0":"post-175043","1":"product","2":"type-product","3":"status-publish","4":"has-post-thumbnail","6":"product_cat-akcesoria","7":"product_cat-nowosci","8":"product_cat-torby-na-ramie","9":"product_tag-wiosna-lato-2025","10":"pa_gramatura-280-gr-m2","11":"pa_kolekcja-wiosna-lato-2025","12":"pa_kolor-czarny","13":"pa_material-100-poliester","15":"first","16":"instock","17":"taxable","18":"shipping-taxable","19":"purchasable","20":"product-type-simple"},"acf":[],"_links":{"self":[{"href":"https:\/\/pgwear.net\/pl\/wp-json\/wp\/v2\/product\/175043","targetHints":{"allow":["GET"]}}],"collection":[{"href":"https:\/\/pgwear.net\/pl\/wp-json\/wp\/v2\/product"}],"about":[{"href":"https:\/\/pgwear.net\/pl\/wp-json\/wp\/v2\/types\/product"}],"wp:featuredmedia":[{"embeddable":true,"href":"https:\/\/pgwear.net\/pl\/wp-json\/wp\/v2\/media\/196687"}],"wp:attachment":[{"href":"https:\/\/pgwear.net\/pl\/wp-json\/wp\/v2\/media?parent=175043"}],"wp:term":[{"taxonomy":"product_brand","embeddable":true,"href":"https:\/\/pgwear.net\/pl\/wp-json\/wp\/v2\/product_brand?post=175043"},{"taxonomy":"product_cat","embeddable":true,"href":"https:\/\/pgwear.net\/pl\/wp-json\/wp\/v2\/product_cat?post=175043"},{"taxonomy":"product_tag","embeddable":true,"href":"https:\/\/pgwear.net\/pl\/wp-json\/wp\/v2\/product_tag?post=175043"}],"curies":[{"name":"wp","href":"https:\/\/api.w.org\/{rel}","templated":true}]}}