{"id":175044,"date":"2024-10-17T10:25:49","date_gmt":"2024-10-17T08:25:49","guid":{"rendered":"https:\/\/pgwear.net\/p\/ss25-torba-na-pas-drip\/"},"modified":"2026-03-27T12:43:27","modified_gmt":"2026-03-27T11:43:27","slug":"torba-na-pas-drip","status":"publish","type":"product","link":"https:\/\/pgwear.net\/pl\/p\/torba-na-pas-drip\/","title":{"rendered":"Torba na pas &#8220;Drip&#8221;"},"content":{"rendered":"<p>Czy Ty r\u00f3wnie\u017c zmagasz si\u0119 z problemem, \u017ce nie masz wystarczaj\u0105co du\u017co miejsca w kieszeniach, aby przechowywa\u0107 wszystkie niezb\u0119dne akcesoria stadionowe? Nie jeste\u015b tym jedynym, a PGWEAR jest tutaj, aby Ci pom\u00f3c! Klasyczna czarna torba na pas DRIP to idealne rozwi\u0105zanie! Przestronna, solidna \u2013 zmie\u015bcisz w niej telefon, klucze, bilet na mecz, a nawet troch\u0119 pirotechniki!<\/p>\n","protected":false},"excerpt":{"rendered":"<p>Czy Ty r\u00f3wnie\u017c zmagasz si\u0119 z problemem, \u017ce nie masz wystarczaj\u0105co du\u017co miejsca w kieszeniach, aby przechowywa\u0107 wszystkie niezb\u0119dne akcesoria stadionowe? Nie jeste\u015b tym jedynym, a PGWEAR jest tutaj, aby Ci pom\u00f3c!<\/p>\n","protected":false},"featured_media":196690,"template":"","meta":{"_acf_changed":false},"product_brand":[],"product_cat":[375,376,3514],"product_tag":[3417],"class_list":{"0":"post-175044","1":"product","2":"type-product","3":"status-publish","4":"has-post-thumbnail","6":"product_cat-akcesoria","7":"product_cat-nowosci","8":"product_cat-torby-na-pas","9":"product_tag-wiosna-lato-2025","10":"pa_gramatura-280-gr-m2","11":"pa_kolekcja-wiosna-lato-2025","12":"pa_kolor-czarny","13":"pa_material-100-poliester","15":"first","16":"instock","17":"taxable","18":"shipping-taxable","19":"purchasable","20":"product-type-simple"},"acf":[],"_links":{"self":[{"href":"https:\/\/pgwear.net\/pl\/wp-json\/wp\/v2\/product\/175044","targetHints":{"allow":["GET"]}}],"collection":[{"href":"https:\/\/pgwear.net\/pl\/wp-json\/wp\/v2\/product"}],"about":[{"href":"https:\/\/pgwear.net\/pl\/wp-json\/wp\/v2\/types\/product"}],"wp:featuredmedia":[{"embeddable":true,"href":"https:\/\/pgwear.net\/pl\/wp-json\/wp\/v2\/media\/196690"}],"wp:attachment":[{"href":"https:\/\/pgwear.net\/pl\/wp-json\/wp\/v2\/media?parent=175044"}],"wp:term":[{"taxonomy":"product_brand","embeddable":true,"href":"https:\/\/pgwear.net\/pl\/wp-json\/wp\/v2\/product_brand?post=175044"},{"taxonomy":"product_cat","embeddable":true,"href":"https:\/\/pgwear.net\/pl\/wp-json\/wp\/v2\/product_cat?post=175044"},{"taxonomy":"product_tag","embeddable":true,"href":"https:\/\/pgwear.net\/pl\/wp-json\/wp\/v2\/product_tag?post=175044"}],"curies":[{"name":"wp","href":"https:\/\/api.w.org\/{rel}","templated":true}]}}