{"id":175045,"date":"2024-10-17T10:25:49","date_gmt":"2024-10-17T08:25:49","guid":{"rendered":"https:\/\/pgwear.net\/p\/ss25-czapka-rybaczka-milano\/"},"modified":"2026-04-29T11:33:24","modified_gmt":"2026-04-29T09:33:24","slug":"czapka-rybaczka-milano","status":"publish","type":"product","link":"https:\/\/pgwear.net\/pl\/p\/czapka-rybaczka-milano\/","title":{"rendered":"Czapka rybaczka &#8220;Milano&#8221;"},"content":{"rendered":"<p>Absolutnym hit mody ultras ostatnich kilku lat-czapka rybaczka! Spraw sobie ten model od PGWEAR i odpowiednio zakryj swoj\u0105 g\u0142ow\u0119 zar\u00f3wno na ulicy jak i na stadionie! Przyozdobiony subtelnym nadrukiem z pewno\u015bci\u0105 stanie si\u0119 jednym z  ulubionych dodatk\u00f3w do twoich outfit\u00f3w!<\/p>\n","protected":false},"excerpt":{"rendered":"<p>Absolutnym hit mody ultras ostatnich kilku lat-czapka rybaczka! Spraw sobie ten model od PGWEAR i odpowiednio zakryj swoj\u0105 g\u0142ow\u0119 zar\u00f3wno na ulicy jak i na stadionie! Przyozdobiony subtelnym nadrukiem z pewno\u015bci\u0105 stanie si\u0119 jednym z  ulubionych dodatk\u00f3w do twoich outfit\u00f3w!<\/p>\n","protected":false},"featured_media":196651,"template":"","meta":{"_acf_changed":false},"product_brand":[],"product_cat":[374,376,3509],"product_tag":[3417],"class_list":{"0":"post-175045","1":"product","2":"type-product","3":"status-publish","4":"has-post-thumbnail","6":"product_cat-czapki","7":"product_cat-nowosci","8":"product_cat-rybaczki","9":"product_tag-wiosna-lato-2025","10":"pa_kolekcja-wiosna-lato-2025","11":"pa_kolor-czarny","12":"feature-dwustronna","14":"first","15":"instock","16":"taxable","17":"shipping-taxable","18":"purchasable","19":"product-type-simple"},"acf":[],"_links":{"self":[{"href":"https:\/\/pgwear.net\/pl\/wp-json\/wp\/v2\/product\/175045","targetHints":{"allow":["GET"]}}],"collection":[{"href":"https:\/\/pgwear.net\/pl\/wp-json\/wp\/v2\/product"}],"about":[{"href":"https:\/\/pgwear.net\/pl\/wp-json\/wp\/v2\/types\/product"}],"wp:featuredmedia":[{"embeddable":true,"href":"https:\/\/pgwear.net\/pl\/wp-json\/wp\/v2\/media\/196651"}],"wp:attachment":[{"href":"https:\/\/pgwear.net\/pl\/wp-json\/wp\/v2\/media?parent=175045"}],"wp:term":[{"taxonomy":"product_brand","embeddable":true,"href":"https:\/\/pgwear.net\/pl\/wp-json\/wp\/v2\/product_brand?post=175045"},{"taxonomy":"product_cat","embeddable":true,"href":"https:\/\/pgwear.net\/pl\/wp-json\/wp\/v2\/product_cat?post=175045"},{"taxonomy":"product_tag","embeddable":true,"href":"https:\/\/pgwear.net\/pl\/wp-json\/wp\/v2\/product_tag?post=175045"}],"curies":[{"name":"wp","href":"https:\/\/api.w.org\/{rel}","templated":true}]}}