{"id":175046,"date":"2024-10-17T10:25:50","date_gmt":"2024-10-17T08:25:50","guid":{"rendered":"https:\/\/pgwear.net\/p\/ss25-czapka-baseballowa-staple-black\/"},"modified":"2026-04-21T12:21:18","modified_gmt":"2026-04-21T10:21:18","slug":"czapka-baseballowa-staple-black","status":"publish","type":"product","link":"https:\/\/pgwear.net\/pl\/p\/czapka-baseballowa-staple-black\/","title":{"rendered":"Czapka Baseballowa &#8220;Staple&#8221; Black"},"content":{"rendered":"<p>Niezast\u0105piony dodatek w garderobie ka\u017cdego ultrasa i casuala, kt\u00f3ry idealnie pasuje dos\u0142ownie do wszystkiego to czapka baseballowa! PGWEAR prezentuje klasyczn\u0105 wersj\u0119 w kolorze czarnym ozdobion\u0105 naszym logo z przodu! No\u015b ten produkt z dum\u0105 zar\u00f3wno na ulicy jak i na stadionie!<\/p>\n","protected":false},"excerpt":{"rendered":"<p>Niezast\u0105piony dodatek w garderobie ka\u017cdego ultrasa i casuala, kt\u00f3ry idealnie pasuje dos\u0142ownie do wszystkiego to czapka baseballowa! PGWEAR prezentuje klasyczn\u0105 wersj\u0119 w kolorze czarnym ozdobion\u0105 naszym logo z przodu! No\u015b ten produkt z dum\u0105 zar\u00f3wno na ulicy jak i na stadionie!<\/p>\n","protected":false},"featured_media":202923,"template":"","meta":{"_acf_changed":false},"product_brand":[],"product_cat":[374,3508,376],"product_tag":[3417],"class_list":{"0":"post-175046","1":"product","2":"type-product","3":"status-publish","4":"has-post-thumbnail","6":"product_cat-czapki","7":"product_cat-baseballowe","8":"product_cat-nowosci","9":"product_tag-wiosna-lato-2025","10":"pa_kolekcja-wiosna-lato-2025","11":"pa_kolor-czarny","12":"pa_kroj-klasyczny","13":"pa_material-100-bawelna","14":"feature-czapka-baseballowa","16":"first","17":"instock","18":"taxable","19":"shipping-taxable","20":"purchasable","21":"product-type-simple"},"acf":[],"_links":{"self":[{"href":"https:\/\/pgwear.net\/pl\/wp-json\/wp\/v2\/product\/175046","targetHints":{"allow":["GET"]}}],"collection":[{"href":"https:\/\/pgwear.net\/pl\/wp-json\/wp\/v2\/product"}],"about":[{"href":"https:\/\/pgwear.net\/pl\/wp-json\/wp\/v2\/types\/product"}],"wp:featuredmedia":[{"embeddable":true,"href":"https:\/\/pgwear.net\/pl\/wp-json\/wp\/v2\/media\/202923"}],"wp:attachment":[{"href":"https:\/\/pgwear.net\/pl\/wp-json\/wp\/v2\/media?parent=175046"}],"wp:term":[{"taxonomy":"product_brand","embeddable":true,"href":"https:\/\/pgwear.net\/pl\/wp-json\/wp\/v2\/product_brand?post=175046"},{"taxonomy":"product_cat","embeddable":true,"href":"https:\/\/pgwear.net\/pl\/wp-json\/wp\/v2\/product_cat?post=175046"},{"taxonomy":"product_tag","embeddable":true,"href":"https:\/\/pgwear.net\/pl\/wp-json\/wp\/v2\/product_tag?post=175046"}],"curies":[{"name":"wp","href":"https:\/\/api.w.org\/{rel}","templated":true}]}}