{"id":175047,"date":"2024-10-17T10:26:07","date_gmt":"2024-10-17T08:26:07","guid":{"rendered":"https:\/\/pgwear.net\/p\/ss25-spodenki-bawelniane-bermuda-black\/"},"modified":"2026-03-23T12:58:22","modified_gmt":"2026-03-23T11:58:22","slug":"spodenki-bawelniane-bermuda-black","status":"publish","type":"product","link":"https:\/\/pgwear.net\/pl\/p\/spodenki-bawelniane-bermuda-black\/","title":{"rendered":"Spodenki Bawe\u0142niane &#8220;Bermuda&#8221; Black"},"content":{"rendered":"<p>Kr\u00f3tkie, bawe\u0142niane spodenki BERMUDA od PGWEAR idealnie sprawdz\u0105 si\u0119 podczas letnich aktywno\u015bci na mie\u015bcie lub na stadionie, gdy chcesz przeskoczy\u0107 przez ogrodzenie, pomacha\u0107 wielk\u0105 flag\u0105 lub odpali\u0107 piro! \ud83d\ude09<\/p>\n","protected":false},"excerpt":{"rendered":"<p>Kr\u00f3tkie, bawe\u0142niane spodenki BERMUDA od PGWEAR idealnie sprawdz\u0105 si\u0119 podczas letnich aktywno\u015bci na mie\u015bcie lub na stadionie, gdy chcesz przeskoczy\u0107 przez ogrodzenie, pomacha\u0107 wielk\u0105 flag\u0105 lub odpali\u0107 piro! \ud83d\ude09<\/p>\n","protected":false},"featured_media":196636,"template":"","meta":{"_acf_changed":false},"product_brand":[],"product_cat":[3504,376,369],"product_tag":[3277,3417],"class_list":{"0":"post-175047","1":"product","2":"type-product","3":"status-publish","4":"has-post-thumbnail","6":"product_cat-bawelniane","7":"product_cat-nowosci","8":"product_cat-spodenki","9":"product_tag-ostatnie-sztuki","10":"product_tag-wiosna-lato-2025","11":"pa_gramatura-280-gr-m2","12":"pa_kolekcja-wiosna-lato-2025","13":"pa_kolor-czarny","14":"pa_kroj-klasyczny","15":"pa_material-100-bawelna","16":"pa_rozmiar-l-de","17":"pa_rozmiar-l","18":"pa_rozmiar-l-en","19":"pa_rozmiar-m-en-2","20":"pa_rozmiar-m","21":"pa_rozmiar-m-de-2","22":"pa_rozmiar-s-de","23":"pa_rozmiar-s","24":"pa_rozmiar-s-en","25":"pa_rozmiar-xl-de","26":"pa_rozmiar-xl-en","27":"pa_rozmiar-xl","28":"pa_rozmiar-xxl","29":"pa_rozmiar-xxl-de","30":"pa_rozmiar-xxl-en","31":"pa_rozmiar-xxxl","32":"pa_rozmiar-xxxl-en","33":"pa_rozmiar-xxxl-de","35":"first","36":"outofstock","37":"taxable","38":"shipping-taxable","39":"product-type-variable"},"acf":[],"_links":{"self":[{"href":"https:\/\/pgwear.net\/pl\/wp-json\/wp\/v2\/product\/175047","targetHints":{"allow":["GET"]}}],"collection":[{"href":"https:\/\/pgwear.net\/pl\/wp-json\/wp\/v2\/product"}],"about":[{"href":"https:\/\/pgwear.net\/pl\/wp-json\/wp\/v2\/types\/product"}],"wp:featuredmedia":[{"embeddable":true,"href":"https:\/\/pgwear.net\/pl\/wp-json\/wp\/v2\/media\/196636"}],"wp:attachment":[{"href":"https:\/\/pgwear.net\/pl\/wp-json\/wp\/v2\/media?parent=175047"}],"wp:term":[{"taxonomy":"product_brand","embeddable":true,"href":"https:\/\/pgwear.net\/pl\/wp-json\/wp\/v2\/product_brand?post=175047"},{"taxonomy":"product_cat","embeddable":true,"href":"https:\/\/pgwear.net\/pl\/wp-json\/wp\/v2\/product_cat?post=175047"},{"taxonomy":"product_tag","embeddable":true,"href":"https:\/\/pgwear.net\/pl\/wp-json\/wp\/v2\/product_tag?post=175047"}],"curies":[{"name":"wp","href":"https:\/\/api.w.org\/{rel}","templated":true}]}}