{"id":175068,"date":"2024-10-17T10:26:12","date_gmt":"2024-10-17T08:26:12","guid":{"rendered":"https:\/\/pgwear.net\/p\/ss25-spodenie-dresowe-aim-black\/"},"modified":"2026-04-01T08:07:40","modified_gmt":"2026-04-01T06:07:40","slug":"spodenie-dresowe-aim-black","status":"publish","type":"product","link":"https:\/\/pgwear.net\/pl\/p\/spodenie-dresowe-aim-black\/","title":{"rendered":"Spodnie dresowe &#8220;Aim&#8221; Black"},"content":{"rendered":"<p>Niezale\u017cnie od tego, gdzie chcesz si\u0119 uda\u0107, na ulic\u0119, stadion czy si\u0142owni\u0119, spodnie dresowe zaprojektowane przez PGWEAR s\u0105 zawsze najlepszym wyborem, je\u015bli szukasz czego\u015b wygodnego, stylowego, a jednocze\u015bnie swobodnego.<\/p>\n","protected":false},"excerpt":{"rendered":"<p>Niezale\u017cnie od tego, gdzie chcesz si\u0119 uda\u0107, na ulic\u0119, stadion czy si\u0142owni\u0119, spodnie dresowe zaprojektowane przez PGWEAR s\u0105 zawsze najlepszym wyborem, je\u015bli szukasz czego\u015b wygodnego, stylowego, a jednocze\u015bnie swobodnego.<\/p>\n","protected":false},"featured_media":196595,"template":"","meta":{"_acf_changed":false},"product_brand":[],"product_cat":[376,3499,373],"product_tag":[3277,3417],"class_list":{"0":"post-175068","1":"product","2":"type-product","3":"status-publish","4":"has-post-thumbnail","6":"product_cat-nowosci","7":"product_cat-dresowe","8":"product_cat-spodnie","9":"product_tag-ostatnie-sztuki","10":"product_tag-wiosna-lato-2025","11":"pa_gramatura-310-gr-m2","12":"pa_kolekcja-wiosna-lato-2025","13":"pa_kolor-czarny","14":"pa_kroj-klasyczny","15":"pa_material-94-poliester-6-elastan","16":"pa_rozmiar-l","17":"pa_rozmiar-l-en","18":"pa_rozmiar-l-de","19":"pa_rozmiar-m-en-2","20":"pa_rozmiar-m","21":"pa_rozmiar-m-de-2","22":"pa_rozmiar-s","23":"pa_rozmiar-s-en","24":"pa_rozmiar-s-de","25":"pa_rozmiar-xl-de","26":"pa_rozmiar-xl-en","27":"pa_rozmiar-xl","28":"pa_rozmiar-xxl-de","29":"pa_rozmiar-xxl-en","30":"pa_rozmiar-xxl","31":"pa_rozmiar-xxxl","32":"pa_rozmiar-xxxl-en","33":"pa_rozmiar-xxxl-de","35":"first","36":"instock","37":"sale","38":"taxable","39":"shipping-taxable","40":"purchasable","41":"product-type-variable"},"acf":[],"_links":{"self":[{"href":"https:\/\/pgwear.net\/pl\/wp-json\/wp\/v2\/product\/175068","targetHints":{"allow":["GET"]}}],"collection":[{"href":"https:\/\/pgwear.net\/pl\/wp-json\/wp\/v2\/product"}],"about":[{"href":"https:\/\/pgwear.net\/pl\/wp-json\/wp\/v2\/types\/product"}],"wp:featuredmedia":[{"embeddable":true,"href":"https:\/\/pgwear.net\/pl\/wp-json\/wp\/v2\/media\/196595"}],"wp:attachment":[{"href":"https:\/\/pgwear.net\/pl\/wp-json\/wp\/v2\/media?parent=175068"}],"wp:term":[{"taxonomy":"product_brand","embeddable":true,"href":"https:\/\/pgwear.net\/pl\/wp-json\/wp\/v2\/product_brand?post=175068"},{"taxonomy":"product_cat","embeddable":true,"href":"https:\/\/pgwear.net\/pl\/wp-json\/wp\/v2\/product_cat?post=175068"},{"taxonomy":"product_tag","embeddable":true,"href":"https:\/\/pgwear.net\/pl\/wp-json\/wp\/v2\/product_tag?post=175068"}],"curies":[{"name":"wp","href":"https:\/\/api.w.org\/{rel}","templated":true}]}}