{"id":175075,"date":"2024-10-17T10:26:13","date_gmt":"2024-10-17T08:26:13","guid":{"rendered":"https:\/\/pgwear.net\/p\/ss25-t-shirt-cool-cat-black\/"},"modified":"2026-03-17T14:31:44","modified_gmt":"2026-03-17T13:31:44","slug":"t-shirt-cool-cat-black","status":"publish","type":"product","link":"https:\/\/pgwear.net\/pl\/p\/t-shirt-cool-cat-black\/","title":{"rendered":"T-shirt &#8220;Cool Cat&#8221; Black"},"content":{"rendered":"<p>Humorystyczny projekt od PGWEAR z kotem, na pierwszy rzut oka ukrywa g\u0142\u0119bsze znaczenie! Jest ono dobrze znane  w\u015br\u00f3d ultras\u00f3w, chuligan\u00f3w i fanatyk\u00f3w pi\u0142ki no\u017cnej! Rozpowszechniaj t\u0105 wiadomo\u015b\u0107 z dum\u0105 i b\u0105d\u017a bezpieczny zar\u00f3wno na ulicy jak i na stadionie! ACAB! Produkt dost\u0119pny w dw\u00f3ch wersjach kolorystycznych!<\/p>\n","protected":false},"excerpt":{"rendered":"<p>Humorystyczny projekt od PGWEAR z kotem, na pierwszy rzut oka ukrywa g\u0142\u0119bsze znaczenie! Jest ono dobrze znane  w\u015br\u00f3d ultras\u00f3w, chuligan\u00f3w i fanatyk\u00f3w pi\u0142ki no\u017cnej!<\/p>\n","protected":false},"featured_media":196586,"template":"","meta":{"_acf_changed":false},"product_brand":[],"product_cat":[376,372],"product_tag":[3277,3417],"class_list":{"0":"post-175075","1":"product","2":"type-product","3":"status-publish","4":"has-post-thumbnail","6":"product_cat-nowosci","7":"product_cat-t-shirty","8":"product_tag-ostatnie-sztuki","9":"product_tag-wiosna-lato-2025","10":"pa_gramatura-180-gr-m2","11":"pa_kolekcja-wiosna-lato-2025","12":"pa_kolor-czarny","13":"pa_kroj-klasyczny","14":"pa_material-100-bawelna","15":"pa_nadruk-duzy-nadruk-z-przodu","16":"pa_rozmiar-l","17":"pa_rozmiar-l-en","18":"pa_rozmiar-l-de","19":"pa_rozmiar-m-en-2","20":"pa_rozmiar-m","21":"pa_rozmiar-m-de-2","22":"pa_rozmiar-s-en","23":"pa_rozmiar-s-de","24":"pa_rozmiar-s","25":"pa_rozmiar-xl-en","26":"pa_rozmiar-xl","27":"pa_rozmiar-xl-de","28":"pa_rozmiar-xxl-de","29":"pa_rozmiar-xxl-en","30":"pa_rozmiar-xxl","31":"pa_rozmiar-xxxl-en","32":"pa_rozmiar-xxxl-de","33":"pa_rozmiar-xxxl","35":"first","36":"outofstock","37":"featured","38":"taxable","39":"shipping-taxable","40":"product-type-variable"},"acf":[],"_links":{"self":[{"href":"https:\/\/pgwear.net\/pl\/wp-json\/wp\/v2\/product\/175075","targetHints":{"allow":["GET"]}}],"collection":[{"href":"https:\/\/pgwear.net\/pl\/wp-json\/wp\/v2\/product"}],"about":[{"href":"https:\/\/pgwear.net\/pl\/wp-json\/wp\/v2\/types\/product"}],"wp:featuredmedia":[{"embeddable":true,"href":"https:\/\/pgwear.net\/pl\/wp-json\/wp\/v2\/media\/196586"}],"wp:attachment":[{"href":"https:\/\/pgwear.net\/pl\/wp-json\/wp\/v2\/media?parent=175075"}],"wp:term":[{"taxonomy":"product_brand","embeddable":true,"href":"https:\/\/pgwear.net\/pl\/wp-json\/wp\/v2\/product_brand?post=175075"},{"taxonomy":"product_cat","embeddable":true,"href":"https:\/\/pgwear.net\/pl\/wp-json\/wp\/v2\/product_cat?post=175075"},{"taxonomy":"product_tag","embeddable":true,"href":"https:\/\/pgwear.net\/pl\/wp-json\/wp\/v2\/product_tag?post=175075"}],"curies":[{"name":"wp","href":"https:\/\/api.w.org\/{rel}","templated":true}]}}