{"id":175096,"date":"2024-10-17T10:26:18","date_gmt":"2024-10-17T08:26:18","guid":{"rendered":"https:\/\/pgwear.net\/p\/ss25-t-shirt-ringer-brown\/"},"modified":"2026-03-17T14:31:40","modified_gmt":"2026-03-17T13:31:40","slug":"t-shirt-ringer-brown","status":"publish","type":"product","link":"https:\/\/pgwear.net\/pl\/p\/t-shirt-ringer-brown\/","title":{"rendered":"T-shirt &#8220;Ringer&#8221; Brown"},"content":{"rendered":"<p>Klasyczny i minimalistyczny T-shirt od PGWEAR to niezast\u0105piony element garderoby ka\u017cdego fana pi\u0142ki no\u017cnej. Niewa\u017cne, dok\u0105d si\u0119 wybierasz &#8211; na ulic\u0119, na stadion, na mecz do siebie czy wyjazdowy do pubu ze swoimi kumplami &#8211; b\u0119dzie to idealny dodatek do Twojego stroju! Wybierz jeden z dw\u00f3ch dost\u0119pnych kolor\u00f3w.<\/p>\n","protected":false},"excerpt":{"rendered":"<p>Klasyczny i minimalistyczny T-shirt od PGWEAR to niezast\u0105piony element garderoby ka\u017cdego fana pi\u0142ki no\u017cnej. <\/p>\n","protected":false},"featured_media":196553,"template":"","meta":{"_acf_changed":false},"product_brand":[],"product_cat":[3496,376,372],"product_tag":[3277,3417],"class_list":{"0":"post-175096","1":"product","2":"type-product","3":"status-publish","4":"has-post-thumbnail","6":"product_cat-casual","7":"product_cat-nowosci","8":"product_cat-t-shirty","9":"product_tag-ostatnie-sztuki","10":"product_tag-wiosna-lato-2025","11":"pa_gramatura-180-gr-m2","12":"pa_kolekcja-wiosna-lato-2025","13":"pa_kolor-brazowy","14":"pa_kroj-klasyczny","15":"pa_material-100-bawelna","16":"pa_rozmiar-l-en","17":"pa_rozmiar-l-de","18":"pa_rozmiar-l","19":"pa_rozmiar-m-en-2","20":"pa_rozmiar-m","21":"pa_rozmiar-m-de-2","22":"pa_rozmiar-s-en","23":"pa_rozmiar-s-de","24":"pa_rozmiar-s","25":"pa_rozmiar-xl","26":"pa_rozmiar-xl-de","27":"pa_rozmiar-xl-en","28":"pa_rozmiar-xxl-en","29":"pa_rozmiar-xxl","30":"pa_rozmiar-xxl-de","31":"pa_rozmiar-xxxl","32":"pa_rozmiar-xxxl-en","33":"pa_rozmiar-xxxl-de","35":"first","36":"outofstock","37":"featured","38":"taxable","39":"shipping-taxable","40":"product-type-variable"},"acf":[],"_links":{"self":[{"href":"https:\/\/pgwear.net\/pl\/wp-json\/wp\/v2\/product\/175096","targetHints":{"allow":["GET"]}}],"collection":[{"href":"https:\/\/pgwear.net\/pl\/wp-json\/wp\/v2\/product"}],"about":[{"href":"https:\/\/pgwear.net\/pl\/wp-json\/wp\/v2\/types\/product"}],"wp:featuredmedia":[{"embeddable":true,"href":"https:\/\/pgwear.net\/pl\/wp-json\/wp\/v2\/media\/196553"}],"wp:attachment":[{"href":"https:\/\/pgwear.net\/pl\/wp-json\/wp\/v2\/media?parent=175096"}],"wp:term":[{"taxonomy":"product_brand","embeddable":true,"href":"https:\/\/pgwear.net\/pl\/wp-json\/wp\/v2\/product_brand?post=175096"},{"taxonomy":"product_cat","embeddable":true,"href":"https:\/\/pgwear.net\/pl\/wp-json\/wp\/v2\/product_cat?post=175096"},{"taxonomy":"product_tag","embeddable":true,"href":"https:\/\/pgwear.net\/pl\/wp-json\/wp\/v2\/product_tag?post=175096"}],"curies":[{"name":"wp","href":"https:\/\/api.w.org\/{rel}","templated":true}]}}