{"id":175103,"date":"2024-10-17T10:26:20","date_gmt":"2024-10-17T08:26:20","guid":{"rendered":"https:\/\/pgwear.net\/p\/ss25-t-shirt-mess-black\/"},"modified":"2026-03-17T14:31:38","modified_gmt":"2026-03-17T13:31:38","slug":"t-shirt-mess-black","status":"publish","type":"product","link":"https:\/\/pgwear.net\/pl\/p\/t-shirt-mess-black\/","title":{"rendered":"T-shirt &#8220;Mess&#8221; Black"},"content":{"rendered":"<p>Ta koszulka od PGWEAR jest przeznaczona dla tych, kt\u00f3rzy \u017cyj\u0105 i oddychaj\u0105 kultur\u0105 pi\u0142karsk\u0105. Zaprojektowana dla prawdziwych ultras\u00f3w, jest deklaracj\u0105 si\u0142y i jedno\u015bci. Niezale\u017cnie od tego, czy skandujesz na trybunach, czy znajdujesz si\u0119 na mie\u015bcie, ten produkt sprawi, \u017ce b\u0119dziesz czu\u0107 si\u0119 zawsze pewnie. Wybierz jedn\u0105 z dw\u00f3ch dost\u0119pnych wersji kolorystycznych.<\/p>\n","protected":false},"excerpt":{"rendered":"<p>Ta koszulka od PGWEAR jest przeznaczona dla tych, kt\u00f3rzy \u017cyj\u0105 i oddychaj\u0105 kultur\u0105 pi\u0142karsk\u0105. Zaprojektowana dla prawdziwych ultras\u00f3w, jest deklaracj\u0105 si\u0142y i jedno\u015bci.<\/p>\n","protected":false},"featured_media":196541,"template":"","meta":{"_acf_changed":false},"product_brand":[],"product_cat":[376,372],"product_tag":[3277,3417],"class_list":{"0":"post-175103","1":"product","2":"type-product","3":"status-publish","4":"has-post-thumbnail","6":"product_cat-nowosci","7":"product_cat-t-shirty","8":"product_tag-ostatnie-sztuki","9":"product_tag-wiosna-lato-2025","10":"pa_gramatura-180-gr-m2","11":"pa_kolekcja-wiosna-lato-2025","12":"pa_kolor-czarny","13":"pa_kroj-klasyczny","14":"pa_material-100-bawelna","15":"pa_nadruk-duzy-nadruk-na-plecach","16":"pa_nadruk-na-srodku-nadruk","17":"pa_rozmiar-l-en","18":"pa_rozmiar-l-de","19":"pa_rozmiar-l","20":"pa_rozmiar-m-en-2","21":"pa_rozmiar-m","22":"pa_rozmiar-m-de-2","23":"pa_rozmiar-s-de","24":"pa_rozmiar-s","25":"pa_rozmiar-s-en","26":"pa_rozmiar-xl","27":"pa_rozmiar-xl-de","28":"pa_rozmiar-xl-en","29":"pa_rozmiar-xxl-en","30":"pa_rozmiar-xxl","31":"pa_rozmiar-xxl-de","32":"pa_rozmiar-xxxl","33":"pa_rozmiar-xxxl-en","34":"pa_rozmiar-xxxl-de","35":"feature-motyw-psa","37":"first","38":"instock","39":"sale","40":"featured","41":"taxable","42":"shipping-taxable","43":"purchasable","44":"product-type-variable"},"acf":[],"_links":{"self":[{"href":"https:\/\/pgwear.net\/pl\/wp-json\/wp\/v2\/product\/175103","targetHints":{"allow":["GET"]}}],"collection":[{"href":"https:\/\/pgwear.net\/pl\/wp-json\/wp\/v2\/product"}],"about":[{"href":"https:\/\/pgwear.net\/pl\/wp-json\/wp\/v2\/types\/product"}],"wp:featuredmedia":[{"embeddable":true,"href":"https:\/\/pgwear.net\/pl\/wp-json\/wp\/v2\/media\/196541"}],"wp:attachment":[{"href":"https:\/\/pgwear.net\/pl\/wp-json\/wp\/v2\/media?parent=175103"}],"wp:term":[{"taxonomy":"product_brand","embeddable":true,"href":"https:\/\/pgwear.net\/pl\/wp-json\/wp\/v2\/product_brand?post=175103"},{"taxonomy":"product_cat","embeddable":true,"href":"https:\/\/pgwear.net\/pl\/wp-json\/wp\/v2\/product_cat?post=175103"},{"taxonomy":"product_tag","embeddable":true,"href":"https:\/\/pgwear.net\/pl\/wp-json\/wp\/v2\/product_tag?post=175103"}],"curies":[{"name":"wp","href":"https:\/\/api.w.org\/{rel}","templated":true}]}}