{"id":175117,"date":"2024-10-17T10:26:24","date_gmt":"2024-10-17T08:26:24","guid":{"rendered":"https:\/\/pgwear.net\/p\/ss25-t-shirt-dance-black\/"},"modified":"2026-04-08T13:00:17","modified_gmt":"2026-04-08T11:00:17","slug":"t-shirt-dance-black","status":"publish","type":"product","link":"https:\/\/pgwear.net\/pl\/p\/t-shirt-dance-black\/","title":{"rendered":"T-shirt &#8220;Dance&#8221; Black"},"content":{"rendered":"<p>Na pewno s\u0142ysza\u0142e\u015b o ta\u0144cu ze gwiazdami. Ale czy widzia\u0142e\u015b go w wersji ultras? Projektanci PGWEAR stworzyli kolejny nietuzinkowy ultrastylowy nadruk! No\u015b go z dum\u0105 zar\u00f3wno na ulicy jak i  na stadionie!<\/p>\n","protected":false},"excerpt":{"rendered":"<p>Na pewno s\u0142ysza\u0142e\u015b o ta\u0144cu ze gwiazdami. Ale czy widzia\u0142e\u015b go w wersji ultras? Projektanci PGWEAR stworzyli kolejny nietuzinkowy ultrastylowy nadruk! No\u015b go z dum\u0105 zar\u00f3wno na ulicy jak i  na stadionie!<\/p>\n","protected":false},"featured_media":196509,"template":"","meta":{"_acf_changed":false},"product_brand":[],"product_cat":[376,372],"product_tag":[3417],"class_list":{"0":"post-175117","1":"product","2":"type-product","3":"status-publish","4":"has-post-thumbnail","6":"product_cat-nowosci","7":"product_cat-t-shirty","8":"product_tag-wiosna-lato-2025","9":"pa_gramatura-180-gr-m2","10":"pa_kolekcja-wiosna-lato-2025","11":"pa_kolor-czarny","12":"pa_kroj-klasyczny","13":"pa_material-100-bawelna","14":"pa_nadruk-duzy-nadruk-na-plecach","15":"pa_nadruk-na-srodku-nadruk","16":"pa_rozmiar-l-de","17":"pa_rozmiar-l","18":"pa_rozmiar-l-en","19":"pa_rozmiar-m-en-2","20":"pa_rozmiar-m","21":"pa_rozmiar-m-de-2","22":"pa_rozmiar-s","23":"pa_rozmiar-s-en","24":"pa_rozmiar-s-de","25":"pa_rozmiar-xl-de","26":"pa_rozmiar-xl-en","27":"pa_rozmiar-xl","28":"pa_rozmiar-xxl-de","29":"pa_rozmiar-xxl-en","30":"pa_rozmiar-xxl","31":"pa_rozmiar-xxxl","32":"pa_rozmiar-xxxl-en","33":"pa_rozmiar-xxxl-de","35":"first","36":"instock","37":"featured","38":"taxable","39":"shipping-taxable","40":"purchasable","41":"product-type-variable"},"acf":[],"_links":{"self":[{"href":"https:\/\/pgwear.net\/pl\/wp-json\/wp\/v2\/product\/175117","targetHints":{"allow":["GET"]}}],"collection":[{"href":"https:\/\/pgwear.net\/pl\/wp-json\/wp\/v2\/product"}],"about":[{"href":"https:\/\/pgwear.net\/pl\/wp-json\/wp\/v2\/types\/product"}],"wp:featuredmedia":[{"embeddable":true,"href":"https:\/\/pgwear.net\/pl\/wp-json\/wp\/v2\/media\/196509"}],"wp:attachment":[{"href":"https:\/\/pgwear.net\/pl\/wp-json\/wp\/v2\/media?parent=175117"}],"wp:term":[{"taxonomy":"product_brand","embeddable":true,"href":"https:\/\/pgwear.net\/pl\/wp-json\/wp\/v2\/product_brand?post=175117"},{"taxonomy":"product_cat","embeddable":true,"href":"https:\/\/pgwear.net\/pl\/wp-json\/wp\/v2\/product_cat?post=175117"},{"taxonomy":"product_tag","embeddable":true,"href":"https:\/\/pgwear.net\/pl\/wp-json\/wp\/v2\/product_tag?post=175117"}],"curies":[{"name":"wp","href":"https:\/\/api.w.org\/{rel}","templated":true}]}}