{"id":175124,"date":"2024-10-17T10:26:26","date_gmt":"2024-10-17T08:26:26","guid":{"rendered":"https:\/\/pgwear.net\/p\/ss25-t-shirt-eyes-black\/"},"modified":"2026-03-24T12:28:53","modified_gmt":"2026-03-24T11:28:53","slug":"t-shirt-eyes-black","status":"publish","type":"product","link":"https:\/\/pgwear.net\/pl\/p\/t-shirt-eyes-black\/","title":{"rendered":"T-shirt &#8220;Eyes&#8221; Black"},"content":{"rendered":"<p>Oczy na koszulce PGWEAR to nie jest zwyk\u0142y projekt; to symbol obecno\u015bci ultras\u00f3w \u2014 zawsze czujnych, zawsze zjednoczonych i zawsze gotowych. No\u015b j\u0105 z dum\u0105 na ulicy i na stadionie!<\/p>\n","protected":false},"excerpt":{"rendered":"<p>Oczy na koszulce PGWEAR to nie jest zwyk\u0142y projekt; to symbol obecno\u015bci ultras\u00f3w \u2014 zawsze czujnych, zawsze zjednoczonych i zawsze gotowych. No\u015b j\u0105 z dum\u0105 na ulicy i na stadionie!<\/p>\n","protected":false},"featured_media":196499,"template":"","meta":{"_acf_changed":false},"product_brand":[],"product_cat":[376,372],"product_tag":[3417],"class_list":{"0":"post-175124","1":"product","2":"type-product","3":"status-publish","4":"has-post-thumbnail","6":"product_cat-nowosci","7":"product_cat-t-shirty","8":"product_tag-wiosna-lato-2025","9":"pa_gramatura-180-gr-m2","10":"pa_kolekcja-wiosna-lato-2025","11":"pa_kolor-czarny","12":"pa_kroj-klasyczny","13":"pa_material-100-bawelna","14":"pa_nadruk-duzy-nadruk-z-przodu","15":"pa_rozmiar-l-en","16":"pa_rozmiar-l-de","17":"pa_rozmiar-l","18":"pa_rozmiar-m-en-2","19":"pa_rozmiar-m","20":"pa_rozmiar-m-de-2","21":"pa_rozmiar-s-de","22":"pa_rozmiar-s","23":"pa_rozmiar-s-en","24":"pa_rozmiar-xl","25":"pa_rozmiar-xl-de","26":"pa_rozmiar-xl-en","27":"pa_rozmiar-xxl-en","28":"pa_rozmiar-xxl","29":"pa_rozmiar-xxl-de","30":"pa_rozmiar-xxxl","31":"pa_rozmiar-xxxl-en","32":"pa_rozmiar-xxxl-de","34":"first","35":"instock","36":"featured","37":"taxable","38":"shipping-taxable","39":"purchasable","40":"product-type-variable"},"acf":[],"_links":{"self":[{"href":"https:\/\/pgwear.net\/pl\/wp-json\/wp\/v2\/product\/175124","targetHints":{"allow":["GET"]}}],"collection":[{"href":"https:\/\/pgwear.net\/pl\/wp-json\/wp\/v2\/product"}],"about":[{"href":"https:\/\/pgwear.net\/pl\/wp-json\/wp\/v2\/types\/product"}],"wp:featuredmedia":[{"embeddable":true,"href":"https:\/\/pgwear.net\/pl\/wp-json\/wp\/v2\/media\/196499"}],"wp:attachment":[{"href":"https:\/\/pgwear.net\/pl\/wp-json\/wp\/v2\/media?parent=175124"}],"wp:term":[{"taxonomy":"product_brand","embeddable":true,"href":"https:\/\/pgwear.net\/pl\/wp-json\/wp\/v2\/product_brand?post=175124"},{"taxonomy":"product_cat","embeddable":true,"href":"https:\/\/pgwear.net\/pl\/wp-json\/wp\/v2\/product_cat?post=175124"},{"taxonomy":"product_tag","embeddable":true,"href":"https:\/\/pgwear.net\/pl\/wp-json\/wp\/v2\/product_tag?post=175124"}],"curies":[{"name":"wp","href":"https:\/\/api.w.org\/{rel}","templated":true}]}}