{"id":175138,"date":"2024-10-17T10:26:30","date_gmt":"2024-10-17T08:26:30","guid":{"rendered":"https:\/\/pgwear.net\/p\/ss25-t-shirt-flamingo-black\/"},"modified":"2026-03-24T12:38:15","modified_gmt":"2026-03-24T11:38:15","slug":"t-shirt-flamingo-black","status":"publish","type":"product","link":"https:\/\/pgwear.net\/pl\/p\/t-shirt-flamingo-black\/","title":{"rendered":"T-shirt &#8220;Flamingo&#8221; Black"},"content":{"rendered":"<p>copACABana to wyimaginowane miejsce, w kt\u00f3rym spe\u0142niaj\u0105 si\u0119 wszystkie marzenia ultras\u00f3w! Z\u0142oty piasek, b\u0142\u0119kitne morze, mn\u00f3stwo zimnych piw i smacznych koktajli, gor\u0105ce laski i zero wrog\u00f3w &#8211; to jest miejsce, w kt\u00f3rym chcemy sp\u0119dzi\u0107 wakacje! Dodaj specjaln\u0105 koszulk\u0119 od PGWEAR do swojej letniej kolekcji! Produkt dost\u0119pny w czterech wersjach kolorystycznych.<\/p>\n","protected":false},"excerpt":{"rendered":"<p>copACABana to wyimaginowane miejsce, w kt\u00f3rym spe\u0142niaj\u0105 si\u0119 wszystkie marzenia ultras\u00f3w! Z\u0142oty piasek, b\u0142\u0119kitne morze, mn\u00f3stwo zimnych piw i smacznych koktajli, gor\u0105ce laski i zero wrog\u00f3w &#8211; to jest miejsce, w kt\u00f3rym chcemy sp\u0119dzi\u0107 wakacje!<\/p>\n","protected":false},"featured_media":196477,"template":"","meta":{"_acf_changed":false},"product_brand":[],"product_cat":[376,372],"product_tag":[3614,3417],"class_list":{"0":"post-175138","1":"product","2":"type-product","3":"status-publish","4":"has-post-thumbnail","6":"product_cat-nowosci","7":"product_cat-t-shirty","8":"product_tag-summer-capsule","9":"product_tag-wiosna-lato-2025","10":"pa_gramatura-180-gr-m2","11":"pa_kolekcja-wiosna-lato-2025","12":"pa_kolor-czarny","13":"pa_kroj-klasyczny","14":"pa_material-100-bawelna","15":"pa_nadruk-duzy-nadruk-na-plecach","16":"pa_nadruk-nadruk-na-sercu","17":"pa_rozmiar-l-en","18":"pa_rozmiar-l-de","19":"pa_rozmiar-l","20":"pa_rozmiar-m-en-2","21":"pa_rozmiar-m","22":"pa_rozmiar-m-de-2","23":"pa_rozmiar-s-en","24":"pa_rozmiar-s-de","25":"pa_rozmiar-s","26":"pa_rozmiar-xl","27":"pa_rozmiar-xl-de","28":"pa_rozmiar-xl-en","29":"pa_rozmiar-xxl-de","30":"pa_rozmiar-xxl-en","31":"pa_rozmiar-xxl","32":"pa_rozmiar-xxxl-de","33":"pa_rozmiar-xxxl","34":"pa_rozmiar-xxxl-en","36":"first","37":"instock","38":"featured","39":"taxable","40":"shipping-taxable","41":"purchasable","42":"product-type-variable"},"acf":[],"_links":{"self":[{"href":"https:\/\/pgwear.net\/pl\/wp-json\/wp\/v2\/product\/175138","targetHints":{"allow":["GET"]}}],"collection":[{"href":"https:\/\/pgwear.net\/pl\/wp-json\/wp\/v2\/product"}],"about":[{"href":"https:\/\/pgwear.net\/pl\/wp-json\/wp\/v2\/types\/product"}],"wp:featuredmedia":[{"embeddable":true,"href":"https:\/\/pgwear.net\/pl\/wp-json\/wp\/v2\/media\/196477"}],"wp:attachment":[{"href":"https:\/\/pgwear.net\/pl\/wp-json\/wp\/v2\/media?parent=175138"}],"wp:term":[{"taxonomy":"product_brand","embeddable":true,"href":"https:\/\/pgwear.net\/pl\/wp-json\/wp\/v2\/product_brand?post=175138"},{"taxonomy":"product_cat","embeddable":true,"href":"https:\/\/pgwear.net\/pl\/wp-json\/wp\/v2\/product_cat?post=175138"},{"taxonomy":"product_tag","embeddable":true,"href":"https:\/\/pgwear.net\/pl\/wp-json\/wp\/v2\/product_tag?post=175138"}],"curies":[{"name":"wp","href":"https:\/\/api.w.org\/{rel}","templated":true}]}}