{"id":175166,"date":"2024-10-17T10:26:37","date_gmt":"2024-10-17T08:26:37","guid":{"rendered":"https:\/\/pgwear.net\/p\/ss25-t-shirt-statue-black\/"},"modified":"2026-05-04T08:11:10","modified_gmt":"2026-05-04T06:11:10","slug":"t-shirt-statue-black","status":"publish","type":"product","link":"https:\/\/pgwear.net\/pl\/p\/t-shirt-statue-black\/","title":{"rendered":"T-shirt &#8220;Statue&#8221; Black"},"content":{"rendered":"<p>Casualowa bawe\u0142niana koszulka z gryfem i sloganem \u201eOn the street \u2013 \u200b\u200bin the stadium!\u201d. To zwierz\u0119 jest symbolem PGWEAR \u2013 jedynej marki tworz\u0105cej ubrania dla fanatyk\u00f3w pi\u0142ki no\u017cnej! Wybierz spo\u015br\u00f3d dw\u00f3ch dost\u0119pnych kolor\u00f3w i no\u015b j\u0105 z dum\u0105!<\/p>\n","protected":false},"excerpt":{"rendered":"<p>Casualowa bawe\u0142niana koszulka z gryfem i sloganem \u201eOn the street \u2013 \u200b\u200bin the stadium!\u201d. To zwierz\u0119 jest symbolem PGWEAR \u2013 jedynej marki tworz\u0105cej ubrania dla fanatyk\u00f3w pi\u0142ki no\u017cnej!<\/p>\n","protected":false},"featured_media":196360,"template":"","meta":{"_acf_changed":false},"product_brand":[],"product_cat":[3496,376,372],"product_tag":[3277,3417],"class_list":{"0":"post-175166","1":"product","2":"type-product","3":"status-publish","4":"has-post-thumbnail","6":"product_cat-casual","7":"product_cat-nowosci","8":"product_cat-t-shirty","9":"product_tag-ostatnie-sztuki","10":"product_tag-wiosna-lato-2025","11":"pa_gramatura-180-gr-m2","12":"pa_kolekcja-wiosna-lato-2025","13":"pa_kolor-czarny","14":"pa_kroj-klasyczny","15":"pa_material-100-bawelna","16":"pa_nadruk-duzy-nadruk-na-plecach","17":"pa_nadruk-nadruk-na-sercu","18":"pa_rozmiar-l-de","19":"pa_rozmiar-l","20":"pa_rozmiar-l-en","21":"pa_rozmiar-m-en-2","22":"pa_rozmiar-m","23":"pa_rozmiar-m-de-2","24":"pa_rozmiar-s-de","25":"pa_rozmiar-s","26":"pa_rozmiar-s-en","27":"pa_rozmiar-xl-de","28":"pa_rozmiar-xl-en","29":"pa_rozmiar-xl","30":"pa_rozmiar-xxl","31":"pa_rozmiar-xxl-de","32":"pa_rozmiar-xxl-en","33":"pa_rozmiar-xxxl","34":"pa_rozmiar-xxxl-en","35":"pa_rozmiar-xxxl-de","36":"feature-motyw-gryfa","38":"first","39":"instock","40":"sale","41":"featured","42":"taxable","43":"shipping-taxable","44":"purchasable","45":"product-type-variable"},"acf":[],"_links":{"self":[{"href":"https:\/\/pgwear.net\/pl\/wp-json\/wp\/v2\/product\/175166","targetHints":{"allow":["GET"]}}],"collection":[{"href":"https:\/\/pgwear.net\/pl\/wp-json\/wp\/v2\/product"}],"about":[{"href":"https:\/\/pgwear.net\/pl\/wp-json\/wp\/v2\/types\/product"}],"wp:featuredmedia":[{"embeddable":true,"href":"https:\/\/pgwear.net\/pl\/wp-json\/wp\/v2\/media\/196360"}],"wp:attachment":[{"href":"https:\/\/pgwear.net\/pl\/wp-json\/wp\/v2\/media?parent=175166"}],"wp:term":[{"taxonomy":"product_brand","embeddable":true,"href":"https:\/\/pgwear.net\/pl\/wp-json\/wp\/v2\/product_brand?post=175166"},{"taxonomy":"product_cat","embeddable":true,"href":"https:\/\/pgwear.net\/pl\/wp-json\/wp\/v2\/product_cat?post=175166"},{"taxonomy":"product_tag","embeddable":true,"href":"https:\/\/pgwear.net\/pl\/wp-json\/wp\/v2\/product_tag?post=175166"}],"curies":[{"name":"wp","href":"https:\/\/api.w.org\/{rel}","templated":true}]}}