{"id":175180,"date":"2024-10-17T10:26:40","date_gmt":"2024-10-17T08:26:40","guid":{"rendered":"https:\/\/pgwear.net\/p\/ss25-t-shirt-photo-black\/"},"modified":"2026-03-30T13:07:31","modified_gmt":"2026-03-30T11:07:31","slug":"t-shirt-photo-black","status":"publish","type":"product","link":"https:\/\/pgwear.net\/pl\/p\/t-shirt-photo-black\/","title":{"rendered":"T-shirt &#8220;Photo&#8221; Black"},"content":{"rendered":"<p>Ta koszulka od PGWEAR posiada du\u017cy nadruk z przodu, kt\u00f3ry uosabia energi\u0119, braterstwo i dum\u0119, kt\u00f3re towarzysz\u0105 byciu cz\u0119\u015bci\u0105 ruchu ultras. Od okrzyk\u00f3w na trybunach po dym od rac,  ten nadruk doskonale oddaje istot\u0119 naszej kultury ultras w ka\u017cdym detalu.<\/p>\n","protected":false},"excerpt":{"rendered":"<p>Ta koszulka od PGWEAR posiada du\u017cy nadruk z przodu, kt\u00f3ry uosabia energi\u0119, braterstwo i dum\u0119, kt\u00f3re towarzysz\u0105 byciu cz\u0119\u015bci\u0105 ruchu ultras.<\/p>\n","protected":false},"featured_media":196334,"template":"","meta":{"_acf_changed":false},"product_brand":[],"product_cat":[376,372],"product_tag":[3277,3417],"class_list":{"0":"post-175180","1":"product","2":"type-product","3":"status-publish","4":"has-post-thumbnail","6":"product_cat-nowosci","7":"product_cat-t-shirty","8":"product_tag-ostatnie-sztuki","9":"product_tag-wiosna-lato-2025","10":"pa_gramatura-180-gr-m2","11":"pa_kolekcja-wiosna-lato-2025","12":"pa_kolor-czarny","13":"pa_kroj-klasyczny","14":"pa_material-100-bawelna","15":"pa_nadruk-duzy-nadruk-z-przodu","16":"pa_rozmiar-l-de","17":"pa_rozmiar-l","18":"pa_rozmiar-l-en","19":"pa_rozmiar-m-en-2","20":"pa_rozmiar-m","21":"pa_rozmiar-m-de-2","22":"pa_rozmiar-s","23":"pa_rozmiar-s-en","24":"pa_rozmiar-s-de","25":"pa_rozmiar-xl-de","26":"pa_rozmiar-xl-en","27":"pa_rozmiar-xl","28":"pa_rozmiar-xxl-de","29":"pa_rozmiar-xxl-en","30":"pa_rozmiar-xxl","31":"pa_rozmiar-xxxl","32":"pa_rozmiar-xxxl-en","33":"pa_rozmiar-xxxl-de","35":"first","36":"instock","37":"sale","38":"featured","39":"taxable","40":"shipping-taxable","41":"purchasable","42":"product-type-variable"},"acf":[],"_links":{"self":[{"href":"https:\/\/pgwear.net\/pl\/wp-json\/wp\/v2\/product\/175180","targetHints":{"allow":["GET"]}}],"collection":[{"href":"https:\/\/pgwear.net\/pl\/wp-json\/wp\/v2\/product"}],"about":[{"href":"https:\/\/pgwear.net\/pl\/wp-json\/wp\/v2\/types\/product"}],"wp:featuredmedia":[{"embeddable":true,"href":"https:\/\/pgwear.net\/pl\/wp-json\/wp\/v2\/media\/196334"}],"wp:attachment":[{"href":"https:\/\/pgwear.net\/pl\/wp-json\/wp\/v2\/media?parent=175180"}],"wp:term":[{"taxonomy":"product_brand","embeddable":true,"href":"https:\/\/pgwear.net\/pl\/wp-json\/wp\/v2\/product_brand?post=175180"},{"taxonomy":"product_cat","embeddable":true,"href":"https:\/\/pgwear.net\/pl\/wp-json\/wp\/v2\/product_cat?post=175180"},{"taxonomy":"product_tag","embeddable":true,"href":"https:\/\/pgwear.net\/pl\/wp-json\/wp\/v2\/product_tag?post=175180"}],"curies":[{"name":"wp","href":"https:\/\/api.w.org\/{rel}","templated":true}]}}