{"id":175194,"date":"2024-10-17T10:26:44","date_gmt":"2024-10-17T08:26:44","guid":{"rendered":"https:\/\/pgwear.net\/p\/ss25-t-shirt-back-print-navy\/"},"modified":"2026-04-23T13:10:21","modified_gmt":"2026-04-23T11:10:21","slug":"t-shirt-back-print-navy","status":"publish","type":"product","link":"https:\/\/pgwear.net\/pl\/p\/t-shirt-back-print-navy\/","title":{"rendered":"T-shirt &#8220;Back Print&#8221; Navy"},"content":{"rendered":"<p>Klasyczna bawe\u0142niana koszulka ozdobiona zdekonstruowanym logo PGWEAR z ty\u0142u i ma\u0142ym napisem z przodu to idealny element garderoby ka\u017cdego fana pi\u0142ki no\u017cnej do noszenia na ulicy, na stadionie i wsz\u0119dzie indziej! Dost\u0119pny w dw\u00f3ch wersjach kolorystycznych.<\/p>\n","protected":false},"excerpt":{"rendered":"<p>Klasyczna bawe\u0142niana koszulka ozdobiona zdekonstruowanym logo PGWEAR z ty\u0142u i ma\u0142ym napisem z przodu to idealny element garderoby ka\u017cdego fana pi\u0142ki no\u017cnej do noszenia na ulicy, na stadionie i wsz\u0119dzie indziej!<\/p>\n","protected":false},"featured_media":196701,"template":"","meta":{"_acf_changed":false},"product_brand":[],"product_cat":[3496,376,372],"product_tag":[3277,3417],"class_list":{"0":"post-175194","1":"product","2":"type-product","3":"status-publish","4":"has-post-thumbnail","6":"product_cat-casual","7":"product_cat-nowosci","8":"product_cat-t-shirty","9":"product_tag-ostatnie-sztuki","10":"product_tag-wiosna-lato-2025","11":"pa_gramatura-180-gr-m2","12":"pa_kolekcja-wiosna-lato-2025","13":"pa_kolor-granatowy","14":"pa_kroj-klasyczny","15":"pa_material-100-bawelna","16":"pa_nadruk-duzy-nadruk-na-plecach","17":"pa_nadruk-na-srodku-nadruk","18":"pa_rozmiar-l","19":"pa_rozmiar-l-en","20":"pa_rozmiar-l-de","21":"pa_rozmiar-m","22":"pa_rozmiar-m-de-2","23":"pa_rozmiar-m-en-2","24":"pa_rozmiar-s-en","25":"pa_rozmiar-s-de","26":"pa_rozmiar-s","27":"pa_rozmiar-xl-en","28":"pa_rozmiar-xl","29":"pa_rozmiar-xl-de","30":"pa_rozmiar-xxl-de","31":"pa_rozmiar-xxl-en","32":"pa_rozmiar-xxl","33":"pa_rozmiar-xxxl-en","34":"pa_rozmiar-xxxl-de","35":"pa_rozmiar-xxxl","37":"first","38":"instock","39":"sale","40":"featured","41":"taxable","42":"shipping-taxable","43":"purchasable","44":"product-type-variable"},"acf":[],"_links":{"self":[{"href":"https:\/\/pgwear.net\/pl\/wp-json\/wp\/v2\/product\/175194","targetHints":{"allow":["GET"]}}],"collection":[{"href":"https:\/\/pgwear.net\/pl\/wp-json\/wp\/v2\/product"}],"about":[{"href":"https:\/\/pgwear.net\/pl\/wp-json\/wp\/v2\/types\/product"}],"wp:featuredmedia":[{"embeddable":true,"href":"https:\/\/pgwear.net\/pl\/wp-json\/wp\/v2\/media\/196701"}],"wp:attachment":[{"href":"https:\/\/pgwear.net\/pl\/wp-json\/wp\/v2\/media?parent=175194"}],"wp:term":[{"taxonomy":"product_brand","embeddable":true,"href":"https:\/\/pgwear.net\/pl\/wp-json\/wp\/v2\/product_brand?post=175194"},{"taxonomy":"product_cat","embeddable":true,"href":"https:\/\/pgwear.net\/pl\/wp-json\/wp\/v2\/product_cat?post=175194"},{"taxonomy":"product_tag","embeddable":true,"href":"https:\/\/pgwear.net\/pl\/wp-json\/wp\/v2\/product_tag?post=175194"}],"curies":[{"name":"wp","href":"https:\/\/api.w.org\/{rel}","templated":true}]}}