{"id":175208,"date":"2024-10-17T10:26:47","date_gmt":"2024-10-17T08:26:47","guid":{"rendered":"https:\/\/pgwear.net\/p\/ss25-t-shirt-brush-navy\/"},"modified":"2026-03-23T12:22:24","modified_gmt":"2026-03-23T11:22:24","slug":"t-shirt-brush-navy","status":"publish","type":"product","link":"https:\/\/pgwear.net\/pl\/p\/t-shirt-brush-navy\/","title":{"rendered":"T-shirt &#8220;Brush&#8221; Navy"},"content":{"rendered":"<p>Bawe\u0142niana koszulka o klasycznym kroju, ozdobiona zdekonstruowanym logo PGWEAR z ty\u0142u i ma\u0142ym napisem z przodu. To idealny element garderoby ka\u017cdego fana pi\u0142ki no\u017cnej, do noszenia na ulicy, na stadionie i wsz\u0119dzie indziej! Dost\u0119pna w dw\u00f3ch wersjach kolorystycznych.<\/p>\n","protected":false},"excerpt":{"rendered":"<p>Bawe\u0142niana koszulka o klasycznym kroju, ozdobiona zdekonstruowanym logo PGWEAR z ty\u0142u i ma\u0142ym napisem z przodu.<\/p>\n","protected":false},"featured_media":196311,"template":"","meta":{"_acf_changed":false},"product_brand":[],"product_cat":[3496,376,372],"product_tag":[3417],"class_list":{"0":"post-175208","1":"product","2":"type-product","3":"status-publish","4":"has-post-thumbnail","6":"product_cat-casual","7":"product_cat-nowosci","8":"product_cat-t-shirty","9":"product_tag-wiosna-lato-2025","10":"pa_gramatura-180-gr-m2","11":"pa_kolekcja-wiosna-lato-2025","12":"pa_kolor-granatowy","13":"pa_kroj-klasyczny","14":"pa_material-100-bawelna","15":"pa_nadruk-duzy-nadruk-na-plecach","16":"pa_nadruk-na-srodku-nadruk","17":"pa_rozmiar-l","18":"pa_rozmiar-l-en","19":"pa_rozmiar-l-de","20":"pa_rozmiar-m-de-2","21":"pa_rozmiar-m-en-2","22":"pa_rozmiar-m","23":"pa_rozmiar-s-en","24":"pa_rozmiar-s-de","25":"pa_rozmiar-s","26":"pa_rozmiar-xl","27":"pa_rozmiar-xl-de","28":"pa_rozmiar-xl-en","29":"pa_rozmiar-xxl-de","30":"pa_rozmiar-xxl-en","31":"pa_rozmiar-xxl","32":"pa_rozmiar-xxxl-de","33":"pa_rozmiar-xxxl","34":"pa_rozmiar-xxxl-en","36":"first","37":"instock","38":"featured","39":"taxable","40":"shipping-taxable","41":"purchasable","42":"product-type-variable"},"acf":[],"_links":{"self":[{"href":"https:\/\/pgwear.net\/pl\/wp-json\/wp\/v2\/product\/175208","targetHints":{"allow":["GET"]}}],"collection":[{"href":"https:\/\/pgwear.net\/pl\/wp-json\/wp\/v2\/product"}],"about":[{"href":"https:\/\/pgwear.net\/pl\/wp-json\/wp\/v2\/types\/product"}],"wp:featuredmedia":[{"embeddable":true,"href":"https:\/\/pgwear.net\/pl\/wp-json\/wp\/v2\/media\/196311"}],"wp:attachment":[{"href":"https:\/\/pgwear.net\/pl\/wp-json\/wp\/v2\/media?parent=175208"}],"wp:term":[{"taxonomy":"product_brand","embeddable":true,"href":"https:\/\/pgwear.net\/pl\/wp-json\/wp\/v2\/product_brand?post=175208"},{"taxonomy":"product_cat","embeddable":true,"href":"https:\/\/pgwear.net\/pl\/wp-json\/wp\/v2\/product_cat?post=175208"},{"taxonomy":"product_tag","embeddable":true,"href":"https:\/\/pgwear.net\/pl\/wp-json\/wp\/v2\/product_tag?post=175208"}],"curies":[{"name":"wp","href":"https:\/\/api.w.org\/{rel}","templated":true}]}}