{"id":175215,"date":"2024-10-17T10:26:49","date_gmt":"2024-10-17T08:26:49","guid":{"rendered":"https:\/\/pgwear.net\/p\/ss25-t-shirt-rumble-black\/"},"modified":"2026-04-21T12:21:21","modified_gmt":"2026-04-21T10:21:21","slug":"t-shirt-rumble-black","status":"publish","type":"product","link":"https:\/\/pgwear.net\/pl\/p\/t-shirt-rumble-black\/","title":{"rendered":"T-shirt Rumble&#8221; Black"},"content":{"rendered":"<p>PGWEAR kocha du\u017ce nadruki w stylu ultras! Z tego jeste\u015bmy znani i \u017cadna z kolekcji nie mo\u017ce si\u0119 oby\u0107 bez takich produkt\u00f3w! Koszulka RUMBLE jest \u015bwietnym przyk\u0142adem takiego stylu! No\u015b j\u0105 z dum\u0105 na ulicy i na stadionie!<\/p>\n","protected":false},"excerpt":{"rendered":"<p>PGWEAR kocha du\u017ce nadruki w stylu ultras! Z tego jeste\u015bmy znani i \u017cadna z kolekcji nie mo\u017ce si\u0119 oby\u0107 bez takich produkt\u00f3w! Koszulka RUMBLE jest \u015bwietnym przyk\u0142adem takiego stylu! No\u015b j\u0105 z dum\u0105 na ulicy i na stadionie!<\/p>\n","protected":false},"featured_media":196302,"template":"","meta":{"_acf_changed":false},"product_brand":[],"product_cat":[376,372],"product_tag":[3277,3417],"class_list":{"0":"post-175215","1":"product","2":"type-product","3":"status-publish","4":"has-post-thumbnail","6":"product_cat-nowosci","7":"product_cat-t-shirty","8":"product_tag-ostatnie-sztuki","9":"product_tag-wiosna-lato-2025","10":"pa_gramatura-180-gr-m2","11":"pa_kolekcja-wiosna-lato-2025","12":"pa_kolor-czarny","13":"pa_kroj-klasyczny","14":"pa_material-100-bawelna","15":"pa_nadruk-duzy-nadruk-na-plecach","16":"pa_nadruk-na-srodku-nadruk","17":"pa_rozmiar-l","18":"pa_rozmiar-l-en","19":"pa_rozmiar-l-de","20":"pa_rozmiar-m-en-2","21":"pa_rozmiar-m","22":"pa_rozmiar-m-de-2","23":"pa_rozmiar-s-en","24":"pa_rozmiar-s-de","25":"pa_rozmiar-s","26":"pa_rozmiar-xl-en","27":"pa_rozmiar-xl","28":"pa_rozmiar-xl-de","29":"pa_rozmiar-xxl-de","30":"pa_rozmiar-xxl-en","31":"pa_rozmiar-xxl","32":"pa_rozmiar-xxxl-en","33":"pa_rozmiar-xxxl-de","34":"pa_rozmiar-xxxl","36":"first","37":"instock","38":"sale","39":"featured","40":"taxable","41":"shipping-taxable","42":"purchasable","43":"product-type-variable"},"acf":[],"_links":{"self":[{"href":"https:\/\/pgwear.net\/pl\/wp-json\/wp\/v2\/product\/175215","targetHints":{"allow":["GET"]}}],"collection":[{"href":"https:\/\/pgwear.net\/pl\/wp-json\/wp\/v2\/product"}],"about":[{"href":"https:\/\/pgwear.net\/pl\/wp-json\/wp\/v2\/types\/product"}],"wp:featuredmedia":[{"embeddable":true,"href":"https:\/\/pgwear.net\/pl\/wp-json\/wp\/v2\/media\/196302"}],"wp:attachment":[{"href":"https:\/\/pgwear.net\/pl\/wp-json\/wp\/v2\/media?parent=175215"}],"wp:term":[{"taxonomy":"product_brand","embeddable":true,"href":"https:\/\/pgwear.net\/pl\/wp-json\/wp\/v2\/product_brand?post=175215"},{"taxonomy":"product_cat","embeddable":true,"href":"https:\/\/pgwear.net\/pl\/wp-json\/wp\/v2\/product_cat?post=175215"},{"taxonomy":"product_tag","embeddable":true,"href":"https:\/\/pgwear.net\/pl\/wp-json\/wp\/v2\/product_tag?post=175215"}],"curies":[{"name":"wp","href":"https:\/\/api.w.org\/{rel}","templated":true}]}}