{"id":175222,"date":"2024-10-17T10:26:50","date_gmt":"2024-10-17T08:26:50","guid":{"rendered":"https:\/\/pgwear.net\/p\/ss25-t-shirt-faxe-black\/"},"modified":"2026-03-23T07:02:58","modified_gmt":"2026-03-23T06:02:58","slug":"t-shirt-faxe-black","status":"publish","type":"product","link":"https:\/\/pgwear.net\/pl\/p\/t-shirt-faxe-black\/","title":{"rendered":"T-shirt &#8220;Faxe&#8221; Black"},"content":{"rendered":"<p>Piwo to nie tylko nap\u00f3j w kulturze pi\u0142karskiej! Kojarzy si\u0119 z wyjazdami pe\u0142nymi przyg\u00f3d, rado\u015bci\u0105 na trybunach po skrzelonym golu, nieko\u0144cz\u0105cymi si\u0119 godzinami z kumplami w lokalnym pubie\u2026 Koszulka PGWEAR ozdobiona jest etykiet\u0105 piwa i przedstawia wa\u017cny przekaz dla wszystkich ultras\u00f3w, kibic\u00f3w i chuligan\u00f3w &#8211; ACAB!<\/p>\n","protected":false},"excerpt":{"rendered":"<p>Piwo to nie tylko nap\u00f3j w kulturze pi\u0142karskiej! Kojarzy si\u0119 z wyjazdami pe\u0142nymi przyg\u00f3d, rado\u015bci\u0105 na trybunach po skrzelonym golu, nieko\u0144cz\u0105cymi si\u0119 godzinami z kumplami w lokalnym pubie\u2026<\/p>\n","protected":false},"featured_media":196289,"template":"","meta":{"_acf_changed":false},"product_brand":[],"product_cat":[376,372],"product_tag":[3417],"class_list":{"0":"post-175222","1":"product","2":"type-product","3":"status-publish","4":"has-post-thumbnail","6":"product_cat-nowosci","7":"product_cat-t-shirty","8":"product_tag-wiosna-lato-2025","9":"pa_gramatura-180-gr-m2","10":"pa_kolekcja-wiosna-lato-2025","11":"pa_kolor-czarny","12":"pa_kroj-klasyczny","13":"pa_material-100-bawelna","14":"pa_nadruk-duzy-nadruk-na-klatce-piersiowej","15":"pa_rozmiar-l","16":"pa_rozmiar-l-en","17":"pa_rozmiar-l-de","18":"pa_rozmiar-m-en-2","19":"pa_rozmiar-m","20":"pa_rozmiar-m-de-2","21":"pa_rozmiar-s-en","22":"pa_rozmiar-s-de","23":"pa_rozmiar-s","24":"pa_rozmiar-xl-de","25":"pa_rozmiar-xl-en","26":"pa_rozmiar-xl","27":"pa_rozmiar-xxl-de","28":"pa_rozmiar-xxl-en","29":"pa_rozmiar-xxl","30":"pa_rozmiar-xxxl","31":"pa_rozmiar-xxxl-en","32":"pa_rozmiar-xxxl-de","33":"feature-motyw-piwa","35":"first","36":"instock","37":"featured","38":"taxable","39":"shipping-taxable","40":"purchasable","41":"product-type-variable"},"acf":[],"_links":{"self":[{"href":"https:\/\/pgwear.net\/pl\/wp-json\/wp\/v2\/product\/175222","targetHints":{"allow":["GET"]}}],"collection":[{"href":"https:\/\/pgwear.net\/pl\/wp-json\/wp\/v2\/product"}],"about":[{"href":"https:\/\/pgwear.net\/pl\/wp-json\/wp\/v2\/types\/product"}],"wp:featuredmedia":[{"embeddable":true,"href":"https:\/\/pgwear.net\/pl\/wp-json\/wp\/v2\/media\/196289"}],"wp:attachment":[{"href":"https:\/\/pgwear.net\/pl\/wp-json\/wp\/v2\/media?parent=175222"}],"wp:term":[{"taxonomy":"product_brand","embeddable":true,"href":"https:\/\/pgwear.net\/pl\/wp-json\/wp\/v2\/product_brand?post=175222"},{"taxonomy":"product_cat","embeddable":true,"href":"https:\/\/pgwear.net\/pl\/wp-json\/wp\/v2\/product_cat?post=175222"},{"taxonomy":"product_tag","embeddable":true,"href":"https:\/\/pgwear.net\/pl\/wp-json\/wp\/v2\/product_tag?post=175222"}],"curies":[{"name":"wp","href":"https:\/\/api.w.org\/{rel}","templated":true}]}}