{"id":175229,"date":"2024-10-17T10:26:52","date_gmt":"2024-10-17T08:26:52","guid":{"rendered":"https:\/\/pgwear.net\/p\/ss25-t-shirt-bari-red-white\/"},"modified":"2026-03-17T14:31:41","modified_gmt":"2026-03-17T13:31:41","slug":"t-shirt-bari-red-white","status":"publish","type":"product","link":"https:\/\/pgwear.net\/pl\/p\/t-shirt-bari-red-white\/","title":{"rendered":"T-shirt &#8220;Bari&#8221; Red\/White"},"content":{"rendered":"<p>Minimalistyczny design dla tych, kt\u00f3rzy chc\u0105 pozosta\u0107 anonimowi na stadionie, ale tak\u017ce nosi\u0107 barwy swojego klubu. Idealne dopasowanie i jako\u015b\u0107 dla tych, kt\u00f3rzy chc\u0105 pozosta\u0107 stylowi na ulicy. Dwukolorowe paski i logo PGWEAR dla tych, kt\u00f3rzy chc\u0105 dyskretnie pokaza\u0107, \u017ce nale\u017c\u0105 do ruchu ultras. O to w\u0142a\u015bnie chodzi w T-shircie BARI!<\/p>\n","protected":false},"excerpt":{"rendered":"<p>Minimalistyczny design dla tych, kt\u00f3rzy chc\u0105 pozosta\u0107 anonimowi na stadionie, ale tak\u017ce nosi\u0107 barwy swojego klubu. Idealne dopasowanie i jako\u015b\u0107 dla tych, kt\u00f3rzy chc\u0105 pozosta\u0107 stylowi na ulicy.<\/p>\n","protected":false},"featured_media":196275,"template":"","meta":{"_acf_changed":false},"product_brand":[],"product_cat":[3496,376,372],"product_tag":[3277,3417],"class_list":{"0":"post-175229","1":"product","2":"type-product","3":"status-publish","4":"has-post-thumbnail","6":"product_cat-casual","7":"product_cat-nowosci","8":"product_cat-t-shirty","9":"product_tag-ostatnie-sztuki","10":"product_tag-wiosna-lato-2025","11":"pa_gramatura-180-gr-m2","12":"pa_kolekcja-wiosna-lato-2025","13":"pa_kolor-czarny","14":"pa_kroj-klasyczny","15":"pa_material-100-bawelna","16":"pa_rozmiar-l-en","17":"pa_rozmiar-l-de","18":"pa_rozmiar-l","19":"pa_rozmiar-m-en-2","20":"pa_rozmiar-m","21":"pa_rozmiar-m-de-2","22":"pa_rozmiar-s-de","23":"pa_rozmiar-s","24":"pa_rozmiar-s-en","25":"pa_rozmiar-xl-de","26":"pa_rozmiar-xl-en","27":"pa_rozmiar-xl","28":"pa_rozmiar-xxl-en","29":"pa_rozmiar-xxl","30":"pa_rozmiar-xxl-de","31":"pa_rozmiar-xxxl","32":"pa_rozmiar-xxxl-en","33":"pa_rozmiar-xxxl-de","35":"first","36":"outofstock","37":"featured","38":"taxable","39":"shipping-taxable","40":"product-type-variable"},"acf":[],"_links":{"self":[{"href":"https:\/\/pgwear.net\/pl\/wp-json\/wp\/v2\/product\/175229","targetHints":{"allow":["GET"]}}],"collection":[{"href":"https:\/\/pgwear.net\/pl\/wp-json\/wp\/v2\/product"}],"about":[{"href":"https:\/\/pgwear.net\/pl\/wp-json\/wp\/v2\/types\/product"}],"wp:featuredmedia":[{"embeddable":true,"href":"https:\/\/pgwear.net\/pl\/wp-json\/wp\/v2\/media\/196275"}],"wp:attachment":[{"href":"https:\/\/pgwear.net\/pl\/wp-json\/wp\/v2\/media?parent=175229"}],"wp:term":[{"taxonomy":"product_brand","embeddable":true,"href":"https:\/\/pgwear.net\/pl\/wp-json\/wp\/v2\/product_brand?post=175229"},{"taxonomy":"product_cat","embeddable":true,"href":"https:\/\/pgwear.net\/pl\/wp-json\/wp\/v2\/product_cat?post=175229"},{"taxonomy":"product_tag","embeddable":true,"href":"https:\/\/pgwear.net\/pl\/wp-json\/wp\/v2\/product_tag?post=175229"}],"curies":[{"name":"wp","href":"https:\/\/api.w.org\/{rel}","templated":true}]}}