{"id":175250,"date":"2024-10-17T10:26:57","date_gmt":"2024-10-17T08:26:57","guid":{"rendered":"https:\/\/pgwear.net\/p\/ss25-bluza-concept-brown\/"},"modified":"2026-03-17T11:17:25","modified_gmt":"2026-03-17T10:17:25","slug":"bluza-concept-brown","status":"publish","type":"product","link":"https:\/\/pgwear.net\/pl\/p\/bluza-concept-brown\/","title":{"rendered":"Bluza &#8220;Concept&#8221; Brown"},"content":{"rendered":"<p>Na ch\u0142odniejsze wieczory z wiernymi kumplami w pubie lub na d\u0142u\u017cszy mecz wyjazdowy. Ta minimalistyczna, swobodna bluza b\u0119dzie pasowa\u0107 do ka\u017cdego rodzaju stroju, bez wzgl\u0119du na to, czy w domu czy na wyje\u017adzie, na meczu czy randce, na ulicy czy na stadionie! Wybierz sw\u00f3j ulubiony kolor. Tylko w PGWEAR!<\/p>\n","protected":false},"excerpt":{"rendered":"<p>Na ch\u0142odniejsze wieczory z wiernymi kumplami w pubie lub na d\u0142u\u017cszy mecz wyjazdowy. Ta minimalistyczna, swobodna bluza b\u0119dzie pasowa\u0107 do ka\u017cdego rodzaju stroju, bez wzgl\u0119du na to, czy w domu czy na wyje\u017adzie, na meczu czy randce, na ulicy czy na stadionie!<\/p>\n","protected":false},"featured_media":196225,"template":"","meta":{"_acf_changed":false},"product_brand":[],"product_cat":[371,3491,376],"product_tag":[3277,3417],"class_list":{"0":"post-175250","1":"product","2":"type-product","3":"status-publish","4":"has-post-thumbnail","6":"product_cat-bluzy","7":"product_cat-bluzy-bez-kaptura","8":"product_cat-nowosci","9":"product_tag-ostatnie-sztuki","10":"product_tag-wiosna-lato-2025","11":"pa_gramatura-280-gr-m2","12":"pa_kolekcja-wiosna-lato-2025","13":"pa_kolor-brazowy","14":"pa_kroj-klasyczny","15":"pa_material-100-bawelna","16":"pa_rozmiar-l","17":"pa_rozmiar-l-en","18":"pa_rozmiar-l-de","19":"pa_rozmiar-m-de-2","20":"pa_rozmiar-m-en-2","21":"pa_rozmiar-m","22":"pa_rozmiar-s-en","23":"pa_rozmiar-s-de","24":"pa_rozmiar-s","25":"pa_rozmiar-xl","26":"pa_rozmiar-xl-de","27":"pa_rozmiar-xl-en","28":"pa_rozmiar-xxl-de","29":"pa_rozmiar-xxl-en","30":"pa_rozmiar-xxl","31":"pa_rozmiar-xxxl-en","32":"pa_rozmiar-xxxl-de","33":"pa_rozmiar-xxxl","35":"first","36":"instock","37":"sale","38":"taxable","39":"shipping-taxable","40":"purchasable","41":"product-type-variable"},"acf":[],"_links":{"self":[{"href":"https:\/\/pgwear.net\/pl\/wp-json\/wp\/v2\/product\/175250","targetHints":{"allow":["GET"]}}],"collection":[{"href":"https:\/\/pgwear.net\/pl\/wp-json\/wp\/v2\/product"}],"about":[{"href":"https:\/\/pgwear.net\/pl\/wp-json\/wp\/v2\/types\/product"}],"wp:featuredmedia":[{"embeddable":true,"href":"https:\/\/pgwear.net\/pl\/wp-json\/wp\/v2\/media\/196225"}],"wp:attachment":[{"href":"https:\/\/pgwear.net\/pl\/wp-json\/wp\/v2\/media?parent=175250"}],"wp:term":[{"taxonomy":"product_brand","embeddable":true,"href":"https:\/\/pgwear.net\/pl\/wp-json\/wp\/v2\/product_brand?post=175250"},{"taxonomy":"product_cat","embeddable":true,"href":"https:\/\/pgwear.net\/pl\/wp-json\/wp\/v2\/product_cat?post=175250"},{"taxonomy":"product_tag","embeddable":true,"href":"https:\/\/pgwear.net\/pl\/wp-json\/wp\/v2\/product_tag?post=175250"}],"curies":[{"name":"wp","href":"https:\/\/api.w.org\/{rel}","templated":true}]}}