{"id":175257,"date":"2024-10-17T10:26:59","date_gmt":"2024-10-17T08:26:59","guid":{"rendered":"https:\/\/pgwear.net\/p\/ss25-bluza-angry-face-black\/"},"modified":"2026-04-15T11:36:21","modified_gmt":"2026-04-15T09:36:21","slug":"bluza-angry-face-black","status":"publish","type":"product","link":"https:\/\/pgwear.net\/pl\/p\/bluza-angry-face-black\/","title":{"rendered":"Bluza &#8220;Angry Face&#8221; Black"},"content":{"rendered":"<p>PGWEAR kocha du\u017ce nadruki w stylu ultras! Z tego jeste\u015bmy znani i \u017cadna z kolekcji nie mo\u017ce si\u0119 oby\u0107 bez takich produkt\u00f3w! Bluza ANGRY FACE jest \u015bwietnym przyk\u0142adem takiego stylu! No\u015b j\u0105 z dum\u0105 na ulicy i na stadionie!<\/p>\n","protected":false},"excerpt":{"rendered":"<p>PGWEAR kocha du\u017ce nadruki w stylu ultras! Z tego jeste\u015bmy znani i \u017cadna z kolekcji nie mo\u017ce si\u0119 oby\u0107 bez takich produkt\u00f3w!<\/p>\n","protected":false},"featured_media":196199,"template":"","meta":{"_acf_changed":false},"product_brand":[],"product_cat":[371,3491,376],"product_tag":[3417],"class_list":{"0":"post-175257","1":"product","2":"type-product","3":"status-publish","4":"has-post-thumbnail","6":"product_cat-bluzy","7":"product_cat-bluzy-bez-kaptura","8":"product_cat-nowosci","9":"product_tag-wiosna-lato-2025","10":"pa_gramatura-280-gr-m2","11":"pa_kolekcja-wiosna-lato-2025","12":"pa_kolor-czarny","13":"pa_kroj-klasyczny","14":"pa_material-100-bawelna","15":"pa_nadruk-duzy-nadruk-na-plecach","16":"pa_nadruk-na-srodku-nadruk","17":"pa_rozmiar-l-en","18":"pa_rozmiar-l-de","19":"pa_rozmiar-l","20":"pa_rozmiar-m-en-2","21":"pa_rozmiar-m","22":"pa_rozmiar-m-de-2","23":"pa_rozmiar-s-en","24":"pa_rozmiar-s-de","25":"pa_rozmiar-s","26":"pa_rozmiar-xl","27":"pa_rozmiar-xl-de","28":"pa_rozmiar-xl-en","29":"pa_rozmiar-xxl-de","30":"pa_rozmiar-xxl-en","31":"pa_rozmiar-xxl","32":"pa_rozmiar-xxxl-de","33":"pa_rozmiar-xxxl","34":"pa_rozmiar-xxxl-en","36":"first","37":"instock","38":"taxable","39":"shipping-taxable","40":"purchasable","41":"product-type-variable"},"acf":[],"_links":{"self":[{"href":"https:\/\/pgwear.net\/pl\/wp-json\/wp\/v2\/product\/175257","targetHints":{"allow":["GET"]}}],"collection":[{"href":"https:\/\/pgwear.net\/pl\/wp-json\/wp\/v2\/product"}],"about":[{"href":"https:\/\/pgwear.net\/pl\/wp-json\/wp\/v2\/types\/product"}],"wp:featuredmedia":[{"embeddable":true,"href":"https:\/\/pgwear.net\/pl\/wp-json\/wp\/v2\/media\/196199"}],"wp:attachment":[{"href":"https:\/\/pgwear.net\/pl\/wp-json\/wp\/v2\/media?parent=175257"}],"wp:term":[{"taxonomy":"product_brand","embeddable":true,"href":"https:\/\/pgwear.net\/pl\/wp-json\/wp\/v2\/product_brand?post=175257"},{"taxonomy":"product_cat","embeddable":true,"href":"https:\/\/pgwear.net\/pl\/wp-json\/wp\/v2\/product_cat?post=175257"},{"taxonomy":"product_tag","embeddable":true,"href":"https:\/\/pgwear.net\/pl\/wp-json\/wp\/v2\/product_tag?post=175257"}],"curies":[{"name":"wp","href":"https:\/\/api.w.org\/{rel}","templated":true}]}}