{"id":175271,"date":"2024-10-17T10:27:02","date_gmt":"2024-10-17T08:27:02","guid":{"rendered":"https:\/\/pgwear.net\/p\/ss25-bluza-collar-red-white-blue\/"},"modified":"2026-03-23T08:01:49","modified_gmt":"2026-03-23T07:01:49","slug":"bluza-collar-red-white-blue","status":"publish","type":"product","link":"https:\/\/pgwear.net\/pl\/p\/bluza-collar-red-white-blue\/","title":{"rendered":"Bluza &#8220;Collar&#8221; Red\/White\/Blue"},"content":{"rendered":"<p>Zainspirowany kultur\u0105 casuals lat 80. PGWEAR stworzy\u0142 t\u0105 bluz\u0119. Jednocze\u015bnie sportowa i elegancka, b\u0119dzie \u015bwietnie wygl\u0105da\u0107 z ka\u017cdym letnim strojem, bez wzgl\u0119du na to, czy w domu, czy poza nim, na ulicy czy na stadionie! Znajd\u017a sw\u00f3j idealny kolor w\u015br\u00f3d trzech dost\u0119pnych.<\/p>\n","protected":false},"excerpt":{"rendered":"<p>Zainspirowany kultur\u0105 casuals lat 80. PGWEAR stworzy\u0142 t\u0105 bluz\u0119. Jednocze\u015bnie sportowa i elegancka, b\u0119dzie \u015bwietnie wygl\u0105da\u0107 z ka\u017cdym letnim strojem, bez wzgl\u0119du na to, czy w domu, czy poza nim, na ulicy czy na stadionie!<\/p>\n","protected":false},"featured_media":196167,"template":"","meta":{"_acf_changed":false},"product_brand":[],"product_cat":[371,3491,376],"product_tag":[3417],"class_list":{"0":"post-175271","1":"product","2":"type-product","3":"status-publish","4":"has-post-thumbnail","6":"product_cat-bluzy","7":"product_cat-bluzy-bez-kaptura","8":"product_cat-nowosci","9":"product_tag-wiosna-lato-2025","10":"pa_gramatura-280-gr-m2","11":"pa_kolekcja-wiosna-lato-2025","12":"pa_kolor-granatowy-bialy-czerwony","13":"pa_kroj-klasyczny","14":"pa_material-100-bawelna","15":"pa_rozmiar-l-en","16":"pa_rozmiar-l-de","17":"pa_rozmiar-l","18":"pa_rozmiar-m-en-2","19":"pa_rozmiar-m","20":"pa_rozmiar-m-de-2","21":"pa_rozmiar-s-en","22":"pa_rozmiar-s-de","23":"pa_rozmiar-s","24":"pa_rozmiar-xl","25":"pa_rozmiar-xl-de","26":"pa_rozmiar-xl-en","27":"pa_rozmiar-xxl-en","28":"pa_rozmiar-xxl","29":"pa_rozmiar-xxl-de","30":"pa_rozmiar-xxxl","31":"pa_rozmiar-xxxl-en","32":"pa_rozmiar-xxxl-de","34":"first","35":"instock","36":"taxable","37":"shipping-taxable","38":"purchasable","39":"product-type-variable"},"acf":[],"_links":{"self":[{"href":"https:\/\/pgwear.net\/pl\/wp-json\/wp\/v2\/product\/175271","targetHints":{"allow":["GET"]}}],"collection":[{"href":"https:\/\/pgwear.net\/pl\/wp-json\/wp\/v2\/product"}],"about":[{"href":"https:\/\/pgwear.net\/pl\/wp-json\/wp\/v2\/types\/product"}],"wp:featuredmedia":[{"embeddable":true,"href":"https:\/\/pgwear.net\/pl\/wp-json\/wp\/v2\/media\/196167"}],"wp:attachment":[{"href":"https:\/\/pgwear.net\/pl\/wp-json\/wp\/v2\/media?parent=175271"}],"wp:term":[{"taxonomy":"product_brand","embeddable":true,"href":"https:\/\/pgwear.net\/pl\/wp-json\/wp\/v2\/product_brand?post=175271"},{"taxonomy":"product_cat","embeddable":true,"href":"https:\/\/pgwear.net\/pl\/wp-json\/wp\/v2\/product_cat?post=175271"},{"taxonomy":"product_tag","embeddable":true,"href":"https:\/\/pgwear.net\/pl\/wp-json\/wp\/v2\/product_tag?post=175271"}],"curies":[{"name":"wp","href":"https:\/\/api.w.org\/{rel}","templated":true}]}}