{"id":175292,"date":"2024-10-17T10:27:08","date_gmt":"2024-10-17T08:27:08","guid":{"rendered":"https:\/\/pgwear.net\/p\/ss25-bluza-z-kominiarka-storm-black\/"},"modified":"2026-03-23T08:01:40","modified_gmt":"2026-03-23T07:01:40","slug":"bluza-z-kominiarka-storm-black","status":"publish","type":"product","link":"https:\/\/pgwear.net\/pl\/p\/bluza-z-kominiarka-storm-black\/","title":{"rendered":"Bluza z kominiark\u0105 &#8220;Storm&#8221; Black"},"content":{"rendered":"<p>Legendarna bluza z kapturem od PGWEAR z kominiark\u0105 wewn\u0105trz kaptura. Wykonana z najwy\u017cszej jako\u015bci materia\u0142\u00f3w z dba\u0142o\u015bci\u0105 o ka\u017cdy szczeg\u00f3\u0142! Niezale\u017cnie od tego, gdzie si\u0119 znajdujesz, w domu czy poza nim, ten produkt zapewni Ci anonimowo\u015b\u0107 przed ACAB i monitoringiem, zar\u00f3wno na ulicy jak i na stadionie! Dost\u0119pna w dw\u00f3ch wersjach kolorystycznych.<\/p>\n","protected":false},"excerpt":{"rendered":"<p>Legendarna bluza z kapturem od PGWEAR z kominiark\u0105 wewn\u0105trz kaptura. Wykonana z najwy\u017cszej jako\u015bci materia\u0142\u00f3w z dba\u0142o\u015bci\u0105 o ka\u017cdy szczeg\u00f3\u0142!<\/p>\n","protected":false},"featured_media":196083,"template":"","meta":{"_acf_changed":false},"product_brand":[],"product_cat":[371,3490,3493,376],"product_tag":[3417],"class_list":{"0":"post-175292","1":"product","2":"type-product","3":"status-publish","4":"has-post-thumbnail","6":"product_cat-bluzy","7":"product_cat-bluzy-z-kapturem","8":"product_cat-bluzy-z-kominiarka","9":"product_cat-nowosci","10":"product_tag-wiosna-lato-2025","11":"pa_gramatura-280-gr-m2","12":"pa_kolekcja-wiosna-lato-2025","13":"pa_kolor-czarny","14":"pa_kroj-klasyczny","15":"pa_material-100-bawelna","16":"pa_rozmiar-l","17":"pa_rozmiar-l-en","18":"pa_rozmiar-l-de","19":"pa_rozmiar-m-de-2","20":"pa_rozmiar-m-en-2","21":"pa_rozmiar-m","22":"pa_rozmiar-s-en","23":"pa_rozmiar-s-de","24":"pa_rozmiar-s","25":"pa_rozmiar-xl","26":"pa_rozmiar-xl-de","27":"pa_rozmiar-xl-en","28":"pa_rozmiar-xxl-de","29":"pa_rozmiar-xxl-en","30":"pa_rozmiar-xxl","31":"pa_rozmiar-xxxl-de","32":"pa_rozmiar-xxxl","33":"pa_rozmiar-xxxl-en","34":"feature-wbudowana-kominiarka","36":"first","37":"instock","38":"taxable","39":"shipping-taxable","40":"purchasable","41":"product-type-variable"},"acf":[],"_links":{"self":[{"href":"https:\/\/pgwear.net\/pl\/wp-json\/wp\/v2\/product\/175292","targetHints":{"allow":["GET"]}}],"collection":[{"href":"https:\/\/pgwear.net\/pl\/wp-json\/wp\/v2\/product"}],"about":[{"href":"https:\/\/pgwear.net\/pl\/wp-json\/wp\/v2\/types\/product"}],"wp:featuredmedia":[{"embeddable":true,"href":"https:\/\/pgwear.net\/pl\/wp-json\/wp\/v2\/media\/196083"}],"wp:attachment":[{"href":"https:\/\/pgwear.net\/pl\/wp-json\/wp\/v2\/media?parent=175292"}],"wp:term":[{"taxonomy":"product_brand","embeddable":true,"href":"https:\/\/pgwear.net\/pl\/wp-json\/wp\/v2\/product_brand?post=175292"},{"taxonomy":"product_cat","embeddable":true,"href":"https:\/\/pgwear.net\/pl\/wp-json\/wp\/v2\/product_cat?post=175292"},{"taxonomy":"product_tag","embeddable":true,"href":"https:\/\/pgwear.net\/pl\/wp-json\/wp\/v2\/product_tag?post=175292"}],"curies":[{"name":"wp","href":"https:\/\/api.w.org\/{rel}","templated":true}]}}